{"id":3047,"date":"2020-03-10T15:07:42","date_gmt":"2020-03-10T14:07:42","guid":{"rendered":"https:\/\/atrinis.com\/club\/?post_type=product&#038;p=3047"},"modified":"2026-01-31T21:57:09","modified_gmt":"2026-01-31T20:57:09","slug":"body-building","status":"publish","type":"product","link":"https:\/\/atrinis.com\/club\/produit\/body-building\/","title":{"rendered":"Body Building"},"content":{"rendered":"<div class=\"wpb-content-wrapper\"><p>[vc_row][vc_column][vc_column_text]Nous aidons nos adh\u00e9rents \u00e0 progresser sur le plan personnel et \u00e0 se d\u00e9passer physiquement, \u00e0 travers la pratique du body building, de la\u00a0<strong>self-d\u00e9fense<\/strong>\u00a0ou de la\u00a0<strong>comp\u00e9tition sportive<\/strong>.[\/vc_column_text][\/vc_column][\/vc_row][vc_row][vc_column][vc_column_text]<iframe loading=\"lazy\" style=\"border: 0;\" tabindex=\"0\" src=\"https:\/\/www.google.com\/maps\/embed?pb=!1m18!1m12!1m3!1d42001.482450674484!2d2.324926188330654!3d48.8564435701928!2m3!1f0!2f0!3f0!3m2!1i1024!2i768!4f13.1!3m3!1m2!1s0x0%3A0xbcb2a0880ca8e974!2sGymnase%20Althea%20Gibson!5e0!3m2!1sfr!2sfr!4v1585129011714!5m2!1sfr!2sfr\" width=\"800\" height=\"350\" frameborder=\"0\" allowfullscreen=\"allowfullscreen\" aria-hidden=\"false\"><\/iframe>[\/vc_column_text][\/vc_column][\/vc_row]<\/p>\n<\/div>","protected":false},"excerpt":{"rendered":"<p>Nous aidons nos \u00e9l\u00e8ves \u00e0 progresser sur le plan personnel et \u00e0 se d\u00e9passer physiquement, \u00e0 travers la pratique du <strong>Body Building<\/strong>, de la\u00a0<strong>self-d\u00e9fense<\/strong>\u00a0ou de la\u00a0<strong>comp\u00e9tition sportive<\/strong>.<br \/>\n[gymedge-vc-schedule schedule_by=\"class\" cat=\"992\" schedule_button=\"false\"]<\/p>\n","protected":false},"featured_media":3052,"comment_status":"open","ping_status":"closed","template":"","meta":[],"product_brand":[],"product_cat":[242,552],"product_tag":[244,806],"class_list":{"0":"post-3047","1":"product","2":"type-product","3":"status-publish","4":"has-post-thumbnail","6":"product_cat-fitness","7":"product_cat-sport-individuel","8":"product_tag-cardio","9":"product_tag-maitrise","10":"pa_horaires-lundi-2030","11":"pa_horaires-mardi-1900","12":"pa_horaires-vendredi-2000","14":"first","15":"instock","16":"sold-individually","17":"shipping-taxable","18":"purchasable","19":"product-type-variable"},"yoast_head":"<!-- This site is optimized with the Yoast SEO Premium plugin v18.3 (Yoast SEO v27.0) - https:\/\/yoast.com\/product\/yoast-seo-premium-wordpress\/ -->\n<title>Body Building | SPORT&#039;ASSOC<\/title>\n<meta name=\"description\" content=\"Le sport est un gage de bonne sant\u00e9. En effet, celui-ci vous permet de diminuer votre stress et pr\u00e9venir les maladies cardiaques.\" \/>\n<meta name=\"robots\" content=\"index, follow, max-snippet:-1, max-image-preview:large, max-video-preview:-1\" \/>\n<link rel=\"canonical\" href=\"https:\/\/atrinis.com\/club\/produit\/body-building\/\" \/>\n<meta property=\"og:locale\" content=\"fr_FR\" \/>\n<meta property=\"og:type\" content=\"article\" \/>\n<meta property=\"og:title\" content=\"Body Building\" \/>\n<meta property=\"og:description\" content=\"Le sport est un gage de bonne sant\u00e9. En effet, celui-ci vous permet de diminuer votre stress et pr\u00e9venir les maladies cardiaques.\" \/>\n<meta property=\"og:url\" content=\"https:\/\/atrinis.com\/club\/produit\/body-building\/\" \/>\n<meta property=\"og:site_name\" content=\"SPORT&#039;ASSOC\" \/>\n<meta property=\"article:modified_time\" content=\"2026-01-31T20:57:09+00:00\" \/>\n<meta property=\"og:image\" content=\"https:\/\/atrinis.com\/club\/medias\/2020\/03\/SPORTASSOC-Body-Femme-Homme-Clubs-sportifs-Association-de-Sport-ATRINIS-SaaS-E-commerce.jpg\" \/>\n\t<meta property=\"og:image:width\" content=\"1000\" \/>\n\t<meta property=\"og:image:height\" content=\"665\" \/>\n\t<meta property=\"og:image:type\" content=\"image\/jpeg\" \/>\n<meta name=\"twitter:card\" content=\"summary_large_image\" \/>\n<meta name=\"twitter:label1\" content=\"Dur\u00e9e de lecture estim\u00e9e\" \/>\n\t<meta name=\"twitter:data1\" content=\"1 minute\" \/>\n<script type=\"application\/ld+json\" class=\"yoast-schema-graph\">{\"@context\":\"https:\/\/schema.org\",\"@graph\":[{\"@type\":\"WebPage\",\"@id\":\"https:\/\/atrinis.com\/club\/produit\/body-building\/\",\"url\":\"https:\/\/atrinis.com\/club\/produit\/body-building\/\",\"name\":\"Body Building | SPORT&#039;ASSOC\",\"isPartOf\":{\"@id\":\"https:\/\/atrinis.com\/club\/#website\"},\"primaryImageOfPage\":{\"@id\":\"https:\/\/atrinis.com\/club\/produit\/body-building\/#primaryimage\"},\"image\":{\"@id\":\"https:\/\/atrinis.com\/club\/produit\/body-building\/#primaryimage\"},\"thumbnailUrl\":\"https:\/\/atrinis.com\/club\/medias\/2020\/03\/SPORTASSOC-Body-Femme-Homme-Clubs-sportifs-Association-de-Sport-ATRINIS-SaaS-E-commerce.jpg\",\"datePublished\":\"2020-03-10T14:07:42+00:00\",\"dateModified\":\"2026-01-31T20:57:09+00:00\",\"description\":\"Le sport est un gage de bonne sant\u00e9. En effet, celui-ci vous permet de diminuer votre stress et pr\u00e9venir les maladies cardiaques.\",\"breadcrumb\":{\"@id\":\"https:\/\/atrinis.com\/club\/produit\/body-building\/#breadcrumb\"},\"inLanguage\":\"fr-FR\",\"potentialAction\":[{\"@type\":\"ReadAction\",\"target\":[\"https:\/\/atrinis.com\/club\/produit\/body-building\/\"]}]},{\"@type\":\"ImageObject\",\"inLanguage\":\"fr-FR\",\"@id\":\"https:\/\/atrinis.com\/club\/produit\/body-building\/#primaryimage\",\"url\":\"https:\/\/atrinis.com\/club\/medias\/2020\/03\/SPORTASSOC-Body-Femme-Homme-Clubs-sportifs-Association-de-Sport-ATRINIS-SaaS-E-commerce.jpg\",\"contentUrl\":\"https:\/\/atrinis.com\/club\/medias\/2020\/03\/SPORTASSOC-Body-Femme-Homme-Clubs-sportifs-Association-de-Sport-ATRINIS-SaaS-E-commerce.jpg\",\"width\":1000,\"height\":665},{\"@type\":\"BreadcrumbList\",\"@id\":\"https:\/\/atrinis.com\/club\/produit\/body-building\/#breadcrumb\",\"itemListElement\":[{\"@type\":\"ListItem\",\"position\":1,\"name\":\"Home\",\"item\":\"https:\/\/atrinis.com\/club\/\"},{\"@type\":\"ListItem\",\"position\":2,\"name\":\"Notre catalogue\",\"item\":\"https:\/\/atrinis.com\/club\/notre-catalogue\/\"},{\"@type\":\"ListItem\",\"position\":3,\"name\":\"Body Building\"}]},{\"@type\":\"WebSite\",\"@id\":\"https:\/\/atrinis.com\/club\/#website\",\"url\":\"https:\/\/atrinis.com\/club\/\",\"name\":\"SPORT'ASSOC\",\"description\":\"Progiciel pour Clubs de Sport &amp; Associations Sportives - DEMO\",\"publisher\":{\"@id\":\"https:\/\/atrinis.com\/club\/#organization\"},\"potentialAction\":[{\"@type\":\"SearchAction\",\"target\":{\"@type\":\"EntryPoint\",\"urlTemplate\":\"https:\/\/atrinis.com\/club\/?s={search_term_string}\"},\"query-input\":{\"@type\":\"PropertyValueSpecification\",\"valueRequired\":true,\"valueName\":\"search_term_string\"}}],\"inLanguage\":\"fr-FR\"},{\"@type\":\"Organization\",\"@id\":\"https:\/\/atrinis.com\/club\/#organization\",\"name\":\"SPORT'ASSOC\",\"url\":\"https:\/\/atrinis.com\/club\/\",\"logo\":{\"@type\":\"ImageObject\",\"inLanguage\":\"fr-FR\",\"@id\":\"https:\/\/atrinis.com\/club\/#\/schema\/logo\/image\/\",\"url\":\"https:\/\/atrinis.com\/club\/medias\/2020\/03\/SPORTASSOC-Logo-Club-de-Sport-ATRINIS-SaaS-E-commerce.png\",\"contentUrl\":\"https:\/\/atrinis.com\/club\/medias\/2020\/03\/SPORTASSOC-Logo-Club-de-Sport-ATRINIS-SaaS-E-commerce.png\",\"width\":1183,\"height\":306,\"caption\":\"SPORT'ASSOC\"},\"image\":{\"@id\":\"https:\/\/atrinis.com\/club\/#\/schema\/logo\/image\/\"}}]}<\/script>\n<!-- \/ Yoast SEO Premium plugin. -->","yoast_head_json":{"title":"Body Building | SPORT&#039;ASSOC","description":"Le sport est un gage de bonne sant\u00e9. En effet, celui-ci vous permet de diminuer votre stress et pr\u00e9venir les maladies cardiaques.","robots":{"index":"index","follow":"follow","max-snippet":"max-snippet:-1","max-image-preview":"max-image-preview:large","max-video-preview":"max-video-preview:-1"},"canonical":"https:\/\/atrinis.com\/club\/produit\/body-building\/","og_locale":"fr_FR","og_type":"article","og_title":"Body Building","og_description":"Le sport est un gage de bonne sant\u00e9. En effet, celui-ci vous permet de diminuer votre stress et pr\u00e9venir les maladies cardiaques.","og_url":"https:\/\/atrinis.com\/club\/produit\/body-building\/","og_site_name":"SPORT&#039;ASSOC","article_modified_time":"2026-01-31T20:57:09+00:00","og_image":[{"width":1000,"height":665,"url":"https:\/\/atrinis.com\/club\/medias\/2020\/03\/SPORTASSOC-Body-Femme-Homme-Clubs-sportifs-Association-de-Sport-ATRINIS-SaaS-E-commerce.jpg","type":"image\/jpeg"}],"twitter_card":"summary_large_image","twitter_misc":{"Dur\u00e9e de lecture estim\u00e9e":"1 minute"},"schema":{"@context":"https:\/\/schema.org","@graph":[{"@type":"WebPage","@id":"https:\/\/atrinis.com\/club\/produit\/body-building\/","url":"https:\/\/atrinis.com\/club\/produit\/body-building\/","name":"Body Building | SPORT&#039;ASSOC","isPartOf":{"@id":"https:\/\/atrinis.com\/club\/#website"},"primaryImageOfPage":{"@id":"https:\/\/atrinis.com\/club\/produit\/body-building\/#primaryimage"},"image":{"@id":"https:\/\/atrinis.com\/club\/produit\/body-building\/#primaryimage"},"thumbnailUrl":"https:\/\/atrinis.com\/club\/medias\/2020\/03\/SPORTASSOC-Body-Femme-Homme-Clubs-sportifs-Association-de-Sport-ATRINIS-SaaS-E-commerce.jpg","datePublished":"2020-03-10T14:07:42+00:00","dateModified":"2026-01-31T20:57:09+00:00","description":"Le sport est un gage de bonne sant\u00e9. En effet, celui-ci vous permet de diminuer votre stress et pr\u00e9venir les maladies cardiaques.","breadcrumb":{"@id":"https:\/\/atrinis.com\/club\/produit\/body-building\/#breadcrumb"},"inLanguage":"fr-FR","potentialAction":[{"@type":"ReadAction","target":["https:\/\/atrinis.com\/club\/produit\/body-building\/"]}]},{"@type":"ImageObject","inLanguage":"fr-FR","@id":"https:\/\/atrinis.com\/club\/produit\/body-building\/#primaryimage","url":"https:\/\/atrinis.com\/club\/medias\/2020\/03\/SPORTASSOC-Body-Femme-Homme-Clubs-sportifs-Association-de-Sport-ATRINIS-SaaS-E-commerce.jpg","contentUrl":"https:\/\/atrinis.com\/club\/medias\/2020\/03\/SPORTASSOC-Body-Femme-Homme-Clubs-sportifs-Association-de-Sport-ATRINIS-SaaS-E-commerce.jpg","width":1000,"height":665},{"@type":"BreadcrumbList","@id":"https:\/\/atrinis.com\/club\/produit\/body-building\/#breadcrumb","itemListElement":[{"@type":"ListItem","position":1,"name":"Home","item":"https:\/\/atrinis.com\/club\/"},{"@type":"ListItem","position":2,"name":"Notre catalogue","item":"https:\/\/atrinis.com\/club\/notre-catalogue\/"},{"@type":"ListItem","position":3,"name":"Body Building"}]},{"@type":"WebSite","@id":"https:\/\/atrinis.com\/club\/#website","url":"https:\/\/atrinis.com\/club\/","name":"SPORT'ASSOC","description":"Progiciel pour Clubs de Sport &amp; Associations Sportives - DEMO","publisher":{"@id":"https:\/\/atrinis.com\/club\/#organization"},"potentialAction":[{"@type":"SearchAction","target":{"@type":"EntryPoint","urlTemplate":"https:\/\/atrinis.com\/club\/?s={search_term_string}"},"query-input":{"@type":"PropertyValueSpecification","valueRequired":true,"valueName":"search_term_string"}}],"inLanguage":"fr-FR"},{"@type":"Organization","@id":"https:\/\/atrinis.com\/club\/#organization","name":"SPORT'ASSOC","url":"https:\/\/atrinis.com\/club\/","logo":{"@type":"ImageObject","inLanguage":"fr-FR","@id":"https:\/\/atrinis.com\/club\/#\/schema\/logo\/image\/","url":"https:\/\/atrinis.com\/club\/medias\/2020\/03\/SPORTASSOC-Logo-Club-de-Sport-ATRINIS-SaaS-E-commerce.png","contentUrl":"https:\/\/atrinis.com\/club\/medias\/2020\/03\/SPORTASSOC-Logo-Club-de-Sport-ATRINIS-SaaS-E-commerce.png","width":1183,"height":306,"caption":"SPORT'ASSOC"},"image":{"@id":"https:\/\/atrinis.com\/club\/#\/schema\/logo\/image\/"}}]}},"_links":{"self":[{"href":"https:\/\/atrinis.com\/club\/wp-json\/wp\/v2\/product\/3047","targetHints":{"allow":["GET"]}}],"collection":[{"href":"https:\/\/atrinis.com\/club\/wp-json\/wp\/v2\/product"}],"about":[{"href":"https:\/\/atrinis.com\/club\/wp-json\/wp\/v2\/types\/product"}],"replies":[{"embeddable":true,"href":"https:\/\/atrinis.com\/club\/wp-json\/wp\/v2\/comments?post=3047"}],"wp:featuredmedia":[{"embeddable":true,"href":"https:\/\/atrinis.com\/club\/wp-json\/wp\/v2\/media\/3052"}],"wp:attachment":[{"href":"https:\/\/atrinis.com\/club\/wp-json\/wp\/v2\/media?parent=3047"}],"wp:term":[{"taxonomy":"product_brand","embeddable":true,"href":"https:\/\/atrinis.com\/club\/wp-json\/wp\/v2\/product_brand?post=3047"},{"taxonomy":"product_cat","embeddable":true,"href":"https:\/\/atrinis.com\/club\/wp-json\/wp\/v2\/product_cat?post=3047"},{"taxonomy":"product_tag","embeddable":true,"href":"https:\/\/atrinis.com\/club\/wp-json\/wp\/v2\/product_tag?post=3047"}],"curies":[{"name":"wp","href":"https:\/\/api.w.org\/{rel}","templated":true}]}}