{"id":3035,"date":"2020-03-10T10:47:12","date_gmt":"2020-03-10T09:47:12","guid":{"rendered":"https:\/\/atrinis.com\/club\/?post_type=product&#038;p=3035"},"modified":"2026-01-31T21:56:36","modified_gmt":"2026-01-31T20:56:36","slug":"gym-en-piscine","status":"publish","type":"product","link":"https:\/\/atrinis.com\/club\/produit\/gym-en-piscine\/","title":{"rendered":"Gym en Piscine"},"content":{"rendered":"<div class=\"wpb-content-wrapper\"><p>[vc_row][vc_column][vc_column_text]Pour d\u00e9couvrir la gymnastique en piscine et progresser dans les meilleures conditions, suivez les conseils de nos animateurs! Pour la r\u00e9alisation de vos activit\u00e9s de musculation, d&#8217;endurance et corriger vos d\u00e9fauts, vous serez toujours accompagner pour mieux progresser ![\/vc_column_text][\/vc_column][\/vc_row][vc_row][vc_column][vc_column_text]<span style=\"font-size: 24pt; color: #ff0000;\"><strong>ATTENTION + de 50ans<\/strong><\/span>[\/vc_column_text][\/vc_column][\/vc_row]<\/p>\n<\/div>","protected":false},"excerpt":{"rendered":"<p>Pour d\u00e9couvrir la gymnastique en piscine et progresser dans les meilleures conditions, suivez les conseils de nos animateurs! Pour la r\u00e9alisation de vos activit\u00e9s de musculation, d&#8217;endurance et corriger vos d\u00e9fauts, vous serez toujours accompagner pour mieux progresser !<br \/>\n[gymedge-vc-schedule cat=\"914\" schedule_button=\"false\"]<\/p>\n","protected":false},"featured_media":3039,"comment_status":"open","ping_status":"closed","template":"","meta":[],"product_brand":[],"product_cat":[552],"product_tag":[244,856],"class_list":{"0":"post-3035","1":"product","2":"type-product","3":"status-publish","4":"has-post-thumbnail","6":"product_cat-sport-individuel","7":"product_tag-cardio","8":"product_tag-endurance","9":"pa_horaires-jeudi-1630","10":"pa_horaires-mercredi-830","11":"pa_horaires-vendredi-1200","13":"first","14":"instock","15":"sold-individually","16":"shipping-taxable","17":"purchasable","18":"product-type-variable"},"yoast_head":"<!-- This site is optimized with the Yoast SEO Premium plugin v18.3 (Yoast SEO v27.0) - https:\/\/yoast.com\/product\/yoast-seo-premium-wordpress\/ -->\n<title>Gym en Piscine | SPORT&#039;ASSOC<\/title>\n<meta name=\"description\" content=\"D\u00e9crivez votre discipline sportive avec sa programmation avec SPORT&#039;ASSOC en quelques minutes sans connaissances informatiques.\" \/>\n<meta name=\"robots\" content=\"index, follow, max-snippet:-1, max-image-preview:large, max-video-preview:-1\" \/>\n<link rel=\"canonical\" href=\"https:\/\/atrinis.com\/club\/produit\/gym-en-piscine\/\" \/>\n<meta property=\"og:locale\" content=\"fr_FR\" \/>\n<meta property=\"og:type\" content=\"article\" \/>\n<meta property=\"og:title\" content=\"Gym en Piscine\" \/>\n<meta property=\"og:description\" content=\"D\u00e9crivez votre discipline sportive avec sa programmation avec SPORT&#039;ASSOC en quelques minutes sans connaissances informatiques.\" \/>\n<meta property=\"og:url\" content=\"https:\/\/atrinis.com\/club\/produit\/gym-en-piscine\/\" \/>\n<meta property=\"og:site_name\" content=\"SPORT&#039;ASSOC\" \/>\n<meta property=\"article:modified_time\" content=\"2026-01-31T20:56:36+00:00\" \/>\n<meta property=\"og:image\" content=\"https:\/\/atrinis.com\/club\/medias\/2020\/03\/SPORTASSOC-Aquatique-Piscine-Homme-activit\u00e9-sportives-Association-de-Sport-ATRINIS-SaaS-E-commerce.jpg\" \/>\n\t<meta property=\"og:image:width\" content=\"1000\" \/>\n\t<meta property=\"og:image:height\" content=\"664\" \/>\n\t<meta property=\"og:image:type\" content=\"image\/jpeg\" \/>\n<meta name=\"twitter:card\" content=\"summary_large_image\" \/>\n<script type=\"application\/ld+json\" class=\"yoast-schema-graph\">{\"@context\":\"https:\/\/schema.org\",\"@graph\":[{\"@type\":\"WebPage\",\"@id\":\"https:\/\/atrinis.com\/club\/produit\/gym-en-piscine\/\",\"url\":\"https:\/\/atrinis.com\/club\/produit\/gym-en-piscine\/\",\"name\":\"Gym en Piscine | SPORT&#039;ASSOC\",\"isPartOf\":{\"@id\":\"https:\/\/atrinis.com\/club\/#website\"},\"primaryImageOfPage\":{\"@id\":\"https:\/\/atrinis.com\/club\/produit\/gym-en-piscine\/#primaryimage\"},\"image\":{\"@id\":\"https:\/\/atrinis.com\/club\/produit\/gym-en-piscine\/#primaryimage\"},\"thumbnailUrl\":\"https:\/\/atrinis.com\/club\/medias\/2020\/03\/SPORTASSOC-Aquatique-Piscine-Homme-activit\u00e9-sportives-Association-de-Sport-ATRINIS-SaaS-E-commerce.jpg\",\"datePublished\":\"2020-03-10T09:47:12+00:00\",\"dateModified\":\"2026-01-31T20:56:36+00:00\",\"description\":\"D\u00e9crivez votre discipline sportive avec sa programmation avec SPORT'ASSOC en quelques minutes sans connaissances informatiques.\",\"breadcrumb\":{\"@id\":\"https:\/\/atrinis.com\/club\/produit\/gym-en-piscine\/#breadcrumb\"},\"inLanguage\":\"fr-FR\",\"potentialAction\":[{\"@type\":\"ReadAction\",\"target\":[\"https:\/\/atrinis.com\/club\/produit\/gym-en-piscine\/\"]}]},{\"@type\":\"ImageObject\",\"inLanguage\":\"fr-FR\",\"@id\":\"https:\/\/atrinis.com\/club\/produit\/gym-en-piscine\/#primaryimage\",\"url\":\"https:\/\/atrinis.com\/club\/medias\/2020\/03\/SPORTASSOC-Aquatique-Piscine-Homme-activit\u00e9-sportives-Association-de-Sport-ATRINIS-SaaS-E-commerce.jpg\",\"contentUrl\":\"https:\/\/atrinis.com\/club\/medias\/2020\/03\/SPORTASSOC-Aquatique-Piscine-Homme-activit\u00e9-sportives-Association-de-Sport-ATRINIS-SaaS-E-commerce.jpg\",\"width\":1000,\"height\":664},{\"@type\":\"BreadcrumbList\",\"@id\":\"https:\/\/atrinis.com\/club\/produit\/gym-en-piscine\/#breadcrumb\",\"itemListElement\":[{\"@type\":\"ListItem\",\"position\":1,\"name\":\"Home\",\"item\":\"https:\/\/atrinis.com\/club\/\"},{\"@type\":\"ListItem\",\"position\":2,\"name\":\"Notre catalogue\",\"item\":\"https:\/\/atrinis.com\/club\/notre-catalogue\/\"},{\"@type\":\"ListItem\",\"position\":3,\"name\":\"Gym en Piscine\"}]},{\"@type\":\"WebSite\",\"@id\":\"https:\/\/atrinis.com\/club\/#website\",\"url\":\"https:\/\/atrinis.com\/club\/\",\"name\":\"SPORT'ASSOC\",\"description\":\"Progiciel pour Clubs de Sport &amp; Associations Sportives - DEMO\",\"publisher\":{\"@id\":\"https:\/\/atrinis.com\/club\/#organization\"},\"potentialAction\":[{\"@type\":\"SearchAction\",\"target\":{\"@type\":\"EntryPoint\",\"urlTemplate\":\"https:\/\/atrinis.com\/club\/?s={search_term_string}\"},\"query-input\":{\"@type\":\"PropertyValueSpecification\",\"valueRequired\":true,\"valueName\":\"search_term_string\"}}],\"inLanguage\":\"fr-FR\"},{\"@type\":\"Organization\",\"@id\":\"https:\/\/atrinis.com\/club\/#organization\",\"name\":\"SPORT'ASSOC\",\"url\":\"https:\/\/atrinis.com\/club\/\",\"logo\":{\"@type\":\"ImageObject\",\"inLanguage\":\"fr-FR\",\"@id\":\"https:\/\/atrinis.com\/club\/#\/schema\/logo\/image\/\",\"url\":\"https:\/\/atrinis.com\/club\/medias\/2020\/03\/SPORTASSOC-Logo-Club-de-Sport-ATRINIS-SaaS-E-commerce.png\",\"contentUrl\":\"https:\/\/atrinis.com\/club\/medias\/2020\/03\/SPORTASSOC-Logo-Club-de-Sport-ATRINIS-SaaS-E-commerce.png\",\"width\":1183,\"height\":306,\"caption\":\"SPORT'ASSOC\"},\"image\":{\"@id\":\"https:\/\/atrinis.com\/club\/#\/schema\/logo\/image\/\"}}]}<\/script>\n<!-- \/ Yoast SEO Premium plugin. -->","yoast_head_json":{"title":"Gym en Piscine | SPORT&#039;ASSOC","description":"D\u00e9crivez votre discipline sportive avec sa programmation avec SPORT'ASSOC en quelques minutes sans connaissances informatiques.","robots":{"index":"index","follow":"follow","max-snippet":"max-snippet:-1","max-image-preview":"max-image-preview:large","max-video-preview":"max-video-preview:-1"},"canonical":"https:\/\/atrinis.com\/club\/produit\/gym-en-piscine\/","og_locale":"fr_FR","og_type":"article","og_title":"Gym en Piscine","og_description":"D\u00e9crivez votre discipline sportive avec sa programmation avec SPORT'ASSOC en quelques minutes sans connaissances informatiques.","og_url":"https:\/\/atrinis.com\/club\/produit\/gym-en-piscine\/","og_site_name":"SPORT&#039;ASSOC","article_modified_time":"2026-01-31T20:56:36+00:00","og_image":[{"width":1000,"height":664,"url":"https:\/\/atrinis.com\/club\/medias\/2020\/03\/SPORTASSOC-Aquatique-Piscine-Homme-activit\u00e9-sportives-Association-de-Sport-ATRINIS-SaaS-E-commerce.jpg","type":"image\/jpeg"}],"twitter_card":"summary_large_image","schema":{"@context":"https:\/\/schema.org","@graph":[{"@type":"WebPage","@id":"https:\/\/atrinis.com\/club\/produit\/gym-en-piscine\/","url":"https:\/\/atrinis.com\/club\/produit\/gym-en-piscine\/","name":"Gym en Piscine | SPORT&#039;ASSOC","isPartOf":{"@id":"https:\/\/atrinis.com\/club\/#website"},"primaryImageOfPage":{"@id":"https:\/\/atrinis.com\/club\/produit\/gym-en-piscine\/#primaryimage"},"image":{"@id":"https:\/\/atrinis.com\/club\/produit\/gym-en-piscine\/#primaryimage"},"thumbnailUrl":"https:\/\/atrinis.com\/club\/medias\/2020\/03\/SPORTASSOC-Aquatique-Piscine-Homme-activit\u00e9-sportives-Association-de-Sport-ATRINIS-SaaS-E-commerce.jpg","datePublished":"2020-03-10T09:47:12+00:00","dateModified":"2026-01-31T20:56:36+00:00","description":"D\u00e9crivez votre discipline sportive avec sa programmation avec SPORT'ASSOC en quelques minutes sans connaissances informatiques.","breadcrumb":{"@id":"https:\/\/atrinis.com\/club\/produit\/gym-en-piscine\/#breadcrumb"},"inLanguage":"fr-FR","potentialAction":[{"@type":"ReadAction","target":["https:\/\/atrinis.com\/club\/produit\/gym-en-piscine\/"]}]},{"@type":"ImageObject","inLanguage":"fr-FR","@id":"https:\/\/atrinis.com\/club\/produit\/gym-en-piscine\/#primaryimage","url":"https:\/\/atrinis.com\/club\/medias\/2020\/03\/SPORTASSOC-Aquatique-Piscine-Homme-activit\u00e9-sportives-Association-de-Sport-ATRINIS-SaaS-E-commerce.jpg","contentUrl":"https:\/\/atrinis.com\/club\/medias\/2020\/03\/SPORTASSOC-Aquatique-Piscine-Homme-activit\u00e9-sportives-Association-de-Sport-ATRINIS-SaaS-E-commerce.jpg","width":1000,"height":664},{"@type":"BreadcrumbList","@id":"https:\/\/atrinis.com\/club\/produit\/gym-en-piscine\/#breadcrumb","itemListElement":[{"@type":"ListItem","position":1,"name":"Home","item":"https:\/\/atrinis.com\/club\/"},{"@type":"ListItem","position":2,"name":"Notre catalogue","item":"https:\/\/atrinis.com\/club\/notre-catalogue\/"},{"@type":"ListItem","position":3,"name":"Gym en Piscine"}]},{"@type":"WebSite","@id":"https:\/\/atrinis.com\/club\/#website","url":"https:\/\/atrinis.com\/club\/","name":"SPORT'ASSOC","description":"Progiciel pour Clubs de Sport &amp; Associations Sportives - DEMO","publisher":{"@id":"https:\/\/atrinis.com\/club\/#organization"},"potentialAction":[{"@type":"SearchAction","target":{"@type":"EntryPoint","urlTemplate":"https:\/\/atrinis.com\/club\/?s={search_term_string}"},"query-input":{"@type":"PropertyValueSpecification","valueRequired":true,"valueName":"search_term_string"}}],"inLanguage":"fr-FR"},{"@type":"Organization","@id":"https:\/\/atrinis.com\/club\/#organization","name":"SPORT'ASSOC","url":"https:\/\/atrinis.com\/club\/","logo":{"@type":"ImageObject","inLanguage":"fr-FR","@id":"https:\/\/atrinis.com\/club\/#\/schema\/logo\/image\/","url":"https:\/\/atrinis.com\/club\/medias\/2020\/03\/SPORTASSOC-Logo-Club-de-Sport-ATRINIS-SaaS-E-commerce.png","contentUrl":"https:\/\/atrinis.com\/club\/medias\/2020\/03\/SPORTASSOC-Logo-Club-de-Sport-ATRINIS-SaaS-E-commerce.png","width":1183,"height":306,"caption":"SPORT'ASSOC"},"image":{"@id":"https:\/\/atrinis.com\/club\/#\/schema\/logo\/image\/"}}]}},"_links":{"self":[{"href":"https:\/\/atrinis.com\/club\/wp-json\/wp\/v2\/product\/3035","targetHints":{"allow":["GET"]}}],"collection":[{"href":"https:\/\/atrinis.com\/club\/wp-json\/wp\/v2\/product"}],"about":[{"href":"https:\/\/atrinis.com\/club\/wp-json\/wp\/v2\/types\/product"}],"replies":[{"embeddable":true,"href":"https:\/\/atrinis.com\/club\/wp-json\/wp\/v2\/comments?post=3035"}],"wp:featuredmedia":[{"embeddable":true,"href":"https:\/\/atrinis.com\/club\/wp-json\/wp\/v2\/media\/3039"}],"wp:attachment":[{"href":"https:\/\/atrinis.com\/club\/wp-json\/wp\/v2\/media?parent=3035"}],"wp:term":[{"taxonomy":"product_brand","embeddable":true,"href":"https:\/\/atrinis.com\/club\/wp-json\/wp\/v2\/product_brand?post=3035"},{"taxonomy":"product_cat","embeddable":true,"href":"https:\/\/atrinis.com\/club\/wp-json\/wp\/v2\/product_cat?post=3035"},{"taxonomy":"product_tag","embeddable":true,"href":"https:\/\/atrinis.com\/club\/wp-json\/wp\/v2\/product_tag?post=3035"}],"curies":[{"name":"wp","href":"https:\/\/api.w.org\/{rel}","templated":true}]}}