{"id":3034,"date":"2020-03-10T14:13:18","date_gmt":"2020-03-10T13:13:18","guid":{"rendered":"https:\/\/atrinis.com\/club\/?post_type=product&#038;p=3034"},"modified":"2026-01-31T21:58:05","modified_gmt":"2026-01-31T20:58:05","slug":"karate","status":"publish","type":"product","link":"https:\/\/atrinis.com\/club\/produit\/karate\/","title":{"rendered":"Karat\u00e9"},"content":{"rendered":"<div class=\"wpb-content-wrapper\"><p>[vc_row][vc_column][vc_column_text]Nous aidons nos adh\u00e9rents\u00a0\u00e0 progresser sur le plan personnel et \u00e0 se d\u00e9passer physiquement, \u00e0 travers la pratique du\u00a0<strong>karat\u00e9<\/strong>, de la\u00a0<strong>self-d\u00e9fense<\/strong>\u00a0ou de la\u00a0<strong>comp\u00e9tition sportive<\/strong>.[\/vc_column_text][\/vc_column][\/vc_row]<\/p>\n<\/div>","protected":false},"excerpt":{"rendered":"<p>Nous aidons nos \u00e9l\u00e8ves \u00e0 progresser sur le plan personnel et \u00e0 se d\u00e9passer physiquement, \u00e0 travers la pratique du\u00a0<strong>karat\u00e9<\/strong>, de la\u00a0<strong>self-d\u00e9fense<\/strong>\u00a0ou de la\u00a0<strong>comp\u00e9tition sportive<\/strong>.<\/p>\n","protected":false},"featured_media":2985,"comment_status":"open","ping_status":"closed","template":"","meta":[],"product_brand":[],"product_cat":[552],"product_tag":[244,806],"class_list":{"0":"post-3034","1":"product","2":"type-product","3":"status-publish","4":"has-post-thumbnail","6":"product_cat-sport-individuel","7":"product_tag-cardio","8":"product_tag-maitrise","9":"pa_horaires-lundi-1545","10":"pa_horaires-mardi-1900","11":"pa_horaires-mercredi-1415","13":"first","14":"instock","15":"shipping-taxable","16":"purchasable","17":"product-type-variable"},"yoast_head":"<!-- This site is optimized with the Yoast SEO Premium plugin v18.3 (Yoast SEO v27.0) - https:\/\/yoast.com\/product\/yoast-seo-premium-wordpress\/ -->\n<title>Karat\u00e9 | SPORT&#039;ASSOC<\/title>\n<meta name=\"robots\" content=\"index, follow, max-snippet:-1, max-image-preview:large, max-video-preview:-1\" \/>\n<link rel=\"canonical\" href=\"https:\/\/atrinis.com\/club\/produit\/karate\/\" \/>\n<meta property=\"og:locale\" content=\"fr_FR\" \/>\n<meta property=\"og:type\" content=\"article\" \/>\n<meta property=\"og:title\" content=\"Karat\u00e9\" \/>\n<meta property=\"og:description\" content=\"Nous aidons nos \u00e9l\u00e8ves \u00e0 progresser sur le plan personnel et \u00e0 se d\u00e9passer physiquement, \u00e0 travers la pratique du\u00a0karat\u00e9, de la\u00a0self-d\u00e9fense\u00a0ou de la\u00a0comp\u00e9tition sportive.\" \/>\n<meta property=\"og:url\" content=\"https:\/\/atrinis.com\/club\/produit\/karate\/\" \/>\n<meta property=\"og:site_name\" content=\"SPORT&#039;ASSOC\" \/>\n<meta property=\"article:modified_time\" content=\"2026-01-31T20:58:05+00:00\" \/>\n<meta property=\"og:image\" content=\"https:\/\/atrinis.com\/club\/medias\/2017\/06\/SPORTASSOC-Karate-Groupe-Club-Association-de-Sport-ATRINIS-SaaS-E-commerce.jpg\" \/>\n\t<meta property=\"og:image:width\" content=\"1000\" \/>\n\t<meta property=\"og:image:height\" content=\"664\" \/>\n\t<meta property=\"og:image:type\" content=\"image\/jpeg\" \/>\n<meta name=\"twitter:card\" content=\"summary_large_image\" \/>\n<script type=\"application\/ld+json\" class=\"yoast-schema-graph\">{\"@context\":\"https:\/\/schema.org\",\"@graph\":[{\"@type\":\"WebPage\",\"@id\":\"https:\/\/atrinis.com\/club\/produit\/karate\/\",\"url\":\"https:\/\/atrinis.com\/club\/produit\/karate\/\",\"name\":\"Karat\u00e9 | SPORT&#039;ASSOC\",\"isPartOf\":{\"@id\":\"https:\/\/atrinis.com\/club\/#website\"},\"primaryImageOfPage\":{\"@id\":\"https:\/\/atrinis.com\/club\/produit\/karate\/#primaryimage\"},\"image\":{\"@id\":\"https:\/\/atrinis.com\/club\/produit\/karate\/#primaryimage\"},\"thumbnailUrl\":\"https:\/\/atrinis.com\/club\/medias\/2017\/06\/SPORTASSOC-Karate-Groupe-Club-Association-de-Sport-ATRINIS-SaaS-E-commerce.jpg\",\"datePublished\":\"2020-03-10T13:13:18+00:00\",\"dateModified\":\"2026-01-31T20:58:05+00:00\",\"breadcrumb\":{\"@id\":\"https:\/\/atrinis.com\/club\/produit\/karate\/#breadcrumb\"},\"inLanguage\":\"fr-FR\",\"potentialAction\":[{\"@type\":\"ReadAction\",\"target\":[\"https:\/\/atrinis.com\/club\/produit\/karate\/\"]}]},{\"@type\":\"ImageObject\",\"inLanguage\":\"fr-FR\",\"@id\":\"https:\/\/atrinis.com\/club\/produit\/karate\/#primaryimage\",\"url\":\"https:\/\/atrinis.com\/club\/medias\/2017\/06\/SPORTASSOC-Karate-Groupe-Club-Association-de-Sport-ATRINIS-SaaS-E-commerce.jpg\",\"contentUrl\":\"https:\/\/atrinis.com\/club\/medias\/2017\/06\/SPORTASSOC-Karate-Groupe-Club-Association-de-Sport-ATRINIS-SaaS-E-commerce.jpg\",\"width\":1000,\"height\":664},{\"@type\":\"BreadcrumbList\",\"@id\":\"https:\/\/atrinis.com\/club\/produit\/karate\/#breadcrumb\",\"itemListElement\":[{\"@type\":\"ListItem\",\"position\":1,\"name\":\"Home\",\"item\":\"https:\/\/atrinis.com\/club\/\"},{\"@type\":\"ListItem\",\"position\":2,\"name\":\"Notre catalogue\",\"item\":\"https:\/\/atrinis.com\/club\/notre-catalogue\/\"},{\"@type\":\"ListItem\",\"position\":3,\"name\":\"Karat\u00e9\"}]},{\"@type\":\"WebSite\",\"@id\":\"https:\/\/atrinis.com\/club\/#website\",\"url\":\"https:\/\/atrinis.com\/club\/\",\"name\":\"SPORT'ASSOC\",\"description\":\"Progiciel pour Clubs de Sport &amp; Associations Sportives - DEMO\",\"publisher\":{\"@id\":\"https:\/\/atrinis.com\/club\/#organization\"},\"potentialAction\":[{\"@type\":\"SearchAction\",\"target\":{\"@type\":\"EntryPoint\",\"urlTemplate\":\"https:\/\/atrinis.com\/club\/?s={search_term_string}\"},\"query-input\":{\"@type\":\"PropertyValueSpecification\",\"valueRequired\":true,\"valueName\":\"search_term_string\"}}],\"inLanguage\":\"fr-FR\"},{\"@type\":\"Organization\",\"@id\":\"https:\/\/atrinis.com\/club\/#organization\",\"name\":\"SPORT'ASSOC\",\"url\":\"https:\/\/atrinis.com\/club\/\",\"logo\":{\"@type\":\"ImageObject\",\"inLanguage\":\"fr-FR\",\"@id\":\"https:\/\/atrinis.com\/club\/#\/schema\/logo\/image\/\",\"url\":\"https:\/\/atrinis.com\/club\/medias\/2020\/03\/SPORTASSOC-Logo-Club-de-Sport-ATRINIS-SaaS-E-commerce.png\",\"contentUrl\":\"https:\/\/atrinis.com\/club\/medias\/2020\/03\/SPORTASSOC-Logo-Club-de-Sport-ATRINIS-SaaS-E-commerce.png\",\"width\":1183,\"height\":306,\"caption\":\"SPORT'ASSOC\"},\"image\":{\"@id\":\"https:\/\/atrinis.com\/club\/#\/schema\/logo\/image\/\"}}]}<\/script>\n<!-- \/ Yoast SEO Premium plugin. -->","yoast_head_json":{"title":"Karat\u00e9 | SPORT&#039;ASSOC","robots":{"index":"index","follow":"follow","max-snippet":"max-snippet:-1","max-image-preview":"max-image-preview:large","max-video-preview":"max-video-preview:-1"},"canonical":"https:\/\/atrinis.com\/club\/produit\/karate\/","og_locale":"fr_FR","og_type":"article","og_title":"Karat\u00e9","og_description":"Nous aidons nos \u00e9l\u00e8ves \u00e0 progresser sur le plan personnel et \u00e0 se d\u00e9passer physiquement, \u00e0 travers la pratique du\u00a0karat\u00e9, de la\u00a0self-d\u00e9fense\u00a0ou de la\u00a0comp\u00e9tition sportive.","og_url":"https:\/\/atrinis.com\/club\/produit\/karate\/","og_site_name":"SPORT&#039;ASSOC","article_modified_time":"2026-01-31T20:58:05+00:00","og_image":[{"width":1000,"height":664,"url":"https:\/\/atrinis.com\/club\/medias\/2017\/06\/SPORTASSOC-Karate-Groupe-Club-Association-de-Sport-ATRINIS-SaaS-E-commerce.jpg","type":"image\/jpeg"}],"twitter_card":"summary_large_image","schema":{"@context":"https:\/\/schema.org","@graph":[{"@type":"WebPage","@id":"https:\/\/atrinis.com\/club\/produit\/karate\/","url":"https:\/\/atrinis.com\/club\/produit\/karate\/","name":"Karat\u00e9 | SPORT&#039;ASSOC","isPartOf":{"@id":"https:\/\/atrinis.com\/club\/#website"},"primaryImageOfPage":{"@id":"https:\/\/atrinis.com\/club\/produit\/karate\/#primaryimage"},"image":{"@id":"https:\/\/atrinis.com\/club\/produit\/karate\/#primaryimage"},"thumbnailUrl":"https:\/\/atrinis.com\/club\/medias\/2017\/06\/SPORTASSOC-Karate-Groupe-Club-Association-de-Sport-ATRINIS-SaaS-E-commerce.jpg","datePublished":"2020-03-10T13:13:18+00:00","dateModified":"2026-01-31T20:58:05+00:00","breadcrumb":{"@id":"https:\/\/atrinis.com\/club\/produit\/karate\/#breadcrumb"},"inLanguage":"fr-FR","potentialAction":[{"@type":"ReadAction","target":["https:\/\/atrinis.com\/club\/produit\/karate\/"]}]},{"@type":"ImageObject","inLanguage":"fr-FR","@id":"https:\/\/atrinis.com\/club\/produit\/karate\/#primaryimage","url":"https:\/\/atrinis.com\/club\/medias\/2017\/06\/SPORTASSOC-Karate-Groupe-Club-Association-de-Sport-ATRINIS-SaaS-E-commerce.jpg","contentUrl":"https:\/\/atrinis.com\/club\/medias\/2017\/06\/SPORTASSOC-Karate-Groupe-Club-Association-de-Sport-ATRINIS-SaaS-E-commerce.jpg","width":1000,"height":664},{"@type":"BreadcrumbList","@id":"https:\/\/atrinis.com\/club\/produit\/karate\/#breadcrumb","itemListElement":[{"@type":"ListItem","position":1,"name":"Home","item":"https:\/\/atrinis.com\/club\/"},{"@type":"ListItem","position":2,"name":"Notre catalogue","item":"https:\/\/atrinis.com\/club\/notre-catalogue\/"},{"@type":"ListItem","position":3,"name":"Karat\u00e9"}]},{"@type":"WebSite","@id":"https:\/\/atrinis.com\/club\/#website","url":"https:\/\/atrinis.com\/club\/","name":"SPORT'ASSOC","description":"Progiciel pour Clubs de Sport &amp; Associations Sportives - DEMO","publisher":{"@id":"https:\/\/atrinis.com\/club\/#organization"},"potentialAction":[{"@type":"SearchAction","target":{"@type":"EntryPoint","urlTemplate":"https:\/\/atrinis.com\/club\/?s={search_term_string}"},"query-input":{"@type":"PropertyValueSpecification","valueRequired":true,"valueName":"search_term_string"}}],"inLanguage":"fr-FR"},{"@type":"Organization","@id":"https:\/\/atrinis.com\/club\/#organization","name":"SPORT'ASSOC","url":"https:\/\/atrinis.com\/club\/","logo":{"@type":"ImageObject","inLanguage":"fr-FR","@id":"https:\/\/atrinis.com\/club\/#\/schema\/logo\/image\/","url":"https:\/\/atrinis.com\/club\/medias\/2020\/03\/SPORTASSOC-Logo-Club-de-Sport-ATRINIS-SaaS-E-commerce.png","contentUrl":"https:\/\/atrinis.com\/club\/medias\/2020\/03\/SPORTASSOC-Logo-Club-de-Sport-ATRINIS-SaaS-E-commerce.png","width":1183,"height":306,"caption":"SPORT'ASSOC"},"image":{"@id":"https:\/\/atrinis.com\/club\/#\/schema\/logo\/image\/"}}]}},"_links":{"self":[{"href":"https:\/\/atrinis.com\/club\/wp-json\/wp\/v2\/product\/3034","targetHints":{"allow":["GET"]}}],"collection":[{"href":"https:\/\/atrinis.com\/club\/wp-json\/wp\/v2\/product"}],"about":[{"href":"https:\/\/atrinis.com\/club\/wp-json\/wp\/v2\/types\/product"}],"replies":[{"embeddable":true,"href":"https:\/\/atrinis.com\/club\/wp-json\/wp\/v2\/comments?post=3034"}],"wp:featuredmedia":[{"embeddable":true,"href":"https:\/\/atrinis.com\/club\/wp-json\/wp\/v2\/media\/2985"}],"wp:attachment":[{"href":"https:\/\/atrinis.com\/club\/wp-json\/wp\/v2\/media?parent=3034"}],"wp:term":[{"taxonomy":"product_brand","embeddable":true,"href":"https:\/\/atrinis.com\/club\/wp-json\/wp\/v2\/product_brand?post=3034"},{"taxonomy":"product_cat","embeddable":true,"href":"https:\/\/atrinis.com\/club\/wp-json\/wp\/v2\/product_cat?post=3034"},{"taxonomy":"product_tag","embeddable":true,"href":"https:\/\/atrinis.com\/club\/wp-json\/wp\/v2\/product_tag?post=3034"}],"curies":[{"name":"wp","href":"https:\/\/api.w.org\/{rel}","templated":true}]}}