{"id":2594,"date":"2017-06-02T08:21:52","date_gmt":"2017-06-02T08:21:52","guid":{"rendered":"https:\/\/atrinis.com\/club\/?post_type=product&#038;p=2594"},"modified":"2026-01-31T22:04:03","modified_gmt":"2026-01-31T21:04:03","slug":"bowling","status":"publish","type":"product","link":"https:\/\/atrinis.com\/club\/produit\/bowling\/","title":{"rendered":"Bowling"},"content":{"rendered":"<div class=\"wpb-content-wrapper\"><p>[vc_row][vc_column][vc_column_text]Le bowling est un jeu avec six ou dix quilles, mis au point durant le XIXe si\u00e8cle dans le nord-est des \u00c9tats-Unis, \u00e0 partir des variantes de jeux de quilles traditionnelles ramen\u00e9s par les colons europ\u00e9ens, puisque le terme de bowling appara\u00eet pour la premi\u00e8re fois dans les archives de la colonie anglaise de Jamestown en Virginie en 1611 et d\u00e9signe alors le jeu de quilles en g\u00e9n\u00e9ral.[\/vc_column_text][\/vc_column][\/vc_row]<\/p>\n<\/div>","protected":false},"excerpt":{"rendered":"<p>Le bowling est un jeu avec six ou dix quilles, mis au point durant le XIXe si\u00e8cle dans le nord-est des \u00c9tats-Unis, \u00e0 partir des variantes de jeux de quilles traditionnelles ramen\u00e9s par les colons europ\u00e9ens, puisque le terme de bowling appara\u00eet pour la premi\u00e8re fois dans les archives de la colonie anglaise de Jamestown en Virginie en 1611 et d\u00e9signe alors le jeu de quilles en g\u00e9n\u00e9ral.<\/p>\n","protected":false},"featured_media":2966,"comment_status":"open","ping_status":"closed","template":"","meta":[],"product_brand":[],"product_cat":[552],"product_tag":[244,245],"class_list":{"0":"post-2594","1":"product","2":"type-product","3":"status-publish","4":"has-post-thumbnail","6":"product_cat-sport-individuel","7":"product_tag-cardio","8":"product_tag-poids","10":"first","11":"instock","12":"sale","13":"shipping-taxable","14":"purchasable","15":"product-type-simple"},"yoast_head":"<!-- This site is optimized with the Yoast SEO Premium plugin v18.3 (Yoast SEO v27.0) - https:\/\/yoast.com\/product\/yoast-seo-premium-wordpress\/ -->\n<title>Bowling | SPORT&#039;ASSOC<\/title>\n<meta name=\"robots\" content=\"index, follow, max-snippet:-1, max-image-preview:large, max-video-preview:-1\" \/>\n<link rel=\"canonical\" href=\"https:\/\/atrinis.com\/club\/produit\/bowling\/\" \/>\n<meta property=\"og:locale\" content=\"fr_FR\" \/>\n<meta property=\"og:type\" content=\"article\" \/>\n<meta property=\"og:title\" content=\"Bowling\" \/>\n<meta property=\"og:description\" content=\"Le bowling est un jeu avec six ou dix quilles, mis au point durant le XIXe si\u00e8cle dans le nord-est des \u00c9tats-Unis, \u00e0 partir des variantes de jeux de quilles traditionnelles ramen\u00e9s par les colons europ\u00e9ens, puisque le terme de bowling appara\u00eet pour la premi\u00e8re fois dans les archives de la colonie anglaise de Jamestown en Virginie en 1611 et d\u00e9signe alors le jeu de quilles en g\u00e9n\u00e9ral.\" \/>\n<meta property=\"og:url\" content=\"https:\/\/atrinis.com\/club\/produit\/bowling\/\" \/>\n<meta property=\"og:site_name\" content=\"SPORT&#039;ASSOC\" \/>\n<meta property=\"article:modified_time\" content=\"2026-01-31T21:04:03+00:00\" \/>\n<meta property=\"og:image\" content=\"https:\/\/atrinis.com\/club\/medias\/2017\/06\/ATRINIS-Vente-en-Ligne-Clubs-de-Sport-Associations-Sportives-Bowling.jpg\" \/>\n\t<meta property=\"og:image:width\" content=\"1000\" \/>\n\t<meta property=\"og:image:height\" content=\"654\" \/>\n\t<meta property=\"og:image:type\" content=\"image\/jpeg\" \/>\n<meta name=\"twitter:card\" content=\"summary_large_image\" \/>\n<script type=\"application\/ld+json\" class=\"yoast-schema-graph\">{\"@context\":\"https:\/\/schema.org\",\"@graph\":[{\"@type\":\"WebPage\",\"@id\":\"https:\/\/atrinis.com\/club\/produit\/bowling\/\",\"url\":\"https:\/\/atrinis.com\/club\/produit\/bowling\/\",\"name\":\"Bowling | SPORT&#039;ASSOC\",\"isPartOf\":{\"@id\":\"https:\/\/atrinis.com\/club\/#website\"},\"primaryImageOfPage\":{\"@id\":\"https:\/\/atrinis.com\/club\/produit\/bowling\/#primaryimage\"},\"image\":{\"@id\":\"https:\/\/atrinis.com\/club\/produit\/bowling\/#primaryimage\"},\"thumbnailUrl\":\"https:\/\/atrinis.com\/club\/medias\/2017\/06\/ATRINIS-Vente-en-Ligne-Clubs-de-Sport-Associations-Sportives-Bowling.jpg\",\"datePublished\":\"2017-06-02T08:21:52+00:00\",\"dateModified\":\"2026-01-31T21:04:03+00:00\",\"breadcrumb\":{\"@id\":\"https:\/\/atrinis.com\/club\/produit\/bowling\/#breadcrumb\"},\"inLanguage\":\"fr-FR\",\"potentialAction\":[{\"@type\":\"ReadAction\",\"target\":[\"https:\/\/atrinis.com\/club\/produit\/bowling\/\"]}]},{\"@type\":\"ImageObject\",\"inLanguage\":\"fr-FR\",\"@id\":\"https:\/\/atrinis.com\/club\/produit\/bowling\/#primaryimage\",\"url\":\"https:\/\/atrinis.com\/club\/medias\/2017\/06\/ATRINIS-Vente-en-Ligne-Clubs-de-Sport-Associations-Sportives-Bowling.jpg\",\"contentUrl\":\"https:\/\/atrinis.com\/club\/medias\/2017\/06\/ATRINIS-Vente-en-Ligne-Clubs-de-Sport-Associations-Sportives-Bowling.jpg\",\"width\":1000,\"height\":654},{\"@type\":\"BreadcrumbList\",\"@id\":\"https:\/\/atrinis.com\/club\/produit\/bowling\/#breadcrumb\",\"itemListElement\":[{\"@type\":\"ListItem\",\"position\":1,\"name\":\"Home\",\"item\":\"https:\/\/atrinis.com\/club\/\"},{\"@type\":\"ListItem\",\"position\":2,\"name\":\"Notre catalogue\",\"item\":\"https:\/\/atrinis.com\/club\/notre-catalogue\/\"},{\"@type\":\"ListItem\",\"position\":3,\"name\":\"Bowling\"}]},{\"@type\":\"WebSite\",\"@id\":\"https:\/\/atrinis.com\/club\/#website\",\"url\":\"https:\/\/atrinis.com\/club\/\",\"name\":\"SPORT'ASSOC\",\"description\":\"Progiciel pour Clubs de Sport &amp; Associations Sportives - DEMO\",\"publisher\":{\"@id\":\"https:\/\/atrinis.com\/club\/#organization\"},\"potentialAction\":[{\"@type\":\"SearchAction\",\"target\":{\"@type\":\"EntryPoint\",\"urlTemplate\":\"https:\/\/atrinis.com\/club\/?s={search_term_string}\"},\"query-input\":{\"@type\":\"PropertyValueSpecification\",\"valueRequired\":true,\"valueName\":\"search_term_string\"}}],\"inLanguage\":\"fr-FR\"},{\"@type\":\"Organization\",\"@id\":\"https:\/\/atrinis.com\/club\/#organization\",\"name\":\"SPORT'ASSOC\",\"url\":\"https:\/\/atrinis.com\/club\/\",\"logo\":{\"@type\":\"ImageObject\",\"inLanguage\":\"fr-FR\",\"@id\":\"https:\/\/atrinis.com\/club\/#\/schema\/logo\/image\/\",\"url\":\"https:\/\/atrinis.com\/club\/medias\/2020\/03\/SPORTASSOC-Logo-Club-de-Sport-ATRINIS-SaaS-E-commerce.png\",\"contentUrl\":\"https:\/\/atrinis.com\/club\/medias\/2020\/03\/SPORTASSOC-Logo-Club-de-Sport-ATRINIS-SaaS-E-commerce.png\",\"width\":1183,\"height\":306,\"caption\":\"SPORT'ASSOC\"},\"image\":{\"@id\":\"https:\/\/atrinis.com\/club\/#\/schema\/logo\/image\/\"}}]}<\/script>\n<!-- \/ Yoast SEO Premium plugin. -->","yoast_head_json":{"title":"Bowling | SPORT&#039;ASSOC","robots":{"index":"index","follow":"follow","max-snippet":"max-snippet:-1","max-image-preview":"max-image-preview:large","max-video-preview":"max-video-preview:-1"},"canonical":"https:\/\/atrinis.com\/club\/produit\/bowling\/","og_locale":"fr_FR","og_type":"article","og_title":"Bowling","og_description":"Le bowling est un jeu avec six ou dix quilles, mis au point durant le XIXe si\u00e8cle dans le nord-est des \u00c9tats-Unis, \u00e0 partir des variantes de jeux de quilles traditionnelles ramen\u00e9s par les colons europ\u00e9ens, puisque le terme de bowling appara\u00eet pour la premi\u00e8re fois dans les archives de la colonie anglaise de Jamestown en Virginie en 1611 et d\u00e9signe alors le jeu de quilles en g\u00e9n\u00e9ral.","og_url":"https:\/\/atrinis.com\/club\/produit\/bowling\/","og_site_name":"SPORT&#039;ASSOC","article_modified_time":"2026-01-31T21:04:03+00:00","og_image":[{"width":1000,"height":654,"url":"https:\/\/atrinis.com\/club\/medias\/2017\/06\/ATRINIS-Vente-en-Ligne-Clubs-de-Sport-Associations-Sportives-Bowling.jpg","type":"image\/jpeg"}],"twitter_card":"summary_large_image","schema":{"@context":"https:\/\/schema.org","@graph":[{"@type":"WebPage","@id":"https:\/\/atrinis.com\/club\/produit\/bowling\/","url":"https:\/\/atrinis.com\/club\/produit\/bowling\/","name":"Bowling | SPORT&#039;ASSOC","isPartOf":{"@id":"https:\/\/atrinis.com\/club\/#website"},"primaryImageOfPage":{"@id":"https:\/\/atrinis.com\/club\/produit\/bowling\/#primaryimage"},"image":{"@id":"https:\/\/atrinis.com\/club\/produit\/bowling\/#primaryimage"},"thumbnailUrl":"https:\/\/atrinis.com\/club\/medias\/2017\/06\/ATRINIS-Vente-en-Ligne-Clubs-de-Sport-Associations-Sportives-Bowling.jpg","datePublished":"2017-06-02T08:21:52+00:00","dateModified":"2026-01-31T21:04:03+00:00","breadcrumb":{"@id":"https:\/\/atrinis.com\/club\/produit\/bowling\/#breadcrumb"},"inLanguage":"fr-FR","potentialAction":[{"@type":"ReadAction","target":["https:\/\/atrinis.com\/club\/produit\/bowling\/"]}]},{"@type":"ImageObject","inLanguage":"fr-FR","@id":"https:\/\/atrinis.com\/club\/produit\/bowling\/#primaryimage","url":"https:\/\/atrinis.com\/club\/medias\/2017\/06\/ATRINIS-Vente-en-Ligne-Clubs-de-Sport-Associations-Sportives-Bowling.jpg","contentUrl":"https:\/\/atrinis.com\/club\/medias\/2017\/06\/ATRINIS-Vente-en-Ligne-Clubs-de-Sport-Associations-Sportives-Bowling.jpg","width":1000,"height":654},{"@type":"BreadcrumbList","@id":"https:\/\/atrinis.com\/club\/produit\/bowling\/#breadcrumb","itemListElement":[{"@type":"ListItem","position":1,"name":"Home","item":"https:\/\/atrinis.com\/club\/"},{"@type":"ListItem","position":2,"name":"Notre catalogue","item":"https:\/\/atrinis.com\/club\/notre-catalogue\/"},{"@type":"ListItem","position":3,"name":"Bowling"}]},{"@type":"WebSite","@id":"https:\/\/atrinis.com\/club\/#website","url":"https:\/\/atrinis.com\/club\/","name":"SPORT'ASSOC","description":"Progiciel pour Clubs de Sport &amp; Associations Sportives - DEMO","publisher":{"@id":"https:\/\/atrinis.com\/club\/#organization"},"potentialAction":[{"@type":"SearchAction","target":{"@type":"EntryPoint","urlTemplate":"https:\/\/atrinis.com\/club\/?s={search_term_string}"},"query-input":{"@type":"PropertyValueSpecification","valueRequired":true,"valueName":"search_term_string"}}],"inLanguage":"fr-FR"},{"@type":"Organization","@id":"https:\/\/atrinis.com\/club\/#organization","name":"SPORT'ASSOC","url":"https:\/\/atrinis.com\/club\/","logo":{"@type":"ImageObject","inLanguage":"fr-FR","@id":"https:\/\/atrinis.com\/club\/#\/schema\/logo\/image\/","url":"https:\/\/atrinis.com\/club\/medias\/2020\/03\/SPORTASSOC-Logo-Club-de-Sport-ATRINIS-SaaS-E-commerce.png","contentUrl":"https:\/\/atrinis.com\/club\/medias\/2020\/03\/SPORTASSOC-Logo-Club-de-Sport-ATRINIS-SaaS-E-commerce.png","width":1183,"height":306,"caption":"SPORT'ASSOC"},"image":{"@id":"https:\/\/atrinis.com\/club\/#\/schema\/logo\/image\/"}}]}},"_links":{"self":[{"href":"https:\/\/atrinis.com\/club\/wp-json\/wp\/v2\/product\/2594","targetHints":{"allow":["GET"]}}],"collection":[{"href":"https:\/\/atrinis.com\/club\/wp-json\/wp\/v2\/product"}],"about":[{"href":"https:\/\/atrinis.com\/club\/wp-json\/wp\/v2\/types\/product"}],"replies":[{"embeddable":true,"href":"https:\/\/atrinis.com\/club\/wp-json\/wp\/v2\/comments?post=2594"}],"wp:featuredmedia":[{"embeddable":true,"href":"https:\/\/atrinis.com\/club\/wp-json\/wp\/v2\/media\/2966"}],"wp:attachment":[{"href":"https:\/\/atrinis.com\/club\/wp-json\/wp\/v2\/media?parent=2594"}],"wp:term":[{"taxonomy":"product_brand","embeddable":true,"href":"https:\/\/atrinis.com\/club\/wp-json\/wp\/v2\/product_brand?post=2594"},{"taxonomy":"product_cat","embeddable":true,"href":"https:\/\/atrinis.com\/club\/wp-json\/wp\/v2\/product_cat?post=2594"},{"taxonomy":"product_tag","embeddable":true,"href":"https:\/\/atrinis.com\/club\/wp-json\/wp\/v2\/product_tag?post=2594"}],"curies":[{"name":"wp","href":"https:\/\/api.w.org\/{rel}","templated":true}]}}