{"id":2591,"date":"2017-06-02T08:20:53","date_gmt":"2017-06-02T06:20:53","guid":{"rendered":"https:\/\/atrinis.com\/club\/?post_type=product&#038;p=2591"},"modified":"2020-03-10T15:23:05","modified_gmt":"2020-03-10T14:23:05","slug":"casquette-marche-exterieur","status":"publish","type":"product","link":"https:\/\/atrinis.com\/club\/produit\/casquette-marche-exterieur\/","title":{"rendered":"Casquette Marche &#8211; Ext\u00e9rieur"},"content":{"rendered":"<div class=\"wpb-content-wrapper\"><p>[vc_row][vc_column][vc_column_text]D\u00e9couvrez la casquettes CLUB la plus styl\u00e9e du moment !<br \/>\nLivraison dans les cours et paiement s\u00e9curis\u00e9. Le plus grand confort du moment ![\/vc_column_text][\/vc_column][\/vc_row]<\/p>\n<\/div>","protected":false},"excerpt":{"rendered":"<p>D\u00e9couvrez la casquettes CLUB la plus styl\u00e9e du moment au couleur du CLUB !<br \/>\nLivraison dans les cours et paiement s\u00e9curis\u00e9. Le plus grand confort du moment !<\/p>\n","protected":false},"featured_media":3055,"comment_status":"open","ping_status":"closed","template":"","meta":[],"product_brand":[],"product_cat":[938],"product_tag":[835],"class_list":{"0":"post-2591","1":"product","2":"type-product","3":"status-publish","4":"has-post-thumbnail","6":"product_cat-habillement","7":"product_tag-habillement","9":"first","10":"instock","11":"shipping-taxable","12":"purchasable","13":"product-type-simple"},"yoast_head":"<!-- This site is optimized with the Yoast SEO Premium plugin v18.3 (Yoast SEO v27.0) - https:\/\/yoast.com\/product\/yoast-seo-premium-wordpress\/ -->\n<title>Casquette Marche - Ext\u00e9rieur | SPORT&#039;ASSOC<\/title>\n<meta name=\"robots\" content=\"index, follow, max-snippet:-1, max-image-preview:large, max-video-preview:-1\" \/>\n<link rel=\"canonical\" href=\"https:\/\/atrinis.com\/club\/produit\/casquette-marche-exterieur\/\" \/>\n<meta property=\"og:locale\" content=\"fr_FR\" \/>\n<meta property=\"og:type\" content=\"article\" \/>\n<meta property=\"og:title\" content=\"Casquette Marche - Ext\u00e9rieur\" \/>\n<meta property=\"og:description\" content=\"D\u00e9couvrez la casquettes CLUB la plus styl\u00e9e du moment au couleur du CLUB ! Livraison dans les cours et paiement s\u00e9curis\u00e9. Le plus grand confort du moment !\" \/>\n<meta property=\"og:url\" content=\"https:\/\/atrinis.com\/club\/produit\/casquette-marche-exterieur\/\" \/>\n<meta property=\"og:site_name\" content=\"SPORT&#039;ASSOC\" \/>\n<meta property=\"article:modified_time\" content=\"2020-03-10T14:23:05+00:00\" \/>\n<meta property=\"og:image\" content=\"https:\/\/atrinis.com\/club\/medias\/2017\/06\/SPORTASSOC-produits-Homme-Clubs-sportifs-Association-de-Sport-ATRINIS-SaaS-E-commerce.jpg\" \/>\n\t<meta property=\"og:image:width\" content=\"800\" \/>\n\t<meta property=\"og:image:height\" content=\"600\" \/>\n\t<meta property=\"og:image:type\" content=\"image\/jpeg\" \/>\n<meta name=\"twitter:card\" content=\"summary_large_image\" \/>\n<script type=\"application\/ld+json\" class=\"yoast-schema-graph\">{\"@context\":\"https:\/\/schema.org\",\"@graph\":[{\"@type\":\"WebPage\",\"@id\":\"https:\/\/atrinis.com\/club\/produit\/casquette-marche-exterieur\/\",\"url\":\"https:\/\/atrinis.com\/club\/produit\/casquette-marche-exterieur\/\",\"name\":\"Casquette Marche - Ext\u00e9rieur | SPORT&#039;ASSOC\",\"isPartOf\":{\"@id\":\"https:\/\/atrinis.com\/club\/#website\"},\"primaryImageOfPage\":{\"@id\":\"https:\/\/atrinis.com\/club\/produit\/casquette-marche-exterieur\/#primaryimage\"},\"image\":{\"@id\":\"https:\/\/atrinis.com\/club\/produit\/casquette-marche-exterieur\/#primaryimage\"},\"thumbnailUrl\":\"https:\/\/atrinis.com\/club\/medias\/2017\/06\/SPORTASSOC-produits-Homme-Clubs-sportifs-Association-de-Sport-ATRINIS-SaaS-E-commerce.jpg\",\"datePublished\":\"2017-06-02T06:20:53+00:00\",\"dateModified\":\"2020-03-10T14:23:05+00:00\",\"breadcrumb\":{\"@id\":\"https:\/\/atrinis.com\/club\/produit\/casquette-marche-exterieur\/#breadcrumb\"},\"inLanguage\":\"fr-FR\",\"potentialAction\":[{\"@type\":\"ReadAction\",\"target\":[\"https:\/\/atrinis.com\/club\/produit\/casquette-marche-exterieur\/\"]}]},{\"@type\":\"ImageObject\",\"inLanguage\":\"fr-FR\",\"@id\":\"https:\/\/atrinis.com\/club\/produit\/casquette-marche-exterieur\/#primaryimage\",\"url\":\"https:\/\/atrinis.com\/club\/medias\/2017\/06\/SPORTASSOC-produits-Homme-Clubs-sportifs-Association-de-Sport-ATRINIS-SaaS-E-commerce.jpg\",\"contentUrl\":\"https:\/\/atrinis.com\/club\/medias\/2017\/06\/SPORTASSOC-produits-Homme-Clubs-sportifs-Association-de-Sport-ATRINIS-SaaS-E-commerce.jpg\",\"width\":800,\"height\":600},{\"@type\":\"BreadcrumbList\",\"@id\":\"https:\/\/atrinis.com\/club\/produit\/casquette-marche-exterieur\/#breadcrumb\",\"itemListElement\":[{\"@type\":\"ListItem\",\"position\":1,\"name\":\"Home\",\"item\":\"https:\/\/atrinis.com\/club\/\"},{\"@type\":\"ListItem\",\"position\":2,\"name\":\"Notre catalogue\",\"item\":\"https:\/\/atrinis.com\/club\/notre-catalogue\/\"},{\"@type\":\"ListItem\",\"position\":3,\"name\":\"Casquette Marche &#8211; Ext\u00e9rieur\"}]},{\"@type\":\"WebSite\",\"@id\":\"https:\/\/atrinis.com\/club\/#website\",\"url\":\"https:\/\/atrinis.com\/club\/\",\"name\":\"SPORT'ASSOC\",\"description\":\"Progiciel pour Clubs de Sport &amp; Associations Sportives - DEMO\",\"publisher\":{\"@id\":\"https:\/\/atrinis.com\/club\/#organization\"},\"potentialAction\":[{\"@type\":\"SearchAction\",\"target\":{\"@type\":\"EntryPoint\",\"urlTemplate\":\"https:\/\/atrinis.com\/club\/?s={search_term_string}\"},\"query-input\":{\"@type\":\"PropertyValueSpecification\",\"valueRequired\":true,\"valueName\":\"search_term_string\"}}],\"inLanguage\":\"fr-FR\"},{\"@type\":\"Organization\",\"@id\":\"https:\/\/atrinis.com\/club\/#organization\",\"name\":\"SPORT'ASSOC\",\"url\":\"https:\/\/atrinis.com\/club\/\",\"logo\":{\"@type\":\"ImageObject\",\"inLanguage\":\"fr-FR\",\"@id\":\"https:\/\/atrinis.com\/club\/#\/schema\/logo\/image\/\",\"url\":\"https:\/\/atrinis.com\/club\/medias\/2020\/03\/SPORTASSOC-Logo-Club-de-Sport-ATRINIS-SaaS-E-commerce.png\",\"contentUrl\":\"https:\/\/atrinis.com\/club\/medias\/2020\/03\/SPORTASSOC-Logo-Club-de-Sport-ATRINIS-SaaS-E-commerce.png\",\"width\":1183,\"height\":306,\"caption\":\"SPORT'ASSOC\"},\"image\":{\"@id\":\"https:\/\/atrinis.com\/club\/#\/schema\/logo\/image\/\"}}]}<\/script>\n<!-- \/ Yoast SEO Premium plugin. -->","yoast_head_json":{"title":"Casquette Marche - Ext\u00e9rieur | SPORT&#039;ASSOC","robots":{"index":"index","follow":"follow","max-snippet":"max-snippet:-1","max-image-preview":"max-image-preview:large","max-video-preview":"max-video-preview:-1"},"canonical":"https:\/\/atrinis.com\/club\/produit\/casquette-marche-exterieur\/","og_locale":"fr_FR","og_type":"article","og_title":"Casquette Marche - Ext\u00e9rieur","og_description":"D\u00e9couvrez la casquettes CLUB la plus styl\u00e9e du moment au couleur du CLUB ! Livraison dans les cours et paiement s\u00e9curis\u00e9. Le plus grand confort du moment !","og_url":"https:\/\/atrinis.com\/club\/produit\/casquette-marche-exterieur\/","og_site_name":"SPORT&#039;ASSOC","article_modified_time":"2020-03-10T14:23:05+00:00","og_image":[{"width":800,"height":600,"url":"https:\/\/atrinis.com\/club\/medias\/2017\/06\/SPORTASSOC-produits-Homme-Clubs-sportifs-Association-de-Sport-ATRINIS-SaaS-E-commerce.jpg","type":"image\/jpeg"}],"twitter_card":"summary_large_image","schema":{"@context":"https:\/\/schema.org","@graph":[{"@type":"WebPage","@id":"https:\/\/atrinis.com\/club\/produit\/casquette-marche-exterieur\/","url":"https:\/\/atrinis.com\/club\/produit\/casquette-marche-exterieur\/","name":"Casquette Marche - Ext\u00e9rieur | SPORT&#039;ASSOC","isPartOf":{"@id":"https:\/\/atrinis.com\/club\/#website"},"primaryImageOfPage":{"@id":"https:\/\/atrinis.com\/club\/produit\/casquette-marche-exterieur\/#primaryimage"},"image":{"@id":"https:\/\/atrinis.com\/club\/produit\/casquette-marche-exterieur\/#primaryimage"},"thumbnailUrl":"https:\/\/atrinis.com\/club\/medias\/2017\/06\/SPORTASSOC-produits-Homme-Clubs-sportifs-Association-de-Sport-ATRINIS-SaaS-E-commerce.jpg","datePublished":"2017-06-02T06:20:53+00:00","dateModified":"2020-03-10T14:23:05+00:00","breadcrumb":{"@id":"https:\/\/atrinis.com\/club\/produit\/casquette-marche-exterieur\/#breadcrumb"},"inLanguage":"fr-FR","potentialAction":[{"@type":"ReadAction","target":["https:\/\/atrinis.com\/club\/produit\/casquette-marche-exterieur\/"]}]},{"@type":"ImageObject","inLanguage":"fr-FR","@id":"https:\/\/atrinis.com\/club\/produit\/casquette-marche-exterieur\/#primaryimage","url":"https:\/\/atrinis.com\/club\/medias\/2017\/06\/SPORTASSOC-produits-Homme-Clubs-sportifs-Association-de-Sport-ATRINIS-SaaS-E-commerce.jpg","contentUrl":"https:\/\/atrinis.com\/club\/medias\/2017\/06\/SPORTASSOC-produits-Homme-Clubs-sportifs-Association-de-Sport-ATRINIS-SaaS-E-commerce.jpg","width":800,"height":600},{"@type":"BreadcrumbList","@id":"https:\/\/atrinis.com\/club\/produit\/casquette-marche-exterieur\/#breadcrumb","itemListElement":[{"@type":"ListItem","position":1,"name":"Home","item":"https:\/\/atrinis.com\/club\/"},{"@type":"ListItem","position":2,"name":"Notre catalogue","item":"https:\/\/atrinis.com\/club\/notre-catalogue\/"},{"@type":"ListItem","position":3,"name":"Casquette Marche &#8211; Ext\u00e9rieur"}]},{"@type":"WebSite","@id":"https:\/\/atrinis.com\/club\/#website","url":"https:\/\/atrinis.com\/club\/","name":"SPORT'ASSOC","description":"Progiciel pour Clubs de Sport &amp; Associations Sportives - DEMO","publisher":{"@id":"https:\/\/atrinis.com\/club\/#organization"},"potentialAction":[{"@type":"SearchAction","target":{"@type":"EntryPoint","urlTemplate":"https:\/\/atrinis.com\/club\/?s={search_term_string}"},"query-input":{"@type":"PropertyValueSpecification","valueRequired":true,"valueName":"search_term_string"}}],"inLanguage":"fr-FR"},{"@type":"Organization","@id":"https:\/\/atrinis.com\/club\/#organization","name":"SPORT'ASSOC","url":"https:\/\/atrinis.com\/club\/","logo":{"@type":"ImageObject","inLanguage":"fr-FR","@id":"https:\/\/atrinis.com\/club\/#\/schema\/logo\/image\/","url":"https:\/\/atrinis.com\/club\/medias\/2020\/03\/SPORTASSOC-Logo-Club-de-Sport-ATRINIS-SaaS-E-commerce.png","contentUrl":"https:\/\/atrinis.com\/club\/medias\/2020\/03\/SPORTASSOC-Logo-Club-de-Sport-ATRINIS-SaaS-E-commerce.png","width":1183,"height":306,"caption":"SPORT'ASSOC"},"image":{"@id":"https:\/\/atrinis.com\/club\/#\/schema\/logo\/image\/"}}]}},"_links":{"self":[{"href":"https:\/\/atrinis.com\/club\/wp-json\/wp\/v2\/product\/2591","targetHints":{"allow":["GET"]}}],"collection":[{"href":"https:\/\/atrinis.com\/club\/wp-json\/wp\/v2\/product"}],"about":[{"href":"https:\/\/atrinis.com\/club\/wp-json\/wp\/v2\/types\/product"}],"replies":[{"embeddable":true,"href":"https:\/\/atrinis.com\/club\/wp-json\/wp\/v2\/comments?post=2591"}],"wp:featuredmedia":[{"embeddable":true,"href":"https:\/\/atrinis.com\/club\/wp-json\/wp\/v2\/media\/3055"}],"wp:attachment":[{"href":"https:\/\/atrinis.com\/club\/wp-json\/wp\/v2\/media?parent=2591"}],"wp:term":[{"taxonomy":"product_brand","embeddable":true,"href":"https:\/\/atrinis.com\/club\/wp-json\/wp\/v2\/product_brand?post=2591"},{"taxonomy":"product_cat","embeddable":true,"href":"https:\/\/atrinis.com\/club\/wp-json\/wp\/v2\/product_cat?post=2591"},{"taxonomy":"product_tag","embeddable":true,"href":"https:\/\/atrinis.com\/club\/wp-json\/wp\/v2\/product_tag?post=2591"}],"curies":[{"name":"wp","href":"https:\/\/api.w.org\/{rel}","templated":true}]}}