{"id":2590,"date":"2017-06-02T08:20:31","date_gmt":"2017-06-02T08:20:31","guid":{"rendered":"https:\/\/atrinis.com\/club\/?post_type=product&#038;p=2590"},"modified":"2024-03-31T16:11:03","modified_gmt":"2024-03-31T14:11:03","slug":"basket","status":"publish","type":"product","link":"https:\/\/atrinis.com\/club\/produit\/basket\/","title":{"rendered":"Basket"},"content":{"rendered":"<div class=\"wpb-content-wrapper\"><p>[vc_row][vc_column][vc_column_text]Le basket-ball propos\u00e9 par l&#8217;association sportive ou le club de sport se veut en priorit\u00e9 un lieu de convivialit\u00e9 et d\u2019\u00e9changes. L\u2019objectif principal est centr\u00e9 sur le plaisir.<br \/>\nD\u00e8s 18 ans, d\u00e9butant comme confirm\u00e9, vous \u00eates les bienvenus. Si le plaisir est de rigueur, ceci n&#8217;emp\u00eache pas la section d&#8217;avoir une politique de comp\u00e9tition.<br \/>\nPour les plus jeunes , il est possible de passer par l&#8217;\u00e9cole de Basket ! [\/vc_column_text][\/vc_column][\/vc_row]<\/p>\n<\/div>","protected":false},"excerpt":{"rendered":"<p>Le basket-ball propos\u00e9 par l&#8217;association sportive ou le club de sport se veut en priorit\u00e9 un lieu de convivialit\u00e9 et d\u2019\u00e9changes. L\u2019objectif principal est centr\u00e9 sur le plaisir.<br \/>\nD\u00e8s 18 ans, d\u00e9butant comme confirm\u00e9, vous \u00eates les bienvenus. Si le plaisir est de rigueur, ceci n&#8217;emp\u00eache pas la section d&#8217;avoir une politique de comp\u00e9tition.<br \/>\nPour les plus jeunes , il est possible de passer par l&#8217;\u00e9cole de Basket !<br \/>\n[gymedge-vc-schedule cat=\"873\" schedule_button=\"false\"]<\/p>\n","protected":false},"featured_media":2961,"comment_status":"open","ping_status":"closed","template":"","meta":[],"product_brand":[],"product_cat":[550],"product_tag":[244,895],"class_list":{"0":"post-2590","1":"product","2":"type-product","3":"status-publish","4":"has-post-thumbnail","6":"product_cat-sport-collectif","7":"product_tag-cardio","8":"product_tag-collectif","9":"pa_horaires-mardi-1745","10":"pa_horaires-mercredi-1800","12":"first","13":"instock","14":"sold-individually","15":"shipping-taxable","16":"purchasable","17":"product-type-variable"},"yoast_head":"<!-- This site is optimized with the Yoast SEO Premium plugin v18.3 (Yoast SEO v27.0) - https:\/\/yoast.com\/product\/yoast-seo-premium-wordpress\/ -->\n<title>Basket | SPORT&#039;ASSOC<\/title>\n<meta name=\"robots\" content=\"index, follow, max-snippet:-1, max-image-preview:large, max-video-preview:-1\" \/>\n<link rel=\"canonical\" href=\"https:\/\/atrinis.com\/club\/produit\/basket\/\" \/>\n<meta property=\"og:locale\" content=\"fr_FR\" \/>\n<meta property=\"og:type\" content=\"article\" \/>\n<meta property=\"og:title\" content=\"Basket\" \/>\n<meta property=\"og:description\" content=\"Le basket-ball propos\u00e9 par l&#039;association sportive ou le club de sport se veut en priorit\u00e9 un lieu de convivialit\u00e9 et d\u2019\u00e9changes. L\u2019objectif principal est centr\u00e9 sur le plaisir. D\u00e8s 18 ans, d\u00e9butant comme confirm\u00e9, vous \u00eates les bienvenus. Si le plaisir est de rigueur, ceci n&#039;emp\u00eache pas la section d&#039;avoir une politique de comp\u00e9tition. Pour les plus jeunes , il est possible de passer par l&#039;\u00e9cole de Basket !\" \/>\n<meta property=\"og:url\" content=\"https:\/\/atrinis.com\/club\/produit\/basket\/\" \/>\n<meta property=\"og:site_name\" content=\"SPORT&#039;ASSOC\" \/>\n<meta property=\"article:modified_time\" content=\"2024-03-31T14:11:03+00:00\" \/>\n<meta property=\"og:image\" content=\"https:\/\/atrinis.com\/club\/medias\/2019\/12\/ATRINIS-Vente-en-Ligne-Clubs-de-Sport-Associations-Sportives-Basket.jpg\" \/>\n\t<meta property=\"og:image:width\" content=\"1000\" \/>\n\t<meta property=\"og:image:height\" content=\"667\" \/>\n\t<meta property=\"og:image:type\" content=\"image\/jpeg\" \/>\n<meta name=\"twitter:card\" content=\"summary_large_image\" \/>\n<script type=\"application\/ld+json\" class=\"yoast-schema-graph\">{\"@context\":\"https:\/\/schema.org\",\"@graph\":[{\"@type\":\"WebPage\",\"@id\":\"https:\/\/atrinis.com\/club\/produit\/basket\/\",\"url\":\"https:\/\/atrinis.com\/club\/produit\/basket\/\",\"name\":\"Basket | SPORT&#039;ASSOC\",\"isPartOf\":{\"@id\":\"https:\/\/atrinis.com\/club\/#website\"},\"primaryImageOfPage\":{\"@id\":\"https:\/\/atrinis.com\/club\/produit\/basket\/#primaryimage\"},\"image\":{\"@id\":\"https:\/\/atrinis.com\/club\/produit\/basket\/#primaryimage\"},\"thumbnailUrl\":\"https:\/\/atrinis.com\/club\/medias\/2019\/12\/ATRINIS-Vente-en-Ligne-Clubs-de-Sport-Associations-Sportives-Basket.jpg\",\"datePublished\":\"2017-06-02T08:20:31+00:00\",\"dateModified\":\"2024-03-31T14:11:03+00:00\",\"breadcrumb\":{\"@id\":\"https:\/\/atrinis.com\/club\/produit\/basket\/#breadcrumb\"},\"inLanguage\":\"fr-FR\",\"potentialAction\":[{\"@type\":\"ReadAction\",\"target\":[\"https:\/\/atrinis.com\/club\/produit\/basket\/\"]}]},{\"@type\":\"ImageObject\",\"inLanguage\":\"fr-FR\",\"@id\":\"https:\/\/atrinis.com\/club\/produit\/basket\/#primaryimage\",\"url\":\"https:\/\/atrinis.com\/club\/medias\/2019\/12\/ATRINIS-Vente-en-Ligne-Clubs-de-Sport-Associations-Sportives-Basket.jpg\",\"contentUrl\":\"https:\/\/atrinis.com\/club\/medias\/2019\/12\/ATRINIS-Vente-en-Ligne-Clubs-de-Sport-Associations-Sportives-Basket.jpg\",\"width\":1000,\"height\":667},{\"@type\":\"BreadcrumbList\",\"@id\":\"https:\/\/atrinis.com\/club\/produit\/basket\/#breadcrumb\",\"itemListElement\":[{\"@type\":\"ListItem\",\"position\":1,\"name\":\"Home\",\"item\":\"https:\/\/atrinis.com\/club\/\"},{\"@type\":\"ListItem\",\"position\":2,\"name\":\"Notre catalogue\",\"item\":\"https:\/\/atrinis.com\/club\/notre-catalogue\/\"},{\"@type\":\"ListItem\",\"position\":3,\"name\":\"Basket\"}]},{\"@type\":\"WebSite\",\"@id\":\"https:\/\/atrinis.com\/club\/#website\",\"url\":\"https:\/\/atrinis.com\/club\/\",\"name\":\"SPORT'ASSOC\",\"description\":\"Progiciel pour Clubs de Sport &amp; Associations Sportives - DEMO\",\"publisher\":{\"@id\":\"https:\/\/atrinis.com\/club\/#organization\"},\"potentialAction\":[{\"@type\":\"SearchAction\",\"target\":{\"@type\":\"EntryPoint\",\"urlTemplate\":\"https:\/\/atrinis.com\/club\/?s={search_term_string}\"},\"query-input\":{\"@type\":\"PropertyValueSpecification\",\"valueRequired\":true,\"valueName\":\"search_term_string\"}}],\"inLanguage\":\"fr-FR\"},{\"@type\":\"Organization\",\"@id\":\"https:\/\/atrinis.com\/club\/#organization\",\"name\":\"SPORT'ASSOC\",\"url\":\"https:\/\/atrinis.com\/club\/\",\"logo\":{\"@type\":\"ImageObject\",\"inLanguage\":\"fr-FR\",\"@id\":\"https:\/\/atrinis.com\/club\/#\/schema\/logo\/image\/\",\"url\":\"https:\/\/atrinis.com\/club\/medias\/2020\/03\/SPORTASSOC-Logo-Club-de-Sport-ATRINIS-SaaS-E-commerce.png\",\"contentUrl\":\"https:\/\/atrinis.com\/club\/medias\/2020\/03\/SPORTASSOC-Logo-Club-de-Sport-ATRINIS-SaaS-E-commerce.png\",\"width\":1183,\"height\":306,\"caption\":\"SPORT'ASSOC\"},\"image\":{\"@id\":\"https:\/\/atrinis.com\/club\/#\/schema\/logo\/image\/\"}}]}<\/script>\n<!-- \/ Yoast SEO Premium plugin. -->","yoast_head_json":{"title":"Basket | SPORT&#039;ASSOC","robots":{"index":"index","follow":"follow","max-snippet":"max-snippet:-1","max-image-preview":"max-image-preview:large","max-video-preview":"max-video-preview:-1"},"canonical":"https:\/\/atrinis.com\/club\/produit\/basket\/","og_locale":"fr_FR","og_type":"article","og_title":"Basket","og_description":"Le basket-ball propos\u00e9 par l'association sportive ou le club de sport se veut en priorit\u00e9 un lieu de convivialit\u00e9 et d\u2019\u00e9changes. L\u2019objectif principal est centr\u00e9 sur le plaisir. D\u00e8s 18 ans, d\u00e9butant comme confirm\u00e9, vous \u00eates les bienvenus. Si le plaisir est de rigueur, ceci n'emp\u00eache pas la section d'avoir une politique de comp\u00e9tition. Pour les plus jeunes , il est possible de passer par l'\u00e9cole de Basket !","og_url":"https:\/\/atrinis.com\/club\/produit\/basket\/","og_site_name":"SPORT&#039;ASSOC","article_modified_time":"2024-03-31T14:11:03+00:00","og_image":[{"width":1000,"height":667,"url":"https:\/\/atrinis.com\/club\/medias\/2019\/12\/ATRINIS-Vente-en-Ligne-Clubs-de-Sport-Associations-Sportives-Basket.jpg","type":"image\/jpeg"}],"twitter_card":"summary_large_image","schema":{"@context":"https:\/\/schema.org","@graph":[{"@type":"WebPage","@id":"https:\/\/atrinis.com\/club\/produit\/basket\/","url":"https:\/\/atrinis.com\/club\/produit\/basket\/","name":"Basket | SPORT&#039;ASSOC","isPartOf":{"@id":"https:\/\/atrinis.com\/club\/#website"},"primaryImageOfPage":{"@id":"https:\/\/atrinis.com\/club\/produit\/basket\/#primaryimage"},"image":{"@id":"https:\/\/atrinis.com\/club\/produit\/basket\/#primaryimage"},"thumbnailUrl":"https:\/\/atrinis.com\/club\/medias\/2019\/12\/ATRINIS-Vente-en-Ligne-Clubs-de-Sport-Associations-Sportives-Basket.jpg","datePublished":"2017-06-02T08:20:31+00:00","dateModified":"2024-03-31T14:11:03+00:00","breadcrumb":{"@id":"https:\/\/atrinis.com\/club\/produit\/basket\/#breadcrumb"},"inLanguage":"fr-FR","potentialAction":[{"@type":"ReadAction","target":["https:\/\/atrinis.com\/club\/produit\/basket\/"]}]},{"@type":"ImageObject","inLanguage":"fr-FR","@id":"https:\/\/atrinis.com\/club\/produit\/basket\/#primaryimage","url":"https:\/\/atrinis.com\/club\/medias\/2019\/12\/ATRINIS-Vente-en-Ligne-Clubs-de-Sport-Associations-Sportives-Basket.jpg","contentUrl":"https:\/\/atrinis.com\/club\/medias\/2019\/12\/ATRINIS-Vente-en-Ligne-Clubs-de-Sport-Associations-Sportives-Basket.jpg","width":1000,"height":667},{"@type":"BreadcrumbList","@id":"https:\/\/atrinis.com\/club\/produit\/basket\/#breadcrumb","itemListElement":[{"@type":"ListItem","position":1,"name":"Home","item":"https:\/\/atrinis.com\/club\/"},{"@type":"ListItem","position":2,"name":"Notre catalogue","item":"https:\/\/atrinis.com\/club\/notre-catalogue\/"},{"@type":"ListItem","position":3,"name":"Basket"}]},{"@type":"WebSite","@id":"https:\/\/atrinis.com\/club\/#website","url":"https:\/\/atrinis.com\/club\/","name":"SPORT'ASSOC","description":"Progiciel pour Clubs de Sport &amp; Associations Sportives - DEMO","publisher":{"@id":"https:\/\/atrinis.com\/club\/#organization"},"potentialAction":[{"@type":"SearchAction","target":{"@type":"EntryPoint","urlTemplate":"https:\/\/atrinis.com\/club\/?s={search_term_string}"},"query-input":{"@type":"PropertyValueSpecification","valueRequired":true,"valueName":"search_term_string"}}],"inLanguage":"fr-FR"},{"@type":"Organization","@id":"https:\/\/atrinis.com\/club\/#organization","name":"SPORT'ASSOC","url":"https:\/\/atrinis.com\/club\/","logo":{"@type":"ImageObject","inLanguage":"fr-FR","@id":"https:\/\/atrinis.com\/club\/#\/schema\/logo\/image\/","url":"https:\/\/atrinis.com\/club\/medias\/2020\/03\/SPORTASSOC-Logo-Club-de-Sport-ATRINIS-SaaS-E-commerce.png","contentUrl":"https:\/\/atrinis.com\/club\/medias\/2020\/03\/SPORTASSOC-Logo-Club-de-Sport-ATRINIS-SaaS-E-commerce.png","width":1183,"height":306,"caption":"SPORT'ASSOC"},"image":{"@id":"https:\/\/atrinis.com\/club\/#\/schema\/logo\/image\/"}}]}},"_links":{"self":[{"href":"https:\/\/atrinis.com\/club\/wp-json\/wp\/v2\/product\/2590","targetHints":{"allow":["GET"]}}],"collection":[{"href":"https:\/\/atrinis.com\/club\/wp-json\/wp\/v2\/product"}],"about":[{"href":"https:\/\/atrinis.com\/club\/wp-json\/wp\/v2\/types\/product"}],"replies":[{"embeddable":true,"href":"https:\/\/atrinis.com\/club\/wp-json\/wp\/v2\/comments?post=2590"}],"wp:featuredmedia":[{"embeddable":true,"href":"https:\/\/atrinis.com\/club\/wp-json\/wp\/v2\/media\/2961"}],"wp:attachment":[{"href":"https:\/\/atrinis.com\/club\/wp-json\/wp\/v2\/media?parent=2590"}],"wp:term":[{"taxonomy":"product_brand","embeddable":true,"href":"https:\/\/atrinis.com\/club\/wp-json\/wp\/v2\/product_brand?post=2590"},{"taxonomy":"product_cat","embeddable":true,"href":"https:\/\/atrinis.com\/club\/wp-json\/wp\/v2\/product_cat?post=2590"},{"taxonomy":"product_tag","embeddable":true,"href":"https:\/\/atrinis.com\/club\/wp-json\/wp\/v2\/product_tag?post=2590"}],"curies":[{"name":"wp","href":"https:\/\/api.w.org\/{rel}","templated":true}]}}