{"id":2587,"date":"2017-06-02T08:19:47","date_gmt":"2017-06-02T06:19:47","guid":{"rendered":"https:\/\/atrinis.com\/club\/?post_type=product&#038;p=2587"},"modified":"2022-02-15T10:13:33","modified_gmt":"2022-02-15T09:13:33","slug":"short-de-marche","status":"publish","type":"product","link":"https:\/\/atrinis.com\/club\/produit\/short-de-marche\/","title":{"rendered":"Short de Marche"},"content":{"rendered":"<div class=\"wpb-content-wrapper\"><p>[vc_row][vc_column][vc_column_text]Short de sport ajour\u00e9 pour la marche, l\u00e9ger et respirant. Fils noirs et bande imprim\u00e9e &#8220;AU CHOIX&#8221; sur le c\u00f4t\u00e9. Poche int\u00e9rieure pour ranger cartes ou cl\u00e9s. 2 poches lat\u00e9rales. Ceinture \u00e9lastique avec cordon de serrage pour un meilleur soutien. Fabriqu\u00e9 en France , distribu\u00e9 par le Club ou l&#8217;Association.[\/vc_column_text][\/vc_column][\/vc_row]<\/p>\n<\/div>","protected":false},"excerpt":{"rendered":"<p>Short de sport ajour\u00e9 pour la marche, l\u00e9ger et respirant. Fils noirs et bande imprim\u00e9e &#8220;AU CHOIX&#8221; sur le c\u00f4t\u00e9. Poche int\u00e9rieure pour ranger cartes ou cl\u00e9s. 2 poches lat\u00e9rales. Ceinture \u00e9lastique avec cordon de serrage pour un meilleur soutien. Fabriqu\u00e9 en France , distribu\u00e9 par le Club ou l&#8217;Association.<\/p>\n","protected":false},"featured_media":2453,"comment_status":"open","ping_status":"closed","template":"","meta":[],"product_brand":[],"product_cat":[938],"product_tag":[835],"class_list":{"0":"post-2587","1":"product","2":"type-product","3":"status-publish","4":"has-post-thumbnail","6":"product_cat-habillement","7":"product_tag-habillement","9":"first","10":"instock","11":"shipping-taxable","12":"purchasable","13":"product-type-variable"},"yoast_head":"<!-- This site is optimized with the Yoast SEO Premium plugin v18.3 (Yoast SEO v27.0) - https:\/\/yoast.com\/product\/yoast-seo-premium-wordpress\/ -->\n<title>Short de Marche | SPORT&#039;ASSOC<\/title>\n<meta name=\"robots\" content=\"index, follow, max-snippet:-1, max-image-preview:large, max-video-preview:-1\" \/>\n<link rel=\"canonical\" href=\"https:\/\/atrinis.com\/club\/produit\/short-de-marche\/\" \/>\n<meta property=\"og:locale\" content=\"fr_FR\" \/>\n<meta property=\"og:type\" content=\"article\" \/>\n<meta property=\"og:title\" content=\"Short de Marche\" \/>\n<meta property=\"og:description\" content=\"Short de sport ajour\u00e9 pour la marche, l\u00e9ger et respirant. Fils noirs et bande imprim\u00e9e &quot;AU CHOIX&quot; sur le c\u00f4t\u00e9. Poche int\u00e9rieure pour ranger cartes ou cl\u00e9s. 2 poches lat\u00e9rales. Ceinture \u00e9lastique avec cordon de serrage pour un meilleur soutien. Fabriqu\u00e9 en France , distribu\u00e9 par le Club ou l&#039;Association.\" \/>\n<meta property=\"og:url\" content=\"https:\/\/atrinis.com\/club\/produit\/short-de-marche\/\" \/>\n<meta property=\"og:site_name\" content=\"SPORT&#039;ASSOC\" \/>\n<meta property=\"article:modified_time\" content=\"2022-02-15T09:13:33+00:00\" \/>\n<meta property=\"og:image\" content=\"https:\/\/atrinis.com\/club\/medias\/2017\/01\/product_06.jpg\" \/>\n\t<meta property=\"og:image:width\" content=\"600\" \/>\n\t<meta property=\"og:image:height\" content=\"600\" \/>\n\t<meta property=\"og:image:type\" content=\"image\/jpeg\" \/>\n<meta name=\"twitter:card\" content=\"summary_large_image\" \/>\n<script type=\"application\/ld+json\" class=\"yoast-schema-graph\">{\"@context\":\"https:\/\/schema.org\",\"@graph\":[{\"@type\":\"WebPage\",\"@id\":\"https:\/\/atrinis.com\/club\/produit\/short-de-marche\/\",\"url\":\"https:\/\/atrinis.com\/club\/produit\/short-de-marche\/\",\"name\":\"Short de Marche | SPORT&#039;ASSOC\",\"isPartOf\":{\"@id\":\"https:\/\/atrinis.com\/club\/#website\"},\"primaryImageOfPage\":{\"@id\":\"https:\/\/atrinis.com\/club\/produit\/short-de-marche\/#primaryimage\"},\"image\":{\"@id\":\"https:\/\/atrinis.com\/club\/produit\/short-de-marche\/#primaryimage\"},\"thumbnailUrl\":\"https:\/\/atrinis.com\/club\/medias\/2017\/01\/product_06.jpg\",\"datePublished\":\"2017-06-02T06:19:47+00:00\",\"dateModified\":\"2022-02-15T09:13:33+00:00\",\"breadcrumb\":{\"@id\":\"https:\/\/atrinis.com\/club\/produit\/short-de-marche\/#breadcrumb\"},\"inLanguage\":\"fr-FR\",\"potentialAction\":[{\"@type\":\"ReadAction\",\"target\":[\"https:\/\/atrinis.com\/club\/produit\/short-de-marche\/\"]}]},{\"@type\":\"ImageObject\",\"inLanguage\":\"fr-FR\",\"@id\":\"https:\/\/atrinis.com\/club\/produit\/short-de-marche\/#primaryimage\",\"url\":\"https:\/\/atrinis.com\/club\/medias\/2017\/01\/product_06.jpg\",\"contentUrl\":\"https:\/\/atrinis.com\/club\/medias\/2017\/01\/product_06.jpg\",\"width\":600,\"height\":600},{\"@type\":\"BreadcrumbList\",\"@id\":\"https:\/\/atrinis.com\/club\/produit\/short-de-marche\/#breadcrumb\",\"itemListElement\":[{\"@type\":\"ListItem\",\"position\":1,\"name\":\"Home\",\"item\":\"https:\/\/atrinis.com\/club\/\"},{\"@type\":\"ListItem\",\"position\":2,\"name\":\"Notre catalogue\",\"item\":\"https:\/\/atrinis.com\/club\/notre-catalogue\/\"},{\"@type\":\"ListItem\",\"position\":3,\"name\":\"Short de Marche\"}]},{\"@type\":\"WebSite\",\"@id\":\"https:\/\/atrinis.com\/club\/#website\",\"url\":\"https:\/\/atrinis.com\/club\/\",\"name\":\"SPORT'ASSOC\",\"description\":\"Progiciel pour Clubs de Sport &amp; Associations Sportives - DEMO\",\"publisher\":{\"@id\":\"https:\/\/atrinis.com\/club\/#organization\"},\"potentialAction\":[{\"@type\":\"SearchAction\",\"target\":{\"@type\":\"EntryPoint\",\"urlTemplate\":\"https:\/\/atrinis.com\/club\/?s={search_term_string}\"},\"query-input\":{\"@type\":\"PropertyValueSpecification\",\"valueRequired\":true,\"valueName\":\"search_term_string\"}}],\"inLanguage\":\"fr-FR\"},{\"@type\":\"Organization\",\"@id\":\"https:\/\/atrinis.com\/club\/#organization\",\"name\":\"SPORT'ASSOC\",\"url\":\"https:\/\/atrinis.com\/club\/\",\"logo\":{\"@type\":\"ImageObject\",\"inLanguage\":\"fr-FR\",\"@id\":\"https:\/\/atrinis.com\/club\/#\/schema\/logo\/image\/\",\"url\":\"https:\/\/atrinis.com\/club\/medias\/2020\/03\/SPORTASSOC-Logo-Club-de-Sport-ATRINIS-SaaS-E-commerce.png\",\"contentUrl\":\"https:\/\/atrinis.com\/club\/medias\/2020\/03\/SPORTASSOC-Logo-Club-de-Sport-ATRINIS-SaaS-E-commerce.png\",\"width\":1183,\"height\":306,\"caption\":\"SPORT'ASSOC\"},\"image\":{\"@id\":\"https:\/\/atrinis.com\/club\/#\/schema\/logo\/image\/\"}}]}<\/script>\n<!-- \/ Yoast SEO Premium plugin. -->","yoast_head_json":{"title":"Short de Marche | SPORT&#039;ASSOC","robots":{"index":"index","follow":"follow","max-snippet":"max-snippet:-1","max-image-preview":"max-image-preview:large","max-video-preview":"max-video-preview:-1"},"canonical":"https:\/\/atrinis.com\/club\/produit\/short-de-marche\/","og_locale":"fr_FR","og_type":"article","og_title":"Short de Marche","og_description":"Short de sport ajour\u00e9 pour la marche, l\u00e9ger et respirant. Fils noirs et bande imprim\u00e9e \"AU CHOIX\" sur le c\u00f4t\u00e9. Poche int\u00e9rieure pour ranger cartes ou cl\u00e9s. 2 poches lat\u00e9rales. Ceinture \u00e9lastique avec cordon de serrage pour un meilleur soutien. Fabriqu\u00e9 en France , distribu\u00e9 par le Club ou l'Association.","og_url":"https:\/\/atrinis.com\/club\/produit\/short-de-marche\/","og_site_name":"SPORT&#039;ASSOC","article_modified_time":"2022-02-15T09:13:33+00:00","og_image":[{"width":600,"height":600,"url":"https:\/\/atrinis.com\/club\/medias\/2017\/01\/product_06.jpg","type":"image\/jpeg"}],"twitter_card":"summary_large_image","schema":{"@context":"https:\/\/schema.org","@graph":[{"@type":"WebPage","@id":"https:\/\/atrinis.com\/club\/produit\/short-de-marche\/","url":"https:\/\/atrinis.com\/club\/produit\/short-de-marche\/","name":"Short de Marche | SPORT&#039;ASSOC","isPartOf":{"@id":"https:\/\/atrinis.com\/club\/#website"},"primaryImageOfPage":{"@id":"https:\/\/atrinis.com\/club\/produit\/short-de-marche\/#primaryimage"},"image":{"@id":"https:\/\/atrinis.com\/club\/produit\/short-de-marche\/#primaryimage"},"thumbnailUrl":"https:\/\/atrinis.com\/club\/medias\/2017\/01\/product_06.jpg","datePublished":"2017-06-02T06:19:47+00:00","dateModified":"2022-02-15T09:13:33+00:00","breadcrumb":{"@id":"https:\/\/atrinis.com\/club\/produit\/short-de-marche\/#breadcrumb"},"inLanguage":"fr-FR","potentialAction":[{"@type":"ReadAction","target":["https:\/\/atrinis.com\/club\/produit\/short-de-marche\/"]}]},{"@type":"ImageObject","inLanguage":"fr-FR","@id":"https:\/\/atrinis.com\/club\/produit\/short-de-marche\/#primaryimage","url":"https:\/\/atrinis.com\/club\/medias\/2017\/01\/product_06.jpg","contentUrl":"https:\/\/atrinis.com\/club\/medias\/2017\/01\/product_06.jpg","width":600,"height":600},{"@type":"BreadcrumbList","@id":"https:\/\/atrinis.com\/club\/produit\/short-de-marche\/#breadcrumb","itemListElement":[{"@type":"ListItem","position":1,"name":"Home","item":"https:\/\/atrinis.com\/club\/"},{"@type":"ListItem","position":2,"name":"Notre catalogue","item":"https:\/\/atrinis.com\/club\/notre-catalogue\/"},{"@type":"ListItem","position":3,"name":"Short de Marche"}]},{"@type":"WebSite","@id":"https:\/\/atrinis.com\/club\/#website","url":"https:\/\/atrinis.com\/club\/","name":"SPORT'ASSOC","description":"Progiciel pour Clubs de Sport &amp; Associations Sportives - DEMO","publisher":{"@id":"https:\/\/atrinis.com\/club\/#organization"},"potentialAction":[{"@type":"SearchAction","target":{"@type":"EntryPoint","urlTemplate":"https:\/\/atrinis.com\/club\/?s={search_term_string}"},"query-input":{"@type":"PropertyValueSpecification","valueRequired":true,"valueName":"search_term_string"}}],"inLanguage":"fr-FR"},{"@type":"Organization","@id":"https:\/\/atrinis.com\/club\/#organization","name":"SPORT'ASSOC","url":"https:\/\/atrinis.com\/club\/","logo":{"@type":"ImageObject","inLanguage":"fr-FR","@id":"https:\/\/atrinis.com\/club\/#\/schema\/logo\/image\/","url":"https:\/\/atrinis.com\/club\/medias\/2020\/03\/SPORTASSOC-Logo-Club-de-Sport-ATRINIS-SaaS-E-commerce.png","contentUrl":"https:\/\/atrinis.com\/club\/medias\/2020\/03\/SPORTASSOC-Logo-Club-de-Sport-ATRINIS-SaaS-E-commerce.png","width":1183,"height":306,"caption":"SPORT'ASSOC"},"image":{"@id":"https:\/\/atrinis.com\/club\/#\/schema\/logo\/image\/"}}]}},"_links":{"self":[{"href":"https:\/\/atrinis.com\/club\/wp-json\/wp\/v2\/product\/2587","targetHints":{"allow":["GET"]}}],"collection":[{"href":"https:\/\/atrinis.com\/club\/wp-json\/wp\/v2\/product"}],"about":[{"href":"https:\/\/atrinis.com\/club\/wp-json\/wp\/v2\/types\/product"}],"replies":[{"embeddable":true,"href":"https:\/\/atrinis.com\/club\/wp-json\/wp\/v2\/comments?post=2587"}],"wp:featuredmedia":[{"embeddable":true,"href":"https:\/\/atrinis.com\/club\/wp-json\/wp\/v2\/media\/2453"}],"wp:attachment":[{"href":"https:\/\/atrinis.com\/club\/wp-json\/wp\/v2\/media?parent=2587"}],"wp:term":[{"taxonomy":"product_brand","embeddable":true,"href":"https:\/\/atrinis.com\/club\/wp-json\/wp\/v2\/product_brand?post=2587"},{"taxonomy":"product_cat","embeddable":true,"href":"https:\/\/atrinis.com\/club\/wp-json\/wp\/v2\/product_cat?post=2587"},{"taxonomy":"product_tag","embeddable":true,"href":"https:\/\/atrinis.com\/club\/wp-json\/wp\/v2\/product_tag?post=2587"}],"curies":[{"name":"wp","href":"https:\/\/api.w.org\/{rel}","templated":true}]}}