{"id":2583,"date":"2017-06-02T08:10:07","date_gmt":"2017-06-02T06:10:07","guid":{"rendered":"https:\/\/atrinis.com\/club\/?post_type=product&#038;p=2583"},"modified":"2026-03-22T11:33:08","modified_gmt":"2026-03-22T10:33:08","slug":"velo-int-ext","status":"publish","type":"product","link":"https:\/\/atrinis.com\/club\/produit\/velo-int-ext\/","title":{"rendered":"Cyclisme Int\/Ext"},"content":{"rendered":"<div class=\"wpb-content-wrapper\"><p>[vc_row][vc_column][vc_column_text]Nous proposons des activit\u00e9s qui ont pour ambition de r\u00e9pondre aux diff\u00e9rentes pratiques du cyclotourisme : le v\u00e9lo de route, le VTT.<br \/>\nNous proposons, de septembre \u00e0 juin, des randonn\u00e9es permanentes qui attirent chaque ann\u00e9e plus de 300 cyclotouristes pour une travers\u00e9e de paysages fran\u00e7ais et d&#8217;autres moins connus.[\/vc_column_text][\/vc_column][\/vc_row]<\/p>\n<\/div>","protected":false},"excerpt":{"rendered":"<p>Nous proposons des activit\u00e9s qui ont pour ambition de r\u00e9pondre aux diff\u00e9rentes pratiques du cyclotourisme : le v\u00e9lo de route, le VTT.<br \/>\nNous proposons, de septembre \u00e0 juin, des randonn\u00e9es permanentes qui attirent chaque ann\u00e9e plus de 300 cyclotouristes pour une travers\u00e9e de paysages fran\u00e7ais et d&#8217;autres moins connus.<br \/>\n[gymedge-vc-schedule cat=\"326\" schedule_button=\"false\"]<\/p>\n","protected":false},"featured_media":2875,"comment_status":"open","ping_status":"closed","template":"","meta":[],"product_brand":[],"product_cat":[551,552],"product_tag":[434,435],"class_list":{"0":"post-2583","1":"product","2":"type-product","3":"status-publish","4":"has-post-thumbnail","6":"product_cat-detente","7":"product_cat-sport-individuel","8":"product_tag-health","9":"product_tag-weight","10":"pa_horaires-mardi-1500","11":"pa_horaires-vendredi-1700","13":"first","14":"instock","15":"sold-individually","16":"shipping-taxable","17":"purchasable","18":"product-type-variable"},"yoast_head":"<!-- This site is optimized with the Yoast SEO Premium plugin v18.3 (Yoast SEO v27.0) - https:\/\/yoast.com\/product\/yoast-seo-premium-wordpress\/ -->\n<title>Cyclisme Int\/Ext | SPORT&#039;ASSOC<\/title>\n<meta name=\"description\" content=\"D\u00e9crivez votre discipline sportive avec sa programmation avec SPORT&#039;ASSOC en quelques minutes sans connaissances informatiques.\" \/>\n<meta name=\"robots\" content=\"index, follow, max-snippet:-1, max-image-preview:large, max-video-preview:-1\" \/>\n<link rel=\"canonical\" href=\"https:\/\/atrinis.com\/club\/produit\/velo-int-ext\/\" \/>\n<meta property=\"og:locale\" content=\"fr_FR\" \/>\n<meta property=\"og:type\" content=\"article\" \/>\n<meta property=\"og:title\" content=\"Cyclisme Int\/Ext\" \/>\n<meta property=\"og:description\" content=\"D\u00e9crivez votre discipline sportive avec sa programmation avec SPORT&#039;ASSOC en quelques minutes sans connaissances informatiques.\" \/>\n<meta property=\"og:url\" content=\"https:\/\/atrinis.com\/club\/produit\/velo-int-ext\/\" \/>\n<meta property=\"og:site_name\" content=\"SPORT&#039;ASSOC\" \/>\n<meta property=\"article:modified_time\" content=\"2026-03-22T10:33:08+00:00\" \/>\n<meta property=\"og:image\" content=\"https:\/\/atrinis.com\/club\/medias\/2016\/12\/ATRINIS-Club-de-Sport-Cycle-demo.jpg\" \/>\n\t<meta property=\"og:image:width\" content=\"800\" \/>\n\t<meta property=\"og:image:height\" content=\"533\" \/>\n\t<meta property=\"og:image:type\" content=\"image\/jpeg\" \/>\n<meta name=\"twitter:card\" content=\"summary_large_image\" \/>\n<meta name=\"twitter:label1\" content=\"Dur\u00e9e de lecture estim\u00e9e\" \/>\n\t<meta name=\"twitter:data1\" content=\"1 minute\" \/>\n<script type=\"application\/ld+json\" class=\"yoast-schema-graph\">{\"@context\":\"https:\/\/schema.org\",\"@graph\":[{\"@type\":\"WebPage\",\"@id\":\"https:\/\/atrinis.com\/club\/produit\/velo-int-ext\/\",\"url\":\"https:\/\/atrinis.com\/club\/produit\/velo-int-ext\/\",\"name\":\"Cyclisme Int\/Ext | SPORT&#039;ASSOC\",\"isPartOf\":{\"@id\":\"https:\/\/atrinis.com\/club\/#website\"},\"primaryImageOfPage\":{\"@id\":\"https:\/\/atrinis.com\/club\/produit\/velo-int-ext\/#primaryimage\"},\"image\":{\"@id\":\"https:\/\/atrinis.com\/club\/produit\/velo-int-ext\/#primaryimage\"},\"thumbnailUrl\":\"https:\/\/atrinis.com\/club\/medias\/2016\/12\/ATRINIS-Club-de-Sport-Cycle-demo.jpg\",\"datePublished\":\"2017-06-02T06:10:07+00:00\",\"dateModified\":\"2026-03-22T10:33:08+00:00\",\"description\":\"D\u00e9crivez votre discipline sportive avec sa programmation avec SPORT'ASSOC en quelques minutes sans connaissances informatiques.\",\"breadcrumb\":{\"@id\":\"https:\/\/atrinis.com\/club\/produit\/velo-int-ext\/#breadcrumb\"},\"inLanguage\":\"fr-FR\",\"potentialAction\":[{\"@type\":\"ReadAction\",\"target\":[\"https:\/\/atrinis.com\/club\/produit\/velo-int-ext\/\"]}]},{\"@type\":\"ImageObject\",\"inLanguage\":\"fr-FR\",\"@id\":\"https:\/\/atrinis.com\/club\/produit\/velo-int-ext\/#primaryimage\",\"url\":\"https:\/\/atrinis.com\/club\/medias\/2016\/12\/ATRINIS-Club-de-Sport-Cycle-demo.jpg\",\"contentUrl\":\"https:\/\/atrinis.com\/club\/medias\/2016\/12\/ATRINIS-Club-de-Sport-Cycle-demo.jpg\",\"width\":800,\"height\":533},{\"@type\":\"BreadcrumbList\",\"@id\":\"https:\/\/atrinis.com\/club\/produit\/velo-int-ext\/#breadcrumb\",\"itemListElement\":[{\"@type\":\"ListItem\",\"position\":1,\"name\":\"Home\",\"item\":\"https:\/\/atrinis.com\/club\/\"},{\"@type\":\"ListItem\",\"position\":2,\"name\":\"Notre catalogue\",\"item\":\"https:\/\/atrinis.com\/club\/notre-catalogue\/\"},{\"@type\":\"ListItem\",\"position\":3,\"name\":\"Cyclisme Int\/Ext\"}]},{\"@type\":\"WebSite\",\"@id\":\"https:\/\/atrinis.com\/club\/#website\",\"url\":\"https:\/\/atrinis.com\/club\/\",\"name\":\"SPORT'ASSOC\",\"description\":\"Progiciel pour Clubs de Sport &amp; Associations Sportives - DEMO\",\"publisher\":{\"@id\":\"https:\/\/atrinis.com\/club\/#organization\"},\"potentialAction\":[{\"@type\":\"SearchAction\",\"target\":{\"@type\":\"EntryPoint\",\"urlTemplate\":\"https:\/\/atrinis.com\/club\/?s={search_term_string}\"},\"query-input\":{\"@type\":\"PropertyValueSpecification\",\"valueRequired\":true,\"valueName\":\"search_term_string\"}}],\"inLanguage\":\"fr-FR\"},{\"@type\":\"Organization\",\"@id\":\"https:\/\/atrinis.com\/club\/#organization\",\"name\":\"SPORT'ASSOC\",\"url\":\"https:\/\/atrinis.com\/club\/\",\"logo\":{\"@type\":\"ImageObject\",\"inLanguage\":\"fr-FR\",\"@id\":\"https:\/\/atrinis.com\/club\/#\/schema\/logo\/image\/\",\"url\":\"https:\/\/atrinis.com\/club\/medias\/2020\/03\/SPORTASSOC-Logo-Club-de-Sport-ATRINIS-SaaS-E-commerce.png\",\"contentUrl\":\"https:\/\/atrinis.com\/club\/medias\/2020\/03\/SPORTASSOC-Logo-Club-de-Sport-ATRINIS-SaaS-E-commerce.png\",\"width\":1183,\"height\":306,\"caption\":\"SPORT'ASSOC\"},\"image\":{\"@id\":\"https:\/\/atrinis.com\/club\/#\/schema\/logo\/image\/\"}}]}<\/script>\n<!-- \/ Yoast SEO Premium plugin. -->","yoast_head_json":{"title":"Cyclisme Int\/Ext | SPORT&#039;ASSOC","description":"D\u00e9crivez votre discipline sportive avec sa programmation avec SPORT'ASSOC en quelques minutes sans connaissances informatiques.","robots":{"index":"index","follow":"follow","max-snippet":"max-snippet:-1","max-image-preview":"max-image-preview:large","max-video-preview":"max-video-preview:-1"},"canonical":"https:\/\/atrinis.com\/club\/produit\/velo-int-ext\/","og_locale":"fr_FR","og_type":"article","og_title":"Cyclisme Int\/Ext","og_description":"D\u00e9crivez votre discipline sportive avec sa programmation avec SPORT'ASSOC en quelques minutes sans connaissances informatiques.","og_url":"https:\/\/atrinis.com\/club\/produit\/velo-int-ext\/","og_site_name":"SPORT&#039;ASSOC","article_modified_time":"2026-03-22T10:33:08+00:00","og_image":[{"width":800,"height":533,"url":"https:\/\/atrinis.com\/club\/medias\/2016\/12\/ATRINIS-Club-de-Sport-Cycle-demo.jpg","type":"image\/jpeg"}],"twitter_card":"summary_large_image","twitter_misc":{"Dur\u00e9e de lecture estim\u00e9e":"1 minute"},"schema":{"@context":"https:\/\/schema.org","@graph":[{"@type":"WebPage","@id":"https:\/\/atrinis.com\/club\/produit\/velo-int-ext\/","url":"https:\/\/atrinis.com\/club\/produit\/velo-int-ext\/","name":"Cyclisme Int\/Ext | SPORT&#039;ASSOC","isPartOf":{"@id":"https:\/\/atrinis.com\/club\/#website"},"primaryImageOfPage":{"@id":"https:\/\/atrinis.com\/club\/produit\/velo-int-ext\/#primaryimage"},"image":{"@id":"https:\/\/atrinis.com\/club\/produit\/velo-int-ext\/#primaryimage"},"thumbnailUrl":"https:\/\/atrinis.com\/club\/medias\/2016\/12\/ATRINIS-Club-de-Sport-Cycle-demo.jpg","datePublished":"2017-06-02T06:10:07+00:00","dateModified":"2026-03-22T10:33:08+00:00","description":"D\u00e9crivez votre discipline sportive avec sa programmation avec SPORT'ASSOC en quelques minutes sans connaissances informatiques.","breadcrumb":{"@id":"https:\/\/atrinis.com\/club\/produit\/velo-int-ext\/#breadcrumb"},"inLanguage":"fr-FR","potentialAction":[{"@type":"ReadAction","target":["https:\/\/atrinis.com\/club\/produit\/velo-int-ext\/"]}]},{"@type":"ImageObject","inLanguage":"fr-FR","@id":"https:\/\/atrinis.com\/club\/produit\/velo-int-ext\/#primaryimage","url":"https:\/\/atrinis.com\/club\/medias\/2016\/12\/ATRINIS-Club-de-Sport-Cycle-demo.jpg","contentUrl":"https:\/\/atrinis.com\/club\/medias\/2016\/12\/ATRINIS-Club-de-Sport-Cycle-demo.jpg","width":800,"height":533},{"@type":"BreadcrumbList","@id":"https:\/\/atrinis.com\/club\/produit\/velo-int-ext\/#breadcrumb","itemListElement":[{"@type":"ListItem","position":1,"name":"Home","item":"https:\/\/atrinis.com\/club\/"},{"@type":"ListItem","position":2,"name":"Notre catalogue","item":"https:\/\/atrinis.com\/club\/notre-catalogue\/"},{"@type":"ListItem","position":3,"name":"Cyclisme Int\/Ext"}]},{"@type":"WebSite","@id":"https:\/\/atrinis.com\/club\/#website","url":"https:\/\/atrinis.com\/club\/","name":"SPORT'ASSOC","description":"Progiciel pour Clubs de Sport &amp; Associations Sportives - DEMO","publisher":{"@id":"https:\/\/atrinis.com\/club\/#organization"},"potentialAction":[{"@type":"SearchAction","target":{"@type":"EntryPoint","urlTemplate":"https:\/\/atrinis.com\/club\/?s={search_term_string}"},"query-input":{"@type":"PropertyValueSpecification","valueRequired":true,"valueName":"search_term_string"}}],"inLanguage":"fr-FR"},{"@type":"Organization","@id":"https:\/\/atrinis.com\/club\/#organization","name":"SPORT'ASSOC","url":"https:\/\/atrinis.com\/club\/","logo":{"@type":"ImageObject","inLanguage":"fr-FR","@id":"https:\/\/atrinis.com\/club\/#\/schema\/logo\/image\/","url":"https:\/\/atrinis.com\/club\/medias\/2020\/03\/SPORTASSOC-Logo-Club-de-Sport-ATRINIS-SaaS-E-commerce.png","contentUrl":"https:\/\/atrinis.com\/club\/medias\/2020\/03\/SPORTASSOC-Logo-Club-de-Sport-ATRINIS-SaaS-E-commerce.png","width":1183,"height":306,"caption":"SPORT'ASSOC"},"image":{"@id":"https:\/\/atrinis.com\/club\/#\/schema\/logo\/image\/"}}]}},"_links":{"self":[{"href":"https:\/\/atrinis.com\/club\/wp-json\/wp\/v2\/product\/2583","targetHints":{"allow":["GET"]}}],"collection":[{"href":"https:\/\/atrinis.com\/club\/wp-json\/wp\/v2\/product"}],"about":[{"href":"https:\/\/atrinis.com\/club\/wp-json\/wp\/v2\/types\/product"}],"replies":[{"embeddable":true,"href":"https:\/\/atrinis.com\/club\/wp-json\/wp\/v2\/comments?post=2583"}],"wp:featuredmedia":[{"embeddable":true,"href":"https:\/\/atrinis.com\/club\/wp-json\/wp\/v2\/media\/2875"}],"wp:attachment":[{"href":"https:\/\/atrinis.com\/club\/wp-json\/wp\/v2\/media?parent=2583"}],"wp:term":[{"taxonomy":"product_brand","embeddable":true,"href":"https:\/\/atrinis.com\/club\/wp-json\/wp\/v2\/product_brand?post=2583"},{"taxonomy":"product_cat","embeddable":true,"href":"https:\/\/atrinis.com\/club\/wp-json\/wp\/v2\/product_cat?post=2583"},{"taxonomy":"product_tag","embeddable":true,"href":"https:\/\/atrinis.com\/club\/wp-json\/wp\/v2\/product_tag?post=2583"}],"curies":[{"name":"wp","href":"https:\/\/api.w.org\/{rel}","templated":true}]}}