{"id":3951,"date":"2020-10-16T10:13:13","date_gmt":"2020-10-16T08:13:13","guid":{"rendered":"https:\/\/atrinis.com\/club\/?page_id=3951"},"modified":"2020-10-16T15:06:44","modified_gmt":"2020-10-16T13:06:44","slug":"des-fonctionnalites-indispensables","status":"publish","type":"page","link":"https:\/\/atrinis.com\/club\/des-fonctionnalites-indispensables\/","title":{"rendered":"Des fonctionnalit\u00e9s indispensables"},"content":{"rendered":"<div class=\"wpb-content-wrapper\"><p>[vc_row][vc_column]<div id=\"ultimate-heading-714469e4b3b04cd67\" class=\"uvc-heading ult-adjust-bottom-margin ultimate-heading-714469e4b3b04cd67 uvc-7441 \" data-hspacer=\"line_only\"  data-halign=\"center\" style=\"text-align:center\"><div class=\"uvc-main-heading ult-responsive\"  data-ultimate-target='.uvc-heading.ultimate-heading-714469e4b3b04cd67 h1'  data-responsive-json-new='{\"font-size\":\"\",\"line-height\":\"\"}' ><h1 style=\"font-weight:bold;\">Des fonctionnalit\u00e9s uniques gr\u00e2ce \u00e0 SPORT'ASSOC<\/h1><\/div><div class=\"uvc-heading-spacer line_only\" style=\"topheight:1px;\"><span class=\"uvc-headings-line\" style=\"border-style:solid;border-bottom-width:1px;border-color:#777777;width:autopx;\"><\/span><\/div><div class=\"uvc-sub-heading ult-responsive\"  data-ultimate-target='.uvc-heading.ultimate-heading-714469e4b3b04cd67 .uvc-sub-heading '  data-responsive-json-new='{\"font-size\":\"\",\"line-height\":\"\"}'  style=\"font-weight:normal;margin-top:10px;\">Un panel complet pour la gestion du Club ou de l&#8217;Association Sportive rendant SPORT&#8217;ASSOC incontournable.<\/div><\/div><div class=\"ult-spacer spacer-69e4b3b04cd8d\" data-id=\"69e4b3b04cd8d\" data-height=\"20\" data-height-mobile=\"20\" data-height-tab=\"20\" data-height-tab-portrait=\"\" data-height-mobile-landscape=\"\" style=\"clear:both;display:block;\"><\/div>[\/vc_column][\/vc_row][vc_row][vc_column][vc_tta_accordion style=&#8221;modern&#8221; shape=&#8221;square&#8221; color=&#8221;sandy-brown&#8221; spacing=&#8221;1&#8243; c_icon=&#8221;triangle&#8221; active_section=&#8221;1&#8243;][vc_tta_section i_type=&#8221;entypo&#8221; i_icon_entypo=&#8221;entypo-icon entypo-icon-cd&#8221; add_icon=&#8221;true&#8221; title=&#8221;Site Internet&#8221; tab_id=&#8221;internet&#8221;][vc_row_inner][vc_column_inner width=&#8221;1\/3&#8243;][vc_single_image image=&#8221;3963&#8243; img_size=&#8221;medium&#8221; onclick=&#8221;link_image&#8221;][\/vc_column_inner][vc_column_inner width=&#8221;1\/3&#8243;][vc_single_image image=&#8221;3975&#8243; img_size=&#8221;medium&#8221; onclick=&#8221;link_image&#8221;][\/vc_column_inner][vc_column_inner width=&#8221;1\/3&#8243;][vc_single_image image=&#8221;3976&#8243; img_size=&#8221;medium&#8221; onclick=&#8221;link_image&#8221;][\/vc_column_inner][\/vc_row_inner][vc_row_inner][vc_column_inner]<div class=\"ult-spacer spacer-69e4b3b04cd9a\" data-id=\"69e4b3b04cd9a\" data-height=\"20\" data-height-mobile=\"20\" data-height-tab=\"20\" data-height-tab-portrait=\"\" data-height-mobile-landscape=\"\" style=\"clear:both;display:block;\"><\/div>[\/vc_column_inner][\/vc_row_inner][vc_row_inner][vc_column_inner width=&#8221;1\/2&#8243; css=&#8221;.vc_custom_1602839167148{margin-top: 10px !important;margin-bottom: 10px !important;}&#8221;][vc_column_text]<img loading=\"lazy\" decoding=\"async\" class=\"size-full wp-image-2488 alignleft\" src=\"https:\/\/atrinis.com\/club\/medias\/2017\/05\/gym-icon-2.png\" alt=\"\" width=\"43\" height=\"41\" \/>Un masque graphique moderne, dynamique et compatible avec tous les \u00e9crans, orient\u00e9 &#8220;SPORT&#8221;, sp\u00e9cialement \u00e9tudi\u00e9 pour concevoir votre site internet. Votre site deviendra unique et pourra \u00eatre modifi\u00e9 24\/24 , 7\/7 afin de vivre \u00e0 l\u2019image de votre club ou de votre association.[\/vc_column_text][\/vc_column_inner][vc_column_inner width=&#8221;1\/2&#8243; css=&#8221;.vc_custom_1602839179892{margin-top: 10px !important;margin-bottom: 10px !important;}&#8221;][vc_column_text]<img loading=\"lazy\" decoding=\"async\" class=\"size-full wp-image-2488 alignleft\" src=\"https:\/\/atrinis.com\/club\/medias\/2017\/05\/gym-icon-2.png\" alt=\"\" width=\"43\" height=\"41\" \/>Une conception unique de la pr\u00e9sentation de votre site internet. Concevez vos menus comme vous le d\u00e9sirez. Tout est configurable globalement pour\u00a0 toutes les pages et\/ou individuellement en fonction des besoins. R\u00e9digez vos page et news comme dans un espace bureautique ou un traitement de texte[\/vc_column_text][\/vc_column_inner][\/vc_row_inner][vc_row_inner][vc_column_inner width=&#8221;1\/2&#8243; css=&#8221;.vc_custom_1602839146711{margin-top: 10px !important;margin-bottom: 10px !important;}&#8221;][vc_column_text]<img loading=\"lazy\" decoding=\"async\" class=\"size-full wp-image-2488 alignleft\" src=\"https:\/\/atrinis.com\/club\/medias\/2017\/05\/gym-icon-2.png\" alt=\"\" width=\"43\" height=\"41\" \/>Choisissez vos couleurs et ajoutez vos image ou vid\u00e9os et concevez votre site unique pour qu&#8217;il corresponde \u00e0 l&#8217;organisations de votre club ou de votre association.<br \/>\nPas besoin de connaitre l&#8217;informatique , vous restez guid\u00e9 \u00e0 chaque \u00e9tape de votre cr\u00e9ation ou de vos modifications.[\/vc_column_text][\/vc_column_inner][vc_column_inner width=&#8221;1\/2&#8243; css=&#8221;.vc_custom_1602839155526{margin-top: 10px !important;margin-bottom: 10px !important;}&#8221;][vc_column_text]<img loading=\"lazy\" decoding=\"async\" class=\"size-full wp-image-2488 alignleft\" src=\"https:\/\/atrinis.com\/club\/medias\/2017\/05\/gym-icon-2.png\" alt=\"\" width=\"43\" height=\"41\" \/>Plus de papier, tout est centralis\u00e9 et num\u00e9rique. Une administration collective du site internet avec des droits et des privil\u00e8ges correspondants \u00e0 chaque fonction du membre de l&#8217;association ou des responsabilit\u00e9s dans le club. Administrez votre site internet seul ou \u00e0 plusieurs. D\u00e9l\u00e9guer \u00e0 vos animateurs ou coachs la gestion des adh\u00e9rents.[\/vc_column_text][\/vc_column_inner][\/vc_row_inner][\/vc_tta_section][vc_tta_section i_type=&#8221;entypo&#8221; i_icon_entypo=&#8221;entypo-icon entypo-icon-mail&#8221; add_icon=&#8221;true&#8221; title=&#8221;Communication&#8221; tab_id=&#8221;Communication&#8221;][vc_column_text]Communiquez largement avec votre communaut\u00e9 :<\/p>\n<p>Diffusez des articles sur votre site internet<br \/>\nEnvoyez des newsletters \u00e0 votre communaut\u00e9<br \/>\nCommuniquez en interne via l&#8217;intranet :<\/p>\n<p>Partagez des documents<br \/>\n\u00c9changez via la messagerie[\/vc_column_text][\/vc_tta_section][\/vc_tta_accordion][\/vc_column][\/vc_row]<\/p>\n<\/div>","protected":false},"excerpt":{"rendered":"<p>[vc_row][vc_column][\/vc_column][\/vc_row][vc_row][vc_column][vc_tta_accordion style=&#8221;modern&#8221; shape=&#8221;square&#8221; color=&#8221;sandy-brown&#8221; spacing=&#8221;1&#8243; c_icon=&#8221;triangle&#8221; active_section=&#8221;1&#8243;][vc_tta_section i_type=&#8221;entypo&#8221; i_icon_entypo=&#8221;entypo-icon entypo-icon-cd&#8221; add_icon=&#8221;true&#8221; title=&#8221;Site Internet&#8221; tab_id=&#8221;internet&#8221;][vc_row_inner][vc_column_inner width=&#8221;1\/3&#8243;][vc_single_image image=&#8221;3963&#8243; img_size=&#8221;medium&#8221; onclick=&#8221;link_image&#8221;][\/vc_column_inner][vc_column_inner width=&#8221;1\/3&#8243;][vc_single_image image=&#8221;3975&#8243; img_size=&#8221;medium&#8221; onclick=&#8221;link_image&#8221;][\/vc_column_inner][vc_column_inner width=&#8221;1\/3&#8243;][vc_single_image image=&#8221;3976&#8243; img_size=&#8221;medium&#8221; onclick=&#8221;link_image&#8221;][\/vc_column_inner][\/vc_row_inner][vc_row_inner][vc_column_inner][\/vc_column_inner][\/vc_row_inner][vc_row_inner][vc_column_inner width=&#8221;1\/2&#8243; css=&#8221;.vc_custom_1602839167148{margin-top: 10px !important;margin-bottom: 10px !important;}&#8221;][vc_column_text]Un masque graphique moderne, dynamique et compatible avec tous les \u00e9crans, orient\u00e9 &#8220;SPORT&#8221;, sp\u00e9cialement \u00e9tudi\u00e9 pour concevoir votre site internet. Votre site deviendra unique [&hellip;]<\/p>\n","protected":false},"author":1,"featured_media":0,"parent":0,"menu_order":0,"comment_status":"closed","ping_status":"closed","template":"","meta":{"footnotes":""},"class_list":["post-3951","page","type-page","status-publish","hentry"],"yoast_head":"<!-- This site is optimized with the Yoast SEO Premium plugin v18.3 (Yoast SEO v27.0) - https:\/\/yoast.com\/product\/yoast-seo-premium-wordpress\/ -->\n<title>Des fonctionnalit\u00e9s indispensables | SPORT&#039;ASSOC<\/title>\n<meta name=\"description\" content=\"Des fonctionnalit\u00e9s uniques gr\u00e2ce \u00e0 SPORT&#039;ASSOC - Un panel complet pour la gestion du Club ou de l\u2019Association Sportive rendant SPORT\u2019ASSOC incontournables.\" \/>\n<meta name=\"robots\" content=\"index, follow, max-snippet:-1, max-image-preview:large, max-video-preview:-1\" \/>\n<link rel=\"canonical\" href=\"https:\/\/atrinis.com\/club\/des-fonctionnalites-indispensables\/\" \/>\n<meta property=\"og:locale\" content=\"fr_FR\" \/>\n<meta property=\"og:type\" content=\"article\" \/>\n<meta property=\"og:title\" content=\"Des fonctionnalit\u00e9s indispensables\" \/>\n<meta property=\"og:description\" content=\"Des fonctionnalit\u00e9s uniques gr\u00e2ce \u00e0 SPORT&#039;ASSOC - Un panel complet pour la gestion du Club ou de l\u2019Association Sportive rendant SPORT\u2019ASSOC incontournables.\" \/>\n<meta property=\"og:url\" content=\"https:\/\/atrinis.com\/club\/des-fonctionnalites-indispensables\/\" \/>\n<meta property=\"og:site_name\" content=\"SPORT&#039;ASSOC\" \/>\n<meta property=\"article:modified_time\" content=\"2020-10-16T13:06:44+00:00\" \/>\n<meta property=\"og:image\" content=\"https:\/\/atrinis.com\/club\/medias\/2017\/05\/gym-icon-2.png\" \/>\n<meta name=\"twitter:card\" content=\"summary_large_image\" \/>\n<meta name=\"twitter:label1\" content=\"Dur\u00e9e de lecture estim\u00e9e\" \/>\n\t<meta name=\"twitter:data1\" content=\"3 minutes\" \/>\n<script type=\"application\/ld+json\" class=\"yoast-schema-graph\">{\"@context\":\"https:\/\/schema.org\",\"@graph\":[{\"@type\":\"WebPage\",\"@id\":\"https:\/\/atrinis.com\/club\/des-fonctionnalites-indispensables\/\",\"url\":\"https:\/\/atrinis.com\/club\/des-fonctionnalites-indispensables\/\",\"name\":\"Des fonctionnalit\u00e9s indispensables | SPORT&#039;ASSOC\",\"isPartOf\":{\"@id\":\"https:\/\/atrinis.com\/club\/#website\"},\"primaryImageOfPage\":{\"@id\":\"https:\/\/atrinis.com\/club\/des-fonctionnalites-indispensables\/#primaryimage\"},\"image\":{\"@id\":\"https:\/\/atrinis.com\/club\/des-fonctionnalites-indispensables\/#primaryimage\"},\"thumbnailUrl\":\"https:\/\/atrinis.com\/club\/medias\/2017\/05\/gym-icon-2.png\",\"datePublished\":\"2020-10-16T08:13:13+00:00\",\"dateModified\":\"2020-10-16T13:06:44+00:00\",\"description\":\"Des fonctionnalit\u00e9s uniques gr\u00e2ce \u00e0 SPORT'ASSOC - Un panel complet pour la gestion du Club ou de l\u2019Association Sportive rendant SPORT\u2019ASSOC incontournables.\",\"breadcrumb\":{\"@id\":\"https:\/\/atrinis.com\/club\/des-fonctionnalites-indispensables\/#breadcrumb\"},\"inLanguage\":\"fr-FR\",\"potentialAction\":[{\"@type\":\"ReadAction\",\"target\":[\"https:\/\/atrinis.com\/club\/des-fonctionnalites-indispensables\/\"]}]},{\"@type\":\"ImageObject\",\"inLanguage\":\"fr-FR\",\"@id\":\"https:\/\/atrinis.com\/club\/des-fonctionnalites-indispensables\/#primaryimage\",\"url\":\"https:\/\/atrinis.com\/club\/medias\/2017\/05\/gym-icon-2.png\",\"contentUrl\":\"https:\/\/atrinis.com\/club\/medias\/2017\/05\/gym-icon-2.png\",\"width\":43,\"height\":41},{\"@type\":\"BreadcrumbList\",\"@id\":\"https:\/\/atrinis.com\/club\/des-fonctionnalites-indispensables\/#breadcrumb\",\"itemListElement\":[{\"@type\":\"ListItem\",\"position\":1,\"name\":\"Home\",\"item\":\"https:\/\/atrinis.com\/club\/\"},{\"@type\":\"ListItem\",\"position\":2,\"name\":\"Des fonctionnalit\u00e9s indispensables\"}]},{\"@type\":\"WebSite\",\"@id\":\"https:\/\/atrinis.com\/club\/#website\",\"url\":\"https:\/\/atrinis.com\/club\/\",\"name\":\"SPORT'ASSOC\",\"description\":\"Progiciel pour Clubs de Sport &amp; Associations Sportives - DEMO\",\"publisher\":{\"@id\":\"https:\/\/atrinis.com\/club\/#organization\"},\"potentialAction\":[{\"@type\":\"SearchAction\",\"target\":{\"@type\":\"EntryPoint\",\"urlTemplate\":\"https:\/\/atrinis.com\/club\/?s={search_term_string}\"},\"query-input\":{\"@type\":\"PropertyValueSpecification\",\"valueRequired\":true,\"valueName\":\"search_term_string\"}}],\"inLanguage\":\"fr-FR\"},{\"@type\":\"Organization\",\"@id\":\"https:\/\/atrinis.com\/club\/#organization\",\"name\":\"SPORT'ASSOC\",\"url\":\"https:\/\/atrinis.com\/club\/\",\"logo\":{\"@type\":\"ImageObject\",\"inLanguage\":\"fr-FR\",\"@id\":\"https:\/\/atrinis.com\/club\/#\/schema\/logo\/image\/\",\"url\":\"https:\/\/atrinis.com\/club\/medias\/2020\/03\/SPORTASSOC-Logo-Club-de-Sport-ATRINIS-SaaS-E-commerce.png\",\"contentUrl\":\"https:\/\/atrinis.com\/club\/medias\/2020\/03\/SPORTASSOC-Logo-Club-de-Sport-ATRINIS-SaaS-E-commerce.png\",\"width\":1183,\"height\":306,\"caption\":\"SPORT'ASSOC\"},\"image\":{\"@id\":\"https:\/\/atrinis.com\/club\/#\/schema\/logo\/image\/\"}}]}<\/script>\n<!-- \/ Yoast SEO Premium plugin. -->","yoast_head_json":{"title":"Des fonctionnalit\u00e9s indispensables | SPORT&#039;ASSOC","description":"Des fonctionnalit\u00e9s uniques gr\u00e2ce \u00e0 SPORT'ASSOC - Un panel complet pour la gestion du Club ou de l\u2019Association Sportive rendant SPORT\u2019ASSOC incontournables.","robots":{"index":"index","follow":"follow","max-snippet":"max-snippet:-1","max-image-preview":"max-image-preview:large","max-video-preview":"max-video-preview:-1"},"canonical":"https:\/\/atrinis.com\/club\/des-fonctionnalites-indispensables\/","og_locale":"fr_FR","og_type":"article","og_title":"Des fonctionnalit\u00e9s indispensables","og_description":"Des fonctionnalit\u00e9s uniques gr\u00e2ce \u00e0 SPORT'ASSOC - Un panel complet pour la gestion du Club ou de l\u2019Association Sportive rendant SPORT\u2019ASSOC incontournables.","og_url":"https:\/\/atrinis.com\/club\/des-fonctionnalites-indispensables\/","og_site_name":"SPORT&#039;ASSOC","article_modified_time":"2020-10-16T13:06:44+00:00","og_image":[{"url":"https:\/\/atrinis.com\/club\/medias\/2017\/05\/gym-icon-2.png","type":"","width":"","height":""}],"twitter_card":"summary_large_image","twitter_misc":{"Dur\u00e9e de lecture estim\u00e9e":"3 minutes"},"schema":{"@context":"https:\/\/schema.org","@graph":[{"@type":"WebPage","@id":"https:\/\/atrinis.com\/club\/des-fonctionnalites-indispensables\/","url":"https:\/\/atrinis.com\/club\/des-fonctionnalites-indispensables\/","name":"Des fonctionnalit\u00e9s indispensables | SPORT&#039;ASSOC","isPartOf":{"@id":"https:\/\/atrinis.com\/club\/#website"},"primaryImageOfPage":{"@id":"https:\/\/atrinis.com\/club\/des-fonctionnalites-indispensables\/#primaryimage"},"image":{"@id":"https:\/\/atrinis.com\/club\/des-fonctionnalites-indispensables\/#primaryimage"},"thumbnailUrl":"https:\/\/atrinis.com\/club\/medias\/2017\/05\/gym-icon-2.png","datePublished":"2020-10-16T08:13:13+00:00","dateModified":"2020-10-16T13:06:44+00:00","description":"Des fonctionnalit\u00e9s uniques gr\u00e2ce \u00e0 SPORT'ASSOC - Un panel complet pour la gestion du Club ou de l\u2019Association Sportive rendant SPORT\u2019ASSOC incontournables.","breadcrumb":{"@id":"https:\/\/atrinis.com\/club\/des-fonctionnalites-indispensables\/#breadcrumb"},"inLanguage":"fr-FR","potentialAction":[{"@type":"ReadAction","target":["https:\/\/atrinis.com\/club\/des-fonctionnalites-indispensables\/"]}]},{"@type":"ImageObject","inLanguage":"fr-FR","@id":"https:\/\/atrinis.com\/club\/des-fonctionnalites-indispensables\/#primaryimage","url":"https:\/\/atrinis.com\/club\/medias\/2017\/05\/gym-icon-2.png","contentUrl":"https:\/\/atrinis.com\/club\/medias\/2017\/05\/gym-icon-2.png","width":43,"height":41},{"@type":"BreadcrumbList","@id":"https:\/\/atrinis.com\/club\/des-fonctionnalites-indispensables\/#breadcrumb","itemListElement":[{"@type":"ListItem","position":1,"name":"Home","item":"https:\/\/atrinis.com\/club\/"},{"@type":"ListItem","position":2,"name":"Des fonctionnalit\u00e9s indispensables"}]},{"@type":"WebSite","@id":"https:\/\/atrinis.com\/club\/#website","url":"https:\/\/atrinis.com\/club\/","name":"SPORT'ASSOC","description":"Progiciel pour Clubs de Sport &amp; Associations Sportives - DEMO","publisher":{"@id":"https:\/\/atrinis.com\/club\/#organization"},"potentialAction":[{"@type":"SearchAction","target":{"@type":"EntryPoint","urlTemplate":"https:\/\/atrinis.com\/club\/?s={search_term_string}"},"query-input":{"@type":"PropertyValueSpecification","valueRequired":true,"valueName":"search_term_string"}}],"inLanguage":"fr-FR"},{"@type":"Organization","@id":"https:\/\/atrinis.com\/club\/#organization","name":"SPORT'ASSOC","url":"https:\/\/atrinis.com\/club\/","logo":{"@type":"ImageObject","inLanguage":"fr-FR","@id":"https:\/\/atrinis.com\/club\/#\/schema\/logo\/image\/","url":"https:\/\/atrinis.com\/club\/medias\/2020\/03\/SPORTASSOC-Logo-Club-de-Sport-ATRINIS-SaaS-E-commerce.png","contentUrl":"https:\/\/atrinis.com\/club\/medias\/2020\/03\/SPORTASSOC-Logo-Club-de-Sport-ATRINIS-SaaS-E-commerce.png","width":1183,"height":306,"caption":"SPORT'ASSOC"},"image":{"@id":"https:\/\/atrinis.com\/club\/#\/schema\/logo\/image\/"}}]}},"_links":{"self":[{"href":"https:\/\/atrinis.com\/club\/wp-json\/wp\/v2\/pages\/3951","targetHints":{"allow":["GET"]}}],"collection":[{"href":"https:\/\/atrinis.com\/club\/wp-json\/wp\/v2\/pages"}],"about":[{"href":"https:\/\/atrinis.com\/club\/wp-json\/wp\/v2\/types\/page"}],"author":[{"embeddable":true,"href":"https:\/\/atrinis.com\/club\/wp-json\/wp\/v2\/users\/1"}],"replies":[{"embeddable":true,"href":"https:\/\/atrinis.com\/club\/wp-json\/wp\/v2\/comments?post=3951"}],"version-history":[{"count":21,"href":"https:\/\/atrinis.com\/club\/wp-json\/wp\/v2\/pages\/3951\/revisions"}],"predecessor-version":[{"id":3977,"href":"https:\/\/atrinis.com\/club\/wp-json\/wp\/v2\/pages\/3951\/revisions\/3977"}],"wp:attachment":[{"href":"https:\/\/atrinis.com\/club\/wp-json\/wp\/v2\/media?parent=3951"}],"curies":[{"name":"wp","href":"https:\/\/api.w.org\/{rel}","templated":true}]}}