{"id":3359,"date":"2020-03-27T11:02:57","date_gmt":"2020-03-27T10:02:57","guid":{"rendered":"https:\/\/atrinis.com\/club\/?page_id=3359"},"modified":"2020-04-17T11:21:10","modified_gmt":"2020-04-17T09:21:10","slug":"gestion-cookies","status":"publish","type":"page","link":"https:\/\/atrinis.com\/club\/gestion-cookies\/","title":{"rendered":"Gestion des Cookies"},"content":{"rendered":"<div class=\"wpb-content-wrapper\"><p>[vc_row][vc_column][vc_column_text]En application de la directive europ\u00e9enne dite \u00bb paquet t\u00e9l\u00e9com \u00ab , les internautes doivent \u00eatre inform\u00e9s et donner leur consentement pr\u00e9alablement \u00e0 l\u2019insertion de traceurs. Ils doivent disposer d\u2019une possibilit\u00e9 de choisir de ne pas \u00eatre trac\u00e9s lorsqu\u2019ils visitent un site ou utilisent une application. Les \u00e9diteurs ont donc l\u2019obligation de solliciter au pr\u00e9alable le consentement des utilisateurs. Ce consentement est valable 13 mois maximum. Certains traceurs sont cependant dispens\u00e9s du recueil de ce consentement.<\/p>\n<h4>Cadre juridique applicable<\/h4>\n<p>En modifiant l\u2019article 5(3) de la directive 2002\/58\/CE par l\u2019adoption de la directive 2009\/136\/CE, le l\u00e9gislateur europ\u00e9en a pos\u00e9 le principe :<br \/>\nd\u2019un consentement pr\u00e9alable de l\u2019utilisateur avant le stockage d\u2019informations sur l\u2019\u00e9quipement d\u2019un utilisateur ou l\u2019acc\u00e8s \u00e0 des informations d\u00e9j\u00e0 stock\u00e9es.<br \/>\nsauf, si ces actions sont strictement n\u00e9cessaires pour la d\u00e9livrance d\u2019un service de la soci\u00e9t\u00e9 de l\u2019information express\u00e9ment demand\u00e9 par l\u2019abonn\u00e9 ou l\u2019utilisateur.<\/p>\n<h4>L\u2019article 32-II de la loi du 6 janvier 1978, modifi\u00e9 par l\u2019ordonnance n\u00b02011-1012 du 24 ao\u00fbt 2011 qui a transpos\u00e9 la directive 2009\/136\/CE reprend ce principe.<br \/>\nEn application de la loi informatique et libert\u00e9s, les traceurs (cookies ou autres) n\u00e9cessitant un recueil du consentement ne peuvent donc \u00eatre d\u00e9pos\u00e9s ou lus sur son terminal, tant que la personne n\u2019a pas donn\u00e9 son consentement.<\/h4>\n<p>En visitant notre site Web<span style=\"color: #ff6600;\"><strong> SPORT&#8217;ASSOC<\/strong><\/span> et en utilisant nos services, vous comprenez et acceptez la fa\u00e7on dont nous traitons les donn\u00e9es personnelles conform\u00e9ment \u00e0 notre politique de confidentialit\u00e9. Nous respectons votre vie priv\u00e9e et le droit de contr\u00f4ler vos donn\u00e9es personnelles. Nos principes directeurs sont simples. Nous allons \u00eatre ouverts avec quelles donn\u00e9es nous collectons et pourquoi. Veuillez prendre un moment pour les lire. C&#8217;est important !<\/p>\n<p>Les cookies sont de petites quantit\u00e9s d\u2019informations stock\u00e9es dans des fichiers au sein m\u00eame du navigateur de votre ordinateur. Les cookies sont accessibles et enregistr\u00e9s par les sites internet que vous consultez, et par les soci\u00e9t\u00e9s qui affichent leurs annonces publicitaires sur des sites internet, pour qu\u2019ils puissent reconna\u00eetre le navigateur. Les sites Internet peuvent uniquement acc\u00e9der aux cookies qu\u2019ils ont stock\u00e9s sur votre ordinateur.<\/p>\n<h3>En utilisant le Site Internet , vous consentez \u00e0 l\u2019utilisation des cookies d\u00e9pos\u00e9s par notre site <span style=\"color: #ff6600;\">SPORT&#8217;ASSOC.<\/span><\/h3>\n<p>Le site Internet utilisent des cookies aux fins suivantes :<br \/>\nUsage du site : pour nous aider \u00e0 reconna\u00eetre votre navigateur comme celui d\u2019un visiteur pr\u00e9c\u00e9dent et pour enregistrer les pr\u00e9f\u00e9rences que vous avez d\u00e9termin\u00e9es lors de votre pr\u00e9c\u00e9dente visite sur le Site. Par exemple, nous pouvons enregistrer vos informations de connexion de sorte que vous n\u2019ayez pas \u00e0 vous connecter \u00e0 chaque fois que vous visitez ce Site :<\/p>\n<ul>\n<li>R\u00e9seaux sociaux : pour v\u00e9rifier si vous \u00eates connect\u00e9s \u00e0 des services tiers (Facebook, Twitter, Google+\u2026)<\/li>\n<li>Ciblage : pour nous permettre de cibler (emailing, enrichissement de base) \u00e0 posteriori ou en temps r\u00e9el l\u2019internaute qui navigue sur notre Site<\/li>\n<li>Mesure d\u2019audience : pour suivre les donn\u00e9es statistiques de fr\u00e9quentation du Site (soit l\u2019utilisation faite du Site par les utilisateurs et pour am\u00e9liorer les services du Site) et pour nous aider \u00e0 mesurer et \u00e9tudier l\u2019efficacit\u00e9 de notre contenu interactif en ligne, de ses caract\u00e9ristiques, publicit\u00e9s et autres communications.<\/li>\n<li>Gestion du contenu des paniers et des donn\u00e9es clients afin d&#8217;am\u00e9liorer votre exp\u00e9rience utilisateur lors du choix des produits sur ce site.<\/li>\n<\/ul>\n<h4>Vos Choix Concernant les Cookies et Balises Web<\/h4>\n<p>Vous avez le choix de configurer votre navigateur pour accepter tous les cookies, rejeter tous les cookies, vous informer quand un cookie est \u00e9mis, sa dur\u00e9e de validit\u00e9 et son contenu, ainsi que vous permettre de refuser son enregistrement dans votre terminal, et supprimer vos cookies p\u00e9riodiquement.<br \/>\nVous pouvez param\u00e9trer votre navigateur Internet pour d\u00e9sactiver les cookies. Notez toutefois que si vous d\u00e9sactivez les cookies, votre nom d\u2019utilisateur ainsi que votre mot de passe ne seront plus sauvegard\u00e9s sur aucun site web. Pour plus d\u2019informations relatives aux m\u00e9thodes vous permettant de supprimer et de contr\u00f4ler les cookies stock\u00e9s sur votre ordinateur, consultez le site suivant : <a href=\"http:\/\/www.allaboutcookies.org\/fr\/\">http:\/\/www.allaboutcookies.org\/fr\/<\/a><\/p>\n<h4>Comment configurer votre navigateur<\/h4>\n<p><strong>Firefox :<\/strong><br \/>\n1. Ouvrez Firefox<br \/>\n2. Appuyez sur la touche \u00ab Alt \u00bb<br \/>\n3. Dans le menu en haut de la page cliquez sur \u00ab Outils \u00bb puis \u00ab Options \u00bb<br \/>\n4. S\u00e9lectionnez l\u2019onglet \u00ab Vie priv\u00e9e \u00bb<br \/>\n5. Dans le menu d\u00e9roulant \u00e0 droite de \u00ab R\u00e8gles de conservation \u00bb, cliquez sur \u00ab utiliser les param\u00e8tres personnalis\u00e9s pour l\u2019historique \u00bb<br \/>\n6. Un peu plus bas, d\u00e9cochez \u00ab Accepter les cookies \u00bb<br \/>\n7. Sauvegardez vos pr\u00e9f\u00e9rences en cliquant sur \u00ab OK \u00bb<\/p>\n<p><strong>Internet Explorer ou EDGE :<\/strong><br \/>\n1. Ouvrez Internet Explorer<br \/>\n2. Dans le menu \u00ab Outils \u00bb, s\u00e9lectionnez \u00ab Options Internet \u00bb<br \/>\n3. Cliquez sur l\u2019onglet \u00ab Confidentialit\u00e9 \u00bb<br \/>\n4. Cliquez sur \u00ab Avanc\u00e9 \u00bb et d\u00e9cochez \u00ab Accepter \u00bb<br \/>\n5. Sauvegardez vos pr\u00e9f\u00e9rences en cliquant sur \u00ab OK \u00bb<\/p>\n<p><strong>Google Chrome :<\/strong><br \/>\n1. Ouvrez Google Chrome<br \/>\n2. Cliquez sur l\u2019ic\u00f4ne d\u2019outils dans la barre de menu<br \/>\n3. S\u00e9lectionnez \u00ab Options \u00bb<br \/>\n4. Cliquez sur l\u2019onglet \u00ab Options avanc\u00e9es \u00bb<br \/>\n5. Dans le menu d\u00e9roulant \u00ab Param\u00e8tres des cookies \u00bb, s\u00e9lectionnez \u00ab Bloquer tous les cookies \u00bb<\/p>\n<p><strong>Safari :<\/strong><br \/>\n1. Ouvrez Safari<br \/>\n2. Dans la barre de menu en haut, cliquez sur \u00ab Safari \u00bb, puis \u00ab Pr\u00e9f\u00e9rences \u00bb<br \/>\n3. S\u00e9lectionnez l\u2019ic\u00f4ne \u00ab S\u00e9curit\u00e9 \u00bb<br \/>\n4. \u00c0 c\u00f4t\u00e9 de \u00ab Accepter les cookies \u00bb, cochez \u00ab Jamais \u00bb<br \/>\n5. Si vous souhaitez voir les cookies qui sont d\u00e9j\u00e0 sauvegard\u00e9s sur votre ordinateur, cliquez sur \u00ab Afficher les cookies \u00bb[\/vc_column_text][\/vc_column][\/vc_row]<\/p>\n<\/div>","protected":false},"excerpt":{"rendered":"<p>[vc_row][vc_column][vc_column_text]En application de la directive europ\u00e9enne dite \u00bb paquet t\u00e9l\u00e9com \u00ab , les internautes doivent \u00eatre inform\u00e9s et donner leur consentement pr\u00e9alablement \u00e0 l\u2019insertion de traceurs. Ils doivent disposer d\u2019une possibilit\u00e9 de choisir de ne pas \u00eatre trac\u00e9s lorsqu\u2019ils visitent un site ou utilisent une application. Les \u00e9diteurs ont donc l\u2019obligation de solliciter au pr\u00e9alable [&hellip;]<\/p>\n","protected":false},"author":1,"featured_media":0,"parent":0,"menu_order":0,"comment_status":"closed","ping_status":"closed","template":"","meta":{"footnotes":""},"class_list":["post-3359","page","type-page","status-publish","hentry"],"yoast_head":"<!-- This site is optimized with the Yoast SEO Premium plugin v18.3 (Yoast SEO v27.0) - https:\/\/yoast.com\/product\/yoast-seo-premium-wordpress\/ -->\n<title>Gestion des Cookies | SPORT&#039;ASSOC<\/title>\n<meta name=\"description\" content=\"En application de la directive europ\u00e9enne dite \u00bb paquet t\u00e9l\u00e9com \u00ab , les internautes doivent \u00eatre inform\u00e9s et donner leur consentement pr\u00e9alablement \u00e0 l\u2019insertion de traceurs.\" \/>\n<meta name=\"robots\" content=\"index, follow, max-snippet:-1, max-image-preview:large, max-video-preview:-1\" \/>\n<link rel=\"canonical\" href=\"https:\/\/atrinis.com\/club\/gestion-cookies\/\" \/>\n<meta property=\"og:locale\" content=\"fr_FR\" \/>\n<meta property=\"og:type\" content=\"article\" \/>\n<meta property=\"og:title\" content=\"Gestion des Cookies\" \/>\n<meta property=\"og:description\" content=\"En application de la directive europ\u00e9enne dite \u00bb paquet t\u00e9l\u00e9com \u00ab , les internautes doivent \u00eatre inform\u00e9s et donner leur consentement pr\u00e9alablement \u00e0 l\u2019insertion de traceurs.\" \/>\n<meta property=\"og:url\" content=\"https:\/\/atrinis.com\/club\/gestion-cookies\/\" \/>\n<meta property=\"og:site_name\" content=\"SPORT&#039;ASSOC\" \/>\n<meta property=\"article:modified_time\" content=\"2020-04-17T09:21:10+00:00\" \/>\n<meta name=\"twitter:card\" content=\"summary_large_image\" \/>\n<meta name=\"twitter:label1\" content=\"Dur\u00e9e de lecture estim\u00e9e\" \/>\n\t<meta name=\"twitter:data1\" content=\"5 minutes\" \/>\n<script type=\"application\/ld+json\" class=\"yoast-schema-graph\">{\"@context\":\"https:\/\/schema.org\",\"@graph\":[{\"@type\":\"WebPage\",\"@id\":\"https:\/\/atrinis.com\/club\/gestion-cookies\/\",\"url\":\"https:\/\/atrinis.com\/club\/gestion-cookies\/\",\"name\":\"Gestion des Cookies | SPORT&#039;ASSOC\",\"isPartOf\":{\"@id\":\"https:\/\/atrinis.com\/club\/#website\"},\"datePublished\":\"2020-03-27T10:02:57+00:00\",\"dateModified\":\"2020-04-17T09:21:10+00:00\",\"description\":\"En application de la directive europ\u00e9enne dite \u00bb paquet t\u00e9l\u00e9com \u00ab , les internautes doivent \u00eatre inform\u00e9s et donner leur consentement pr\u00e9alablement \u00e0 l\u2019insertion de traceurs.\",\"breadcrumb\":{\"@id\":\"https:\/\/atrinis.com\/club\/gestion-cookies\/#breadcrumb\"},\"inLanguage\":\"fr-FR\",\"potentialAction\":[{\"@type\":\"ReadAction\",\"target\":[\"https:\/\/atrinis.com\/club\/gestion-cookies\/\"]}]},{\"@type\":\"BreadcrumbList\",\"@id\":\"https:\/\/atrinis.com\/club\/gestion-cookies\/#breadcrumb\",\"itemListElement\":[{\"@type\":\"ListItem\",\"position\":1,\"name\":\"Home\",\"item\":\"https:\/\/atrinis.com\/club\/\"},{\"@type\":\"ListItem\",\"position\":2,\"name\":\"Gestion des Cookies\"}]},{\"@type\":\"WebSite\",\"@id\":\"https:\/\/atrinis.com\/club\/#website\",\"url\":\"https:\/\/atrinis.com\/club\/\",\"name\":\"SPORT'ASSOC\",\"description\":\"Progiciel pour Clubs de Sport &amp; Associations Sportives - DEMO\",\"publisher\":{\"@id\":\"https:\/\/atrinis.com\/club\/#organization\"},\"potentialAction\":[{\"@type\":\"SearchAction\",\"target\":{\"@type\":\"EntryPoint\",\"urlTemplate\":\"https:\/\/atrinis.com\/club\/?s={search_term_string}\"},\"query-input\":{\"@type\":\"PropertyValueSpecification\",\"valueRequired\":true,\"valueName\":\"search_term_string\"}}],\"inLanguage\":\"fr-FR\"},{\"@type\":\"Organization\",\"@id\":\"https:\/\/atrinis.com\/club\/#organization\",\"name\":\"SPORT'ASSOC\",\"url\":\"https:\/\/atrinis.com\/club\/\",\"logo\":{\"@type\":\"ImageObject\",\"inLanguage\":\"fr-FR\",\"@id\":\"https:\/\/atrinis.com\/club\/#\/schema\/logo\/image\/\",\"url\":\"https:\/\/atrinis.com\/club\/medias\/2020\/03\/SPORTASSOC-Logo-Club-de-Sport-ATRINIS-SaaS-E-commerce.png\",\"contentUrl\":\"https:\/\/atrinis.com\/club\/medias\/2020\/03\/SPORTASSOC-Logo-Club-de-Sport-ATRINIS-SaaS-E-commerce.png\",\"width\":1183,\"height\":306,\"caption\":\"SPORT'ASSOC\"},\"image\":{\"@id\":\"https:\/\/atrinis.com\/club\/#\/schema\/logo\/image\/\"}}]}<\/script>\n<!-- \/ Yoast SEO Premium plugin. -->","yoast_head_json":{"title":"Gestion des Cookies | SPORT&#039;ASSOC","description":"En application de la directive europ\u00e9enne dite \u00bb paquet t\u00e9l\u00e9com \u00ab , les internautes doivent \u00eatre inform\u00e9s et donner leur consentement pr\u00e9alablement \u00e0 l\u2019insertion de traceurs.","robots":{"index":"index","follow":"follow","max-snippet":"max-snippet:-1","max-image-preview":"max-image-preview:large","max-video-preview":"max-video-preview:-1"},"canonical":"https:\/\/atrinis.com\/club\/gestion-cookies\/","og_locale":"fr_FR","og_type":"article","og_title":"Gestion des Cookies","og_description":"En application de la directive europ\u00e9enne dite \u00bb paquet t\u00e9l\u00e9com \u00ab , les internautes doivent \u00eatre inform\u00e9s et donner leur consentement pr\u00e9alablement \u00e0 l\u2019insertion de traceurs.","og_url":"https:\/\/atrinis.com\/club\/gestion-cookies\/","og_site_name":"SPORT&#039;ASSOC","article_modified_time":"2020-04-17T09:21:10+00:00","twitter_card":"summary_large_image","twitter_misc":{"Dur\u00e9e de lecture estim\u00e9e":"5 minutes"},"schema":{"@context":"https:\/\/schema.org","@graph":[{"@type":"WebPage","@id":"https:\/\/atrinis.com\/club\/gestion-cookies\/","url":"https:\/\/atrinis.com\/club\/gestion-cookies\/","name":"Gestion des Cookies | SPORT&#039;ASSOC","isPartOf":{"@id":"https:\/\/atrinis.com\/club\/#website"},"datePublished":"2020-03-27T10:02:57+00:00","dateModified":"2020-04-17T09:21:10+00:00","description":"En application de la directive europ\u00e9enne dite \u00bb paquet t\u00e9l\u00e9com \u00ab , les internautes doivent \u00eatre inform\u00e9s et donner leur consentement pr\u00e9alablement \u00e0 l\u2019insertion de traceurs.","breadcrumb":{"@id":"https:\/\/atrinis.com\/club\/gestion-cookies\/#breadcrumb"},"inLanguage":"fr-FR","potentialAction":[{"@type":"ReadAction","target":["https:\/\/atrinis.com\/club\/gestion-cookies\/"]}]},{"@type":"BreadcrumbList","@id":"https:\/\/atrinis.com\/club\/gestion-cookies\/#breadcrumb","itemListElement":[{"@type":"ListItem","position":1,"name":"Home","item":"https:\/\/atrinis.com\/club\/"},{"@type":"ListItem","position":2,"name":"Gestion des Cookies"}]},{"@type":"WebSite","@id":"https:\/\/atrinis.com\/club\/#website","url":"https:\/\/atrinis.com\/club\/","name":"SPORT'ASSOC","description":"Progiciel pour Clubs de Sport &amp; Associations Sportives - DEMO","publisher":{"@id":"https:\/\/atrinis.com\/club\/#organization"},"potentialAction":[{"@type":"SearchAction","target":{"@type":"EntryPoint","urlTemplate":"https:\/\/atrinis.com\/club\/?s={search_term_string}"},"query-input":{"@type":"PropertyValueSpecification","valueRequired":true,"valueName":"search_term_string"}}],"inLanguage":"fr-FR"},{"@type":"Organization","@id":"https:\/\/atrinis.com\/club\/#organization","name":"SPORT'ASSOC","url":"https:\/\/atrinis.com\/club\/","logo":{"@type":"ImageObject","inLanguage":"fr-FR","@id":"https:\/\/atrinis.com\/club\/#\/schema\/logo\/image\/","url":"https:\/\/atrinis.com\/club\/medias\/2020\/03\/SPORTASSOC-Logo-Club-de-Sport-ATRINIS-SaaS-E-commerce.png","contentUrl":"https:\/\/atrinis.com\/club\/medias\/2020\/03\/SPORTASSOC-Logo-Club-de-Sport-ATRINIS-SaaS-E-commerce.png","width":1183,"height":306,"caption":"SPORT'ASSOC"},"image":{"@id":"https:\/\/atrinis.com\/club\/#\/schema\/logo\/image\/"}}]}},"_links":{"self":[{"href":"https:\/\/atrinis.com\/club\/wp-json\/wp\/v2\/pages\/3359","targetHints":{"allow":["GET"]}}],"collection":[{"href":"https:\/\/atrinis.com\/club\/wp-json\/wp\/v2\/pages"}],"about":[{"href":"https:\/\/atrinis.com\/club\/wp-json\/wp\/v2\/types\/page"}],"author":[{"embeddable":true,"href":"https:\/\/atrinis.com\/club\/wp-json\/wp\/v2\/users\/1"}],"replies":[{"embeddable":true,"href":"https:\/\/atrinis.com\/club\/wp-json\/wp\/v2\/comments?post=3359"}],"version-history":[{"count":6,"href":"https:\/\/atrinis.com\/club\/wp-json\/wp\/v2\/pages\/3359\/revisions"}],"predecessor-version":[{"id":3600,"href":"https:\/\/atrinis.com\/club\/wp-json\/wp\/v2\/pages\/3359\/revisions\/3600"}],"wp:attachment":[{"href":"https:\/\/atrinis.com\/club\/wp-json\/wp\/v2\/media?parent=3359"}],"curies":[{"name":"wp","href":"https:\/\/api.w.org\/{rel}","templated":true}]}}