{"id":3326,"date":"2020-03-25T18:52:55","date_gmt":"2020-03-25T17:52:55","guid":{"rendered":"https:\/\/atrinis.com\/club\/?page_id=3326"},"modified":"2020-03-26T16:39:17","modified_gmt":"2020-03-26T15:39:17","slug":"notre-solution-sportassoc","status":"publish","type":"page","link":"https:\/\/atrinis.com\/club\/notre-solution-sportassoc\/","title":{"rendered":"Notre solution SPORT&#8217;ASSOC"},"content":{"rendered":"<div class=\"wpb-content-wrapper\"><p>[vc_row][vc_column][vc_column_text]<\/p>\n<h1><strong><span style=\"color: #000000;\">La solution <span style=\"color: #fb5b21;\">SPORT&#8217;ASSOC<\/span>, le <span class=\"color\" style=\"color: #7b7b7b;\">PROGICIEL SaaS pour les Clubs de Sport et les Associations Sportives<\/span><\/span><\/strong><\/h1>\n<p>[\/vc_column_text][\/vc_column][\/vc_row][vc_row][vc_column][vc_row_inner][vc_column_inner width=&#8221;2\/3&#8243;][vc_empty_space height=&#8221;20&#8243;]<div class=\"rt-owl-title-1  style2\">\n\t<div class=\"section-title\">\n\t\t<h2 class=\"owl-title\" style=\"color:#111111;\">Comment est structur\u00e9e notre solution ?<\/h2>\n\t\t<div class=\"owl-description\" style=\"color:#111111;\"><\/div>\n\t<\/div>\n<\/div>[\/vc_column_inner][vc_column_inner width=&#8221;1\/3&#8243;][\/vc_column_inner][\/vc_row_inner][vc_column_text]<span style=\"font-size: 14pt;\">Aucune d\u00e9pendance avec vos ordinateurs (PC, MAC , Tablettes, Smartphones) ou vos syst\u00e8mes d&#8217;exploitation OS (Microsoft Windows\u00ae , IOS\u00ae, Linux\u00ae ou Android\u00ae) ou vos navigateurs Internet (Chrome\u00ae, Firefox\u00ae, Edge\u00ae, Safari\u00ae, &#8230;. ).<br \/>\nVous perdez ou cassez votre mat\u00e9riel ou vos OS est infect\u00e9 par un virus: pas de souci, SPORT&#8217;ASSOC est toujours disponible!<\/span>[\/vc_column_text][vc_empty_space][\/vc_column][\/vc_row][vc_row full_width=&#8221;stretch_row&#8221; css=&#8221;.vc_custom_1585216245036{background-color: #f2f2f2 !important;}&#8221;][vc_column width=&#8221;1\/2&#8243;]<div class=\"rt-owl-title-1  style2\">\n\t<div class=\"section-title\">\n\t\t<h2 class=\"owl-title\" style=\"color:#6d6d6d;\">1- L\u2019h\u00e9bergement du PROGICIEL<\/h2>\n\t\t<div class=\"owl-description\" style=\"color:#111111;\"><\/div>\n\t<\/div>\n<\/div>[vc_column_text]<span style=\"font-size: 14pt;\"><strong>TOUT VOUS APPARTIENT<\/strong><\/span>. Quand vous choisissez <span style=\"color: #ff6600;\"><strong>SPORT&#8217;ASSOC<\/strong><\/span>, vous avez la certitude de rester ma\u00eetre de votre investissement\u00a0 et vous ne d\u00e9pendrez jamais du fonctionnement ou de l&#8217;existence de notre soci\u00e9t\u00e9.<\/p>\n<p>Nous vous conseillons sur la structure d\u2019h\u00e9bergement de la solution <span style=\"color: #ff6600;\"><strong>SPORT&#8217;ASSOC<\/strong><\/span>, vous la choisissez et vous restez PROPRI\u00c9TAIRE du domaine et de l\u2019h\u00e9bergement. Vous renouvelez annuellement (ou tous les 3 ans) ce choix tacitement sans action de votre part.<br \/>\nNous d\u00e9finissons avec vous l&#8217;expression de besoins d\u00e9taill\u00e9e qui servira de base \u00e0 la concr\u00e9tisation de votre projet[\/vc_column_text][\/vc_column][vc_column width=&#8221;1\/2&#8243; css=&#8221;.vc_custom_1585233951351{margin-top: 30px !important;}&#8221;][vc_single_image image=&#8221;3338&#8243; img_size=&#8221;full&#8221; style=&#8221;vc_box_shadow_3d&#8221; css=&#8221;.vc_custom_1585233972774{margin-top: 30px !important;}&#8221;][\/vc_column][\/vc_row][vc_row full_width=&#8221;stretch_row&#8221; css=&#8221;.vc_custom_1585216315351{background-color: #f2f2f2 !important;}&#8221;][vc_column][vc_empty_space][\/vc_column][\/vc_row][vc_row full_width=&#8221;stretch_row&#8221; css=&#8221;.vc_custom_1585216279022{background-color: #e2e2e2 !important;}&#8221;][vc_column width=&#8221;1\/2&#8243;][vc_single_image image=&#8221;3340&#8243; img_size=&#8221;full&#8221; style=&#8221;vc_box_shadow_3d&#8221;][\/vc_column][vc_column width=&#8221;1\/2&#8243;]<div class=\"rt-owl-title-1  style2\">\n\t<div class=\"section-title\">\n\t\t<h2 class=\"owl-title\" style=\"color:#6d6d6d;\">2 - Installation du PROGICIEL<\/h2>\n\t\t<div class=\"owl-description\" style=\"color:#111111;\"><\/div>\n\t<\/div>\n<\/div>[vc_column_text]Nous installons <span style=\"color: #ff6600;\"><strong>SPORT&#8217;ASSOC<\/strong><\/span> sur le structure technique choisie \u00e0 l&#8217;\u00e9tape 1. Une fois en place, nous proc\u00e9dons \u00e0 la configuration de base de votre progiciel.<\/p>\n<p>C&#8217;est \u00e0 cette \u00e9tape que nous personnalisons votre solution en fonction des \u00e9l\u00e9ments que vous nous transmettez au travers d&#8217;une expression de besoins pr\u00e9alablement \u00e9tablie .<\/p>\n<p>Vos donn\u00e9es sont d\u00e9sormais <strong>sauvegard\u00e9es toutes les heures<\/strong>. Vous ne perdrez plus jamais d&#8217;informations, de coordonn\u00e9es d&#8217;adh\u00e9rents, d&#8217;adh\u00e9sions aux cours ou de commandes de produits ou services.[\/vc_column_text][\/vc_column][\/vc_row][vc_row full_width=&#8221;stretch_row&#8221; css=&#8221;.vc_custom_1585216336864{background-color: #e2e2e2 !important;}&#8221;][vc_column][vc_empty_space][\/vc_column][\/vc_row][vc_row full_width=&#8221;stretch_row&#8221; css=&#8221;.vc_custom_1585216245036{background-color: #f2f2f2 !important;}&#8221;][vc_column width=&#8221;1\/2&#8243;]<div class=\"rt-owl-title-1  style2\">\n\t<div class=\"section-title\">\n\t\t<h2 class=\"owl-title\" style=\"color:#6d6d6d;\">3- \u00c9volutif et innovant<\/h2>\n\t\t<div class=\"owl-description\" style=\"color:#111111;\"><\/div>\n\t<\/div>\n<\/div>[vc_column_text]<span style=\"font-size: 14pt;\"><strong>PR\u00caT \u00e0 l&#8217;UTILISATION<\/strong><\/span>. Votre progiciel <span style=\"color: #ff6600;\"><strong>SPORT&#8217;ASSOC<\/strong><\/span>, est d\u00e9sormais disponible pour vos administrateurs.<\/p>\n<p>Nous vous conseillons sur la structure d\u2019h\u00e9bergement de la solution <span style=\"color: #ff6600;\"><strong>SPORT&#8217;ASSOC<\/strong><\/span>, vous la choisissez et vous restez PROPRI\u00c9TAIRE du domaine et de l\u2019h\u00e9bergement. Vous renouvelez annuellement (ou tous les 3 ans) ce choix tacitement sans action de votre part.<br \/>\nNous d\u00e9finissons avec vous l&#8217;expression de besoins d\u00e9taill\u00e9e qui servira de base \u00e0 la concr\u00e9tisation de votre projet[\/vc_column_text][\/vc_column][vc_column width=&#8221;1\/2&#8243;][vc_single_image image=&#8221;3351&#8243; img_size=&#8221;full&#8221; css=&#8221;.vc_custom_1585233995552{margin-top: 30px !important;}&#8221;][\/vc_column][\/vc_row][vc_row full_width=&#8221;stretch_row&#8221; css=&#8221;.vc_custom_1585216315351{background-color: #f2f2f2 !important;}&#8221;][vc_column][vc_empty_space][\/vc_column][\/vc_row]<\/p>\n<\/div>","protected":false},"excerpt":{"rendered":"<p>[vc_row][vc_column][vc_column_text] La solution SPORT&#8217;ASSOC, le PROGICIEL SaaS pour les Clubs de Sport et les Associations Sportives [\/vc_column_text][\/vc_column][\/vc_row][vc_row][vc_column][vc_row_inner][vc_column_inner width=&#8221;2\/3&#8243;][vc_empty_space height=&#8221;20&#8243;][\/vc_column_inner][vc_column_inner width=&#8221;1\/3&#8243;][\/vc_column_inner][\/vc_row_inner][vc_column_text]Aucune d\u00e9pendance avec vos ordinateurs (PC, MAC , Tablettes, Smartphones) ou vos syst\u00e8mes d&#8217;exploitation OS (Microsoft Windows\u00ae , IOS\u00ae, Linux\u00ae ou Android\u00ae) ou vos navigateurs Internet (Chrome\u00ae, Firefox\u00ae, Edge\u00ae, Safari\u00ae, &#8230;. ). Vous perdez ou cassez [&hellip;]<\/p>\n","protected":false},"author":1,"featured_media":0,"parent":0,"menu_order":0,"comment_status":"closed","ping_status":"closed","template":"","meta":{"footnotes":""},"class_list":["post-3326","page","type-page","status-publish","hentry"],"yoast_head":"<!-- This site is optimized with the Yoast SEO Premium plugin v18.3 (Yoast SEO v27.0) - https:\/\/yoast.com\/product\/yoast-seo-premium-wordpress\/ -->\n<title>Notre solution SPORT&#039;ASSOC | SPORT&#039;ASSOC<\/title>\n<meta name=\"description\" content=\"Quand vous choisissez SPORT\u2019ASSOC, vous avez la certitude de rester ma\u00eetre de votre investissement. Nous d\u00e9finissons avec vous l\u2019expression de besoins d\u00e9taill\u00e9e.\" \/>\n<meta name=\"robots\" content=\"index, follow, max-snippet:-1, max-image-preview:large, max-video-preview:-1\" \/>\n<link rel=\"canonical\" href=\"https:\/\/atrinis.com\/club\/notre-solution-sportassoc\/\" \/>\n<meta property=\"og:locale\" content=\"fr_FR\" \/>\n<meta property=\"og:type\" content=\"article\" \/>\n<meta property=\"og:title\" content=\"Notre solution SPORT&#039;ASSOC\" \/>\n<meta property=\"og:description\" content=\"Quand vous choisissez SPORT\u2019ASSOC, vous avez la certitude de rester ma\u00eetre de votre investissement. Nous d\u00e9finissons avec vous l\u2019expression de besoins d\u00e9taill\u00e9e.\" \/>\n<meta property=\"og:url\" content=\"https:\/\/atrinis.com\/club\/notre-solution-sportassoc\/\" \/>\n<meta property=\"og:site_name\" content=\"SPORT&#039;ASSOC\" \/>\n<meta property=\"article:modified_time\" content=\"2020-03-26T15:39:17+00:00\" \/>\n<meta name=\"twitter:card\" content=\"summary_large_image\" \/>\n<meta name=\"twitter:label1\" content=\"Dur\u00e9e de lecture estim\u00e9e\" \/>\n\t<meta name=\"twitter:data1\" content=\"3 minutes\" \/>\n<script type=\"application\/ld+json\" class=\"yoast-schema-graph\">{\"@context\":\"https:\/\/schema.org\",\"@graph\":[{\"@type\":\"WebPage\",\"@id\":\"https:\/\/atrinis.com\/club\/notre-solution-sportassoc\/\",\"url\":\"https:\/\/atrinis.com\/club\/notre-solution-sportassoc\/\",\"name\":\"Notre solution SPORT'ASSOC | SPORT&#039;ASSOC\",\"isPartOf\":{\"@id\":\"https:\/\/atrinis.com\/club\/#website\"},\"datePublished\":\"2020-03-25T17:52:55+00:00\",\"dateModified\":\"2020-03-26T15:39:17+00:00\",\"description\":\"Quand vous choisissez SPORT\u2019ASSOC, vous avez la certitude de rester ma\u00eetre de votre investissement. Nous d\u00e9finissons avec vous l\u2019expression de besoins d\u00e9taill\u00e9e.\",\"breadcrumb\":{\"@id\":\"https:\/\/atrinis.com\/club\/notre-solution-sportassoc\/#breadcrumb\"},\"inLanguage\":\"fr-FR\",\"potentialAction\":[{\"@type\":\"ReadAction\",\"target\":[\"https:\/\/atrinis.com\/club\/notre-solution-sportassoc\/\"]}]},{\"@type\":\"BreadcrumbList\",\"@id\":\"https:\/\/atrinis.com\/club\/notre-solution-sportassoc\/#breadcrumb\",\"itemListElement\":[{\"@type\":\"ListItem\",\"position\":1,\"name\":\"Home\",\"item\":\"https:\/\/atrinis.com\/club\/\"},{\"@type\":\"ListItem\",\"position\":2,\"name\":\"Notre solution SPORT&#8217;ASSOC\"}]},{\"@type\":\"WebSite\",\"@id\":\"https:\/\/atrinis.com\/club\/#website\",\"url\":\"https:\/\/atrinis.com\/club\/\",\"name\":\"SPORT'ASSOC\",\"description\":\"Progiciel pour Clubs de Sport &amp; Associations Sportives - DEMO\",\"publisher\":{\"@id\":\"https:\/\/atrinis.com\/club\/#organization\"},\"potentialAction\":[{\"@type\":\"SearchAction\",\"target\":{\"@type\":\"EntryPoint\",\"urlTemplate\":\"https:\/\/atrinis.com\/club\/?s={search_term_string}\"},\"query-input\":{\"@type\":\"PropertyValueSpecification\",\"valueRequired\":true,\"valueName\":\"search_term_string\"}}],\"inLanguage\":\"fr-FR\"},{\"@type\":\"Organization\",\"@id\":\"https:\/\/atrinis.com\/club\/#organization\",\"name\":\"SPORT'ASSOC\",\"url\":\"https:\/\/atrinis.com\/club\/\",\"logo\":{\"@type\":\"ImageObject\",\"inLanguage\":\"fr-FR\",\"@id\":\"https:\/\/atrinis.com\/club\/#\/schema\/logo\/image\/\",\"url\":\"https:\/\/atrinis.com\/club\/medias\/2020\/03\/SPORTASSOC-Logo-Club-de-Sport-ATRINIS-SaaS-E-commerce.png\",\"contentUrl\":\"https:\/\/atrinis.com\/club\/medias\/2020\/03\/SPORTASSOC-Logo-Club-de-Sport-ATRINIS-SaaS-E-commerce.png\",\"width\":1183,\"height\":306,\"caption\":\"SPORT'ASSOC\"},\"image\":{\"@id\":\"https:\/\/atrinis.com\/club\/#\/schema\/logo\/image\/\"}}]}<\/script>\n<!-- \/ Yoast SEO Premium plugin. -->","yoast_head_json":{"title":"Notre solution SPORT'ASSOC | SPORT&#039;ASSOC","description":"Quand vous choisissez SPORT\u2019ASSOC, vous avez la certitude de rester ma\u00eetre de votre investissement. Nous d\u00e9finissons avec vous l\u2019expression de besoins d\u00e9taill\u00e9e.","robots":{"index":"index","follow":"follow","max-snippet":"max-snippet:-1","max-image-preview":"max-image-preview:large","max-video-preview":"max-video-preview:-1"},"canonical":"https:\/\/atrinis.com\/club\/notre-solution-sportassoc\/","og_locale":"fr_FR","og_type":"article","og_title":"Notre solution SPORT'ASSOC","og_description":"Quand vous choisissez SPORT\u2019ASSOC, vous avez la certitude de rester ma\u00eetre de votre investissement. Nous d\u00e9finissons avec vous l\u2019expression de besoins d\u00e9taill\u00e9e.","og_url":"https:\/\/atrinis.com\/club\/notre-solution-sportassoc\/","og_site_name":"SPORT&#039;ASSOC","article_modified_time":"2020-03-26T15:39:17+00:00","twitter_card":"summary_large_image","twitter_misc":{"Dur\u00e9e de lecture estim\u00e9e":"3 minutes"},"schema":{"@context":"https:\/\/schema.org","@graph":[{"@type":"WebPage","@id":"https:\/\/atrinis.com\/club\/notre-solution-sportassoc\/","url":"https:\/\/atrinis.com\/club\/notre-solution-sportassoc\/","name":"Notre solution SPORT'ASSOC | SPORT&#039;ASSOC","isPartOf":{"@id":"https:\/\/atrinis.com\/club\/#website"},"datePublished":"2020-03-25T17:52:55+00:00","dateModified":"2020-03-26T15:39:17+00:00","description":"Quand vous choisissez SPORT\u2019ASSOC, vous avez la certitude de rester ma\u00eetre de votre investissement. Nous d\u00e9finissons avec vous l\u2019expression de besoins d\u00e9taill\u00e9e.","breadcrumb":{"@id":"https:\/\/atrinis.com\/club\/notre-solution-sportassoc\/#breadcrumb"},"inLanguage":"fr-FR","potentialAction":[{"@type":"ReadAction","target":["https:\/\/atrinis.com\/club\/notre-solution-sportassoc\/"]}]},{"@type":"BreadcrumbList","@id":"https:\/\/atrinis.com\/club\/notre-solution-sportassoc\/#breadcrumb","itemListElement":[{"@type":"ListItem","position":1,"name":"Home","item":"https:\/\/atrinis.com\/club\/"},{"@type":"ListItem","position":2,"name":"Notre solution SPORT&#8217;ASSOC"}]},{"@type":"WebSite","@id":"https:\/\/atrinis.com\/club\/#website","url":"https:\/\/atrinis.com\/club\/","name":"SPORT'ASSOC","description":"Progiciel pour Clubs de Sport &amp; Associations Sportives - DEMO","publisher":{"@id":"https:\/\/atrinis.com\/club\/#organization"},"potentialAction":[{"@type":"SearchAction","target":{"@type":"EntryPoint","urlTemplate":"https:\/\/atrinis.com\/club\/?s={search_term_string}"},"query-input":{"@type":"PropertyValueSpecification","valueRequired":true,"valueName":"search_term_string"}}],"inLanguage":"fr-FR"},{"@type":"Organization","@id":"https:\/\/atrinis.com\/club\/#organization","name":"SPORT'ASSOC","url":"https:\/\/atrinis.com\/club\/","logo":{"@type":"ImageObject","inLanguage":"fr-FR","@id":"https:\/\/atrinis.com\/club\/#\/schema\/logo\/image\/","url":"https:\/\/atrinis.com\/club\/medias\/2020\/03\/SPORTASSOC-Logo-Club-de-Sport-ATRINIS-SaaS-E-commerce.png","contentUrl":"https:\/\/atrinis.com\/club\/medias\/2020\/03\/SPORTASSOC-Logo-Club-de-Sport-ATRINIS-SaaS-E-commerce.png","width":1183,"height":306,"caption":"SPORT'ASSOC"},"image":{"@id":"https:\/\/atrinis.com\/club\/#\/schema\/logo\/image\/"}}]}},"_links":{"self":[{"href":"https:\/\/atrinis.com\/club\/wp-json\/wp\/v2\/pages\/3326","targetHints":{"allow":["GET"]}}],"collection":[{"href":"https:\/\/atrinis.com\/club\/wp-json\/wp\/v2\/pages"}],"about":[{"href":"https:\/\/atrinis.com\/club\/wp-json\/wp\/v2\/types\/page"}],"author":[{"embeddable":true,"href":"https:\/\/atrinis.com\/club\/wp-json\/wp\/v2\/users\/1"}],"replies":[{"embeddable":true,"href":"https:\/\/atrinis.com\/club\/wp-json\/wp\/v2\/comments?post=3326"}],"version-history":[{"count":22,"href":"https:\/\/atrinis.com\/club\/wp-json\/wp\/v2\/pages\/3326\/revisions"}],"predecessor-version":[{"id":3357,"href":"https:\/\/atrinis.com\/club\/wp-json\/wp\/v2\/pages\/3326\/revisions\/3357"}],"wp:attachment":[{"href":"https:\/\/atrinis.com\/club\/wp-json\/wp\/v2\/media?parent=3326"}],"curies":[{"name":"wp","href":"https:\/\/api.w.org\/{rel}","templated":true}]}}