{"id":2723,"date":"2017-06-05T09:53:53","date_gmt":"2017-06-05T07:53:53","guid":{"rendered":"https:\/\/atrinis.com\/club\/?page_id=2723"},"modified":"2020-03-16T15:15:51","modified_gmt":"2020-03-16T14:15:51","slug":"buttons","status":"publish","type":"page","link":"https:\/\/atrinis.com\/club\/buttons\/","title":{"rendered":"Boutons"},"content":{"rendered":"<div class=\"wpb-content-wrapper\"><p>[vc_row css=&#8221;.vc_custom_1490685505544{padding-bottom: 45px !important;}&#8221;][vc_column][vc_column_text]Pour votre commodit\u00e9, nous avons cr\u00e9\u00e9 cet \u00e9l\u00e9ment de bouton personnalis\u00e9 pour vous dans Visual Composer. Lors de la cr\u00e9ation d&#8217;un bouton, vous pouvez d\u00e9finir les propri\u00e9t\u00e9s Couleur du texte du bouton, Couleur du survol du texte, Couleur d&#8217;arri\u00e8re-plan, Couleur du survol d&#8217;arri\u00e8re-plan, Couleur de la bordure, etc. Voici quelques exemples de boutons g\u00e9n\u00e9r\u00e9s:[\/vc_column_text][\/vc_column][\/vc_row][vc_row full_width=&#8221;stretch_row&#8221; css=&#8221;.vc_custom_1490684177949{padding-top: 30px !important;padding-bottom: 65px !important;background-color: #28313a !important;}&#8221;][vc_column]<div class=\"vc_custom_1584368100252\" style=\"text-align:left;\">\n\t<a class=\"rt-vc-button-1\" data-txtcolor=\"#ffffff\" data-bgcolor=\"#fb5b21\" data-txthover=\"#ffffff\" data-bghover=\"#b0360a\" style=\"background-color: #fb5b21;color: #ffffff;\" href=\"#\">Bouton par d\u00e9faut<\/a>\n<\/div><div class=\"vc_custom_1584368121478\" style=\"text-align:left;\">\n\t<a class=\"rt-vc-button-1\" data-txtcolor=\"#ffffff\" data-bgcolor=\"\" data-txthover=\"#ffffff\" data-bghover=\"#fb5b21\" style=\"background-color: transparent;color: #ffffff;border: 2px solid #fb5b21;\" href=\"#\">Bouton Transparent avec Bordure<\/a>\n<\/div><div class=\"\" style=\"text-align:left;\">\n\t<a class=\"rt-vc-button-1\" data-txtcolor=\"#222222\" data-bgcolor=\"#ffffff\" data-txthover=\"#26c6da\" data-bghover=\"#ffffff\" style=\"background-color: #ffffff;color: #222222;\" href=\"#\">Bouton avec fond color\u00e9<\/a>\n<\/div>[\/vc_column][\/vc_row]<\/p>\n<\/div>","protected":false},"excerpt":{"rendered":"<p>[vc_row css=&#8221;.vc_custom_1490685505544{padding-bottom: 45px !important;}&#8221;][vc_column][vc_column_text]Pour votre commodit\u00e9, nous avons cr\u00e9\u00e9 cet \u00e9l\u00e9ment de bouton personnalis\u00e9 pour vous dans Visual Composer. Lors de la cr\u00e9ation d&#8217;un bouton, vous pouvez d\u00e9finir les propri\u00e9t\u00e9s Couleur du texte du bouton, Couleur du survol du texte, Couleur d&#8217;arri\u00e8re-plan, Couleur du survol d&#8217;arri\u00e8re-plan, Couleur de la bordure, etc. Voici quelques exemples de [&hellip;]<\/p>\n","protected":false},"author":1,"featured_media":0,"parent":0,"menu_order":0,"comment_status":"closed","ping_status":"closed","template":"","meta":{"footnotes":""},"class_list":["post-2723","page","type-page","status-publish","hentry"],"yoast_head":"<!-- This site is optimized with the Yoast SEO Premium plugin v18.3 (Yoast SEO v27.0) - https:\/\/yoast.com\/product\/yoast-seo-premium-wordpress\/ -->\n<title>Boutons | SPORT&#039;ASSOC<\/title>\n<meta name=\"robots\" content=\"index, follow, max-snippet:-1, max-image-preview:large, max-video-preview:-1\" \/>\n<link rel=\"canonical\" href=\"https:\/\/atrinis.com\/club\/buttons\/\" \/>\n<meta property=\"og:locale\" content=\"fr_FR\" \/>\n<meta property=\"og:type\" content=\"article\" \/>\n<meta property=\"og:title\" content=\"Boutons\" \/>\n<meta property=\"og:description\" content=\"[vc_row css=&#8221;.vc_custom_1490685505544{padding-bottom: 45px !important;}&#8221;][vc_column][vc_column_text]Pour votre commodit\u00e9, nous avons cr\u00e9\u00e9 cet \u00e9l\u00e9ment de bouton personnalis\u00e9 pour vous dans Visual Composer. Lors de la cr\u00e9ation d&#8217;un bouton, vous pouvez d\u00e9finir les propri\u00e9t\u00e9s Couleur du texte du bouton, Couleur du survol du texte, Couleur d&#8217;arri\u00e8re-plan, Couleur du survol d&#8217;arri\u00e8re-plan, Couleur de la bordure, etc. Voici quelques exemples de [&hellip;]\" \/>\n<meta property=\"og:url\" content=\"https:\/\/atrinis.com\/club\/buttons\/\" \/>\n<meta property=\"og:site_name\" content=\"SPORT&#039;ASSOC\" \/>\n<meta property=\"article:modified_time\" content=\"2020-03-16T14:15:51+00:00\" \/>\n<meta name=\"twitter:card\" content=\"summary_large_image\" \/>\n<meta name=\"twitter:label1\" content=\"Dur\u00e9e de lecture estim\u00e9e\" \/>\n\t<meta name=\"twitter:data1\" content=\"1 minute\" \/>\n<script type=\"application\/ld+json\" class=\"yoast-schema-graph\">{\"@context\":\"https:\/\/schema.org\",\"@graph\":[{\"@type\":\"WebPage\",\"@id\":\"https:\/\/atrinis.com\/club\/buttons\/\",\"url\":\"https:\/\/atrinis.com\/club\/buttons\/\",\"name\":\"Boutons | SPORT&#039;ASSOC\",\"isPartOf\":{\"@id\":\"https:\/\/atrinis.com\/club\/#website\"},\"datePublished\":\"2017-06-05T07:53:53+00:00\",\"dateModified\":\"2020-03-16T14:15:51+00:00\",\"breadcrumb\":{\"@id\":\"https:\/\/atrinis.com\/club\/buttons\/#breadcrumb\"},\"inLanguage\":\"fr-FR\",\"potentialAction\":[{\"@type\":\"ReadAction\",\"target\":[\"https:\/\/atrinis.com\/club\/buttons\/\"]}]},{\"@type\":\"BreadcrumbList\",\"@id\":\"https:\/\/atrinis.com\/club\/buttons\/#breadcrumb\",\"itemListElement\":[{\"@type\":\"ListItem\",\"position\":1,\"name\":\"Home\",\"item\":\"https:\/\/atrinis.com\/club\/\"},{\"@type\":\"ListItem\",\"position\":2,\"name\":\"Boutons\"}]},{\"@type\":\"WebSite\",\"@id\":\"https:\/\/atrinis.com\/club\/#website\",\"url\":\"https:\/\/atrinis.com\/club\/\",\"name\":\"SPORT'ASSOC\",\"description\":\"Progiciel pour Clubs de Sport &amp; Associations Sportives - DEMO\",\"publisher\":{\"@id\":\"https:\/\/atrinis.com\/club\/#organization\"},\"potentialAction\":[{\"@type\":\"SearchAction\",\"target\":{\"@type\":\"EntryPoint\",\"urlTemplate\":\"https:\/\/atrinis.com\/club\/?s={search_term_string}\"},\"query-input\":{\"@type\":\"PropertyValueSpecification\",\"valueRequired\":true,\"valueName\":\"search_term_string\"}}],\"inLanguage\":\"fr-FR\"},{\"@type\":\"Organization\",\"@id\":\"https:\/\/atrinis.com\/club\/#organization\",\"name\":\"SPORT'ASSOC\",\"url\":\"https:\/\/atrinis.com\/club\/\",\"logo\":{\"@type\":\"ImageObject\",\"inLanguage\":\"fr-FR\",\"@id\":\"https:\/\/atrinis.com\/club\/#\/schema\/logo\/image\/\",\"url\":\"https:\/\/atrinis.com\/club\/medias\/2020\/03\/SPORTASSOC-Logo-Club-de-Sport-ATRINIS-SaaS-E-commerce.png\",\"contentUrl\":\"https:\/\/atrinis.com\/club\/medias\/2020\/03\/SPORTASSOC-Logo-Club-de-Sport-ATRINIS-SaaS-E-commerce.png\",\"width\":1183,\"height\":306,\"caption\":\"SPORT'ASSOC\"},\"image\":{\"@id\":\"https:\/\/atrinis.com\/club\/#\/schema\/logo\/image\/\"}}]}<\/script>\n<!-- \/ Yoast SEO Premium plugin. -->","yoast_head_json":{"title":"Boutons | SPORT&#039;ASSOC","robots":{"index":"index","follow":"follow","max-snippet":"max-snippet:-1","max-image-preview":"max-image-preview:large","max-video-preview":"max-video-preview:-1"},"canonical":"https:\/\/atrinis.com\/club\/buttons\/","og_locale":"fr_FR","og_type":"article","og_title":"Boutons","og_description":"[vc_row css=&#8221;.vc_custom_1490685505544{padding-bottom: 45px !important;}&#8221;][vc_column][vc_column_text]Pour votre commodit\u00e9, nous avons cr\u00e9\u00e9 cet \u00e9l\u00e9ment de bouton personnalis\u00e9 pour vous dans Visual Composer. Lors de la cr\u00e9ation d&#8217;un bouton, vous pouvez d\u00e9finir les propri\u00e9t\u00e9s Couleur du texte du bouton, Couleur du survol du texte, Couleur d&#8217;arri\u00e8re-plan, Couleur du survol d&#8217;arri\u00e8re-plan, Couleur de la bordure, etc. Voici quelques exemples de [&hellip;]","og_url":"https:\/\/atrinis.com\/club\/buttons\/","og_site_name":"SPORT&#039;ASSOC","article_modified_time":"2020-03-16T14:15:51+00:00","twitter_card":"summary_large_image","twitter_misc":{"Dur\u00e9e de lecture estim\u00e9e":"1 minute"},"schema":{"@context":"https:\/\/schema.org","@graph":[{"@type":"WebPage","@id":"https:\/\/atrinis.com\/club\/buttons\/","url":"https:\/\/atrinis.com\/club\/buttons\/","name":"Boutons | SPORT&#039;ASSOC","isPartOf":{"@id":"https:\/\/atrinis.com\/club\/#website"},"datePublished":"2017-06-05T07:53:53+00:00","dateModified":"2020-03-16T14:15:51+00:00","breadcrumb":{"@id":"https:\/\/atrinis.com\/club\/buttons\/#breadcrumb"},"inLanguage":"fr-FR","potentialAction":[{"@type":"ReadAction","target":["https:\/\/atrinis.com\/club\/buttons\/"]}]},{"@type":"BreadcrumbList","@id":"https:\/\/atrinis.com\/club\/buttons\/#breadcrumb","itemListElement":[{"@type":"ListItem","position":1,"name":"Home","item":"https:\/\/atrinis.com\/club\/"},{"@type":"ListItem","position":2,"name":"Boutons"}]},{"@type":"WebSite","@id":"https:\/\/atrinis.com\/club\/#website","url":"https:\/\/atrinis.com\/club\/","name":"SPORT'ASSOC","description":"Progiciel pour Clubs de Sport &amp; Associations Sportives - DEMO","publisher":{"@id":"https:\/\/atrinis.com\/club\/#organization"},"potentialAction":[{"@type":"SearchAction","target":{"@type":"EntryPoint","urlTemplate":"https:\/\/atrinis.com\/club\/?s={search_term_string}"},"query-input":{"@type":"PropertyValueSpecification","valueRequired":true,"valueName":"search_term_string"}}],"inLanguage":"fr-FR"},{"@type":"Organization","@id":"https:\/\/atrinis.com\/club\/#organization","name":"SPORT'ASSOC","url":"https:\/\/atrinis.com\/club\/","logo":{"@type":"ImageObject","inLanguage":"fr-FR","@id":"https:\/\/atrinis.com\/club\/#\/schema\/logo\/image\/","url":"https:\/\/atrinis.com\/club\/medias\/2020\/03\/SPORTASSOC-Logo-Club-de-Sport-ATRINIS-SaaS-E-commerce.png","contentUrl":"https:\/\/atrinis.com\/club\/medias\/2020\/03\/SPORTASSOC-Logo-Club-de-Sport-ATRINIS-SaaS-E-commerce.png","width":1183,"height":306,"caption":"SPORT'ASSOC"},"image":{"@id":"https:\/\/atrinis.com\/club\/#\/schema\/logo\/image\/"}}]}},"_links":{"self":[{"href":"https:\/\/atrinis.com\/club\/wp-json\/wp\/v2\/pages\/2723","targetHints":{"allow":["GET"]}}],"collection":[{"href":"https:\/\/atrinis.com\/club\/wp-json\/wp\/v2\/pages"}],"about":[{"href":"https:\/\/atrinis.com\/club\/wp-json\/wp\/v2\/types\/page"}],"author":[{"embeddable":true,"href":"https:\/\/atrinis.com\/club\/wp-json\/wp\/v2\/users\/1"}],"replies":[{"embeddable":true,"href":"https:\/\/atrinis.com\/club\/wp-json\/wp\/v2\/comments?post=2723"}],"version-history":[{"count":2,"href":"https:\/\/atrinis.com\/club\/wp-json\/wp\/v2\/pages\/2723\/revisions"}],"predecessor-version":[{"id":3177,"href":"https:\/\/atrinis.com\/club\/wp-json\/wp\/v2\/pages\/2723\/revisions\/3177"}],"wp:attachment":[{"href":"https:\/\/atrinis.com\/club\/wp-json\/wp\/v2\/media?parent=2723"}],"curies":[{"name":"wp","href":"https:\/\/api.w.org\/{rel}","templated":true}]}}