{"id":2682,"date":"2017-06-05T08:20:09","date_gmt":"2017-06-05T06:20:09","guid":{"rendered":"https:\/\/atrinis.com\/club\/?page_id=2682"},"modified":"2020-04-06T15:03:34","modified_gmt":"2020-04-06T13:03:34","slug":"pagination-grille-de-cours","status":"publish","type":"page","link":"https:\/\/atrinis.com\/club\/pagination-grille-de-cours\/","title":{"rendered":"Pagination Grille de Cours"},"content":{"rendered":"<div class=\"wpb-content-wrapper\"><p>[vc_row][vc_column]<div class=\"rt-class-grid-2\">\n\t<div class=\"row auto-clear\">\n\t\t\t\t\t\t\t\t\t\t\t\t\t<div class=\"col-lg-4 col-md-4 col-sm-4 col-xs-12\">\n\t\t\t\t\t<div class=\"single-item\">\n\t\t\t\t\t\t<div class=\"single-item-content\">\n\t\t\t\t\t\t\t<div class=\"single-item-image\"><img loading=\"lazy\" decoding=\"async\" width=\"410\" height=\"200\" src=\"https:\/\/atrinis.com\/club\/medias\/2020\/03\/SPORTASSOC-Cours-Seniors-activit\u00e9-sportives-Association-de-Sport-ATRINIS-SaaS-E-commerce-410x200.jpg\" class=\"attachment-gymedge-size2 size-gymedge-size2 wp-post-image\" alt=\"\" srcset=\"https:\/\/atrinis.com\/club\/medias\/2020\/03\/SPORTASSOC-Cours-Seniors-activit\u00e9-sportives-Association-de-Sport-ATRINIS-SaaS-E-commerce-410x200.jpg 410w, https:\/\/atrinis.com\/club\/medias\/2020\/03\/SPORTASSOC-Cours-Seniors-activit\u00e9-sportives-Association-de-Sport-ATRINIS-SaaS-E-commerce-410x200@2x.jpg 820w\" sizes=\"auto, (max-width: 410px) 100vw, 410px\" \/><\/div>\n\t\t\t\t\t\t\t<div class=\"overly\"><\/div>\n\t\t\t\t\t\t\t<div class=\"details\"><a href=\"https:\/\/atrinis.com\/club\/cours\/gymseniors\/\">D\u00e9tails<\/a><\/div>\n\t\t\t\t\t\t<\/div>\n\t\t\t\t\t\t<div class=\"single-item-meta\">\n\t\t\t\t\t\t\t<h3><a href=\"https:\/\/atrinis.com\/club\/cours\/gymseniors\/\">Gym des S\u00e9niors<\/a><\/h3>\n\t\t\t\t\t\t\t<div>D\u00e9crivez votre discipline sportive avec sa programmation avec SPORT&#8217;ASSOC en quelques\u2026<\/div>\n\t\t\t\t\t\t<\/div>\n\t\t\t\t\t<\/div>\n\t\t\t\t<\/div>\n\t\t\t\t\t\t\t\t\t\t\t<div class=\"col-lg-4 col-md-4 col-sm-4 col-xs-12\">\n\t\t\t\t\t<div class=\"single-item\">\n\t\t\t\t\t\t<div class=\"single-item-content\">\n\t\t\t\t\t\t\t<div class=\"single-item-image\"><img loading=\"lazy\" decoding=\"async\" width=\"410\" height=\"200\" src=\"https:\/\/atrinis.com\/club\/medias\/2020\/03\/ATRINIS-Vente-en-Ligne-Clubs-de-Sport-Associations-Sportives-Golf-410x200.jpg\" class=\"attachment-gymedge-size2 size-gymedge-size2 wp-post-image\" alt=\"\" srcset=\"https:\/\/atrinis.com\/club\/medias\/2020\/03\/ATRINIS-Vente-en-Ligne-Clubs-de-Sport-Associations-Sportives-Golf-410x200.jpg 410w, https:\/\/atrinis.com\/club\/medias\/2020\/03\/ATRINIS-Vente-en-Ligne-Clubs-de-Sport-Associations-Sportives-Golf-410x200@2x.jpg 820w\" sizes=\"auto, (max-width: 410px) 100vw, 410px\" \/><\/div>\n\t\t\t\t\t\t\t<div class=\"overly\"><\/div>\n\t\t\t\t\t\t\t<div class=\"details\"><a href=\"https:\/\/atrinis.com\/club\/cours\/golf\/\">D\u00e9tails<\/a><\/div>\n\t\t\t\t\t\t<\/div>\n\t\t\t\t\t\t<div class=\"single-item-meta\">\n\t\t\t\t\t\t\t<h3><a href=\"https:\/\/atrinis.com\/club\/cours\/golf\/\">Golf<\/a><\/h3>\n\t\t\t\t\t\t\t<div>Le golf est un sport de pr\u00e9cision se jouant en plein\u2026<\/div>\n\t\t\t\t\t\t<\/div>\n\t\t\t\t\t<\/div>\n\t\t\t\t<\/div>\n\t\t\t\t\t\t\t\t\t\t\t<div class=\"col-lg-4 col-md-4 col-sm-4 col-xs-12\">\n\t\t\t\t\t<div class=\"single-item\">\n\t\t\t\t\t\t<div class=\"single-item-content\">\n\t\t\t\t\t\t\t<div class=\"single-item-image\"><img loading=\"lazy\" decoding=\"async\" width=\"410\" height=\"200\" src=\"https:\/\/atrinis.com\/club\/medias\/2019\/12\/ATRINIS-Vente-en-Ligne-Clubs-de-Sport-Associations-Sportives-Basket-410x200.jpg\" class=\"attachment-gymedge-size2 size-gymedge-size2 wp-post-image\" alt=\"\" srcset=\"https:\/\/atrinis.com\/club\/medias\/2019\/12\/ATRINIS-Vente-en-Ligne-Clubs-de-Sport-Associations-Sportives-Basket-410x200.jpg 410w, https:\/\/atrinis.com\/club\/medias\/2019\/12\/ATRINIS-Vente-en-Ligne-Clubs-de-Sport-Associations-Sportives-Basket-410x200@2x.jpg 820w\" sizes=\"auto, (max-width: 410px) 100vw, 410px\" \/><\/div>\n\t\t\t\t\t\t\t<div class=\"overly\"><\/div>\n\t\t\t\t\t\t\t<div class=\"details\"><a href=\"https:\/\/atrinis.com\/club\/cours\/basketball\/\">D\u00e9tails<\/a><\/div>\n\t\t\t\t\t\t<\/div>\n\t\t\t\t\t\t<div class=\"single-item-meta\">\n\t\t\t\t\t\t\t<h3><a href=\"https:\/\/atrinis.com\/club\/cours\/basketball\/\">Basket-Ball<\/a><\/h3>\n\t\t\t\t\t\t\t<div>Le basket-ball se pratique exclusivement \u00e0 la main, et les joueurs\u2026<\/div>\n\t\t\t\t\t\t<\/div>\n\t\t\t\t\t<\/div>\n\t\t\t\t<\/div>\n\t\t\t\t\t\t\t\t\t\t\t<div class=\"col-lg-4 col-md-4 col-sm-4 col-xs-12\">\n\t\t\t\t\t<div class=\"single-item\">\n\t\t\t\t\t\t<div class=\"single-item-content\">\n\t\t\t\t\t\t\t<div class=\"single-item-image\"><img loading=\"lazy\" decoding=\"async\" width=\"410\" height=\"200\" src=\"https:\/\/atrinis.com\/club\/medias\/2016\/12\/ATRINIS-Club-de-Sport-Cycle-demo-410x200.jpg\" class=\"attachment-gymedge-size2 size-gymedge-size2 wp-post-image\" alt=\"\" \/><\/div>\n\t\t\t\t\t\t\t<div class=\"overly\"><\/div>\n\t\t\t\t\t\t\t<div class=\"details\"><a href=\"https:\/\/atrinis.com\/club\/cours\/velo-en-salle\/\">D\u00e9tails<\/a><\/div>\n\t\t\t\t\t\t<\/div>\n\t\t\t\t\t\t<div class=\"single-item-meta\">\n\t\t\t\t\t\t\t<h3><a href=\"https:\/\/atrinis.com\/club\/cours\/velo-en-salle\/\">V\u00e9lo en salle \/ ext\u00e9rieur<\/a><\/h3>\n\t\t\t\t\t\t\t<div>D\u00e9crivez votre discipline sportive avec sa programmation avec SPORT&#8217;ASSOC en quelques\u2026<\/div>\n\t\t\t\t\t\t<\/div>\n\t\t\t\t\t<\/div>\n\t\t\t\t<\/div>\n\t\t\t\t\t\t\t\t\t\t\t<div class=\"col-lg-4 col-md-4 col-sm-4 col-xs-12\">\n\t\t\t\t\t<div class=\"single-item\">\n\t\t\t\t\t\t<div class=\"single-item-content\">\n\t\t\t\t\t\t\t<div class=\"single-item-image\"><img loading=\"lazy\" decoding=\"async\" width=\"410\" height=\"200\" src=\"https:\/\/atrinis.com\/club\/medias\/2016\/11\/ATRINIS-Adh\u00e9sions-en-Ligne-Clubs-de-Sport-Association-Sportives-Pilates-410x200.jpg\" class=\"attachment-gymedge-size2 size-gymedge-size2 wp-post-image\" alt=\"\" srcset=\"https:\/\/atrinis.com\/club\/medias\/2016\/11\/ATRINIS-Adh\u00e9sions-en-Ligne-Clubs-de-Sport-Association-Sportives-Pilates-410x200.jpg 410w, https:\/\/atrinis.com\/club\/medias\/2016\/11\/ATRINIS-Adh\u00e9sions-en-Ligne-Clubs-de-Sport-Association-Sportives-Pilates-410x200@2x.jpg 820w\" sizes=\"auto, (max-width: 410px) 100vw, 410px\" \/><\/div>\n\t\t\t\t\t\t\t<div class=\"overly\"><\/div>\n\t\t\t\t\t\t\t<div class=\"details\"><a href=\"https:\/\/atrinis.com\/club\/cours\/gym-pilates\/\">D\u00e9tails<\/a><\/div>\n\t\t\t\t\t\t<\/div>\n\t\t\t\t\t\t<div class=\"single-item-meta\">\n\t\t\t\t\t\t\t<h3><a href=\"https:\/\/atrinis.com\/club\/cours\/gym-pilates\/\">Gym Pilates<\/a><\/h3>\n\t\t\t\t\t\t\t<div>Gymnastique douce qui s\u2019attache \u00e0 travailler sur l\u2019\u00e9quilibre, le maintien de\u2026<\/div>\n\t\t\t\t\t\t<\/div>\n\t\t\t\t\t<\/div>\n\t\t\t\t<\/div>\n\t\t\t\t\t\t\t\t\t\t\t<div class=\"col-lg-4 col-md-4 col-sm-4 col-xs-12\">\n\t\t\t\t\t<div class=\"single-item\">\n\t\t\t\t\t\t<div class=\"single-item-content\">\n\t\t\t\t\t\t\t<div class=\"single-item-image\"><img loading=\"lazy\" decoding=\"async\" width=\"410\" height=\"200\" src=\"https:\/\/atrinis.com\/club\/medias\/2016\/11\/SPORTASSOC-Aquatique-Piscine-activit\u00e9-sportives-Association-de-Sport-ATRINIS-SaaS-E-commerce-410x200.jpg\" class=\"attachment-gymedge-size2 size-gymedge-size2 wp-post-image\" alt=\"\" srcset=\"https:\/\/atrinis.com\/club\/medias\/2016\/11\/SPORTASSOC-Aquatique-Piscine-activit\u00e9-sportives-Association-de-Sport-ATRINIS-SaaS-E-commerce-410x200.jpg 410w, https:\/\/atrinis.com\/club\/medias\/2016\/11\/SPORTASSOC-Aquatique-Piscine-activit\u00e9-sportives-Association-de-Sport-ATRINIS-SaaS-E-commerce-410x200@2x.jpg 820w\" sizes=\"auto, (max-width: 410px) 100vw, 410px\" \/><\/div>\n\t\t\t\t\t\t\t<div class=\"overly\"><\/div>\n\t\t\t\t\t\t\t<div class=\"details\"><a href=\"https:\/\/atrinis.com\/club\/cours\/aqua-gym\/\">D\u00e9tails<\/a><\/div>\n\t\t\t\t\t\t<\/div>\n\t\t\t\t\t\t<div class=\"single-item-meta\">\n\t\t\t\t\t\t\t<h3><a href=\"https:\/\/atrinis.com\/club\/cours\/aqua-gym\/\">Gym Aquatique<\/a><\/h3>\n\t\t\t\t\t\t\t<div>Cours id\u00e9al pour la diminution de la cellulite gr\u00e2ce \u00e0 l&#8217;effet\u2026<\/div>\n\t\t\t\t\t\t<\/div>\n\t\t\t\t\t<\/div>\n\t\t\t\t<\/div>\n\t\t\t\t\t\t<\/div>\n<\/div>\n[\/vc_column][\/vc_row]<\/p>\n<\/div>","protected":false},"excerpt":{"rendered":"<p>[vc_row][vc_column][\/vc_column][\/vc_row]<\/p>\n","protected":false},"author":1,"featured_media":0,"parent":0,"menu_order":0,"comment_status":"closed","ping_status":"closed","template":"","meta":{"footnotes":""},"class_list":["post-2682","page","type-page","status-publish","hentry"],"yoast_head":"<!-- This site is optimized with the Yoast SEO Premium plugin v18.3 (Yoast SEO v27.0) - https:\/\/yoast.com\/product\/yoast-seo-premium-wordpress\/ -->\n<title>Pagination Grille de Cours | SPORT&#039;ASSOC<\/title>\n<meta name=\"robots\" content=\"index, follow, max-snippet:-1, max-image-preview:large, max-video-preview:-1\" \/>\n<link rel=\"canonical\" href=\"https:\/\/atrinis.com\/club\/pagination-grille-de-cours\/\" \/>\n<meta property=\"og:locale\" content=\"fr_FR\" \/>\n<meta property=\"og:type\" content=\"article\" \/>\n<meta property=\"og:title\" content=\"Pagination Grille de Cours\" \/>\n<meta property=\"og:description\" content=\"[vc_row][vc_column][\/vc_column][\/vc_row]\" \/>\n<meta property=\"og:url\" content=\"https:\/\/atrinis.com\/club\/pagination-grille-de-cours\/\" \/>\n<meta property=\"og:site_name\" content=\"SPORT&#039;ASSOC\" \/>\n<meta property=\"article:modified_time\" content=\"2020-04-06T13:03:34+00:00\" \/>\n<meta name=\"twitter:card\" content=\"summary_large_image\" \/>\n<script type=\"application\/ld+json\" class=\"yoast-schema-graph\">{\"@context\":\"https:\/\/schema.org\",\"@graph\":[{\"@type\":\"WebPage\",\"@id\":\"https:\/\/atrinis.com\/club\/pagination-grille-de-cours\/\",\"url\":\"https:\/\/atrinis.com\/club\/pagination-grille-de-cours\/\",\"name\":\"Pagination Grille de Cours | SPORT&#039;ASSOC\",\"isPartOf\":{\"@id\":\"https:\/\/atrinis.com\/club\/#website\"},\"datePublished\":\"2017-06-05T06:20:09+00:00\",\"dateModified\":\"2020-04-06T13:03:34+00:00\",\"breadcrumb\":{\"@id\":\"https:\/\/atrinis.com\/club\/pagination-grille-de-cours\/#breadcrumb\"},\"inLanguage\":\"fr-FR\",\"potentialAction\":[{\"@type\":\"ReadAction\",\"target\":[\"https:\/\/atrinis.com\/club\/pagination-grille-de-cours\/\"]}]},{\"@type\":\"BreadcrumbList\",\"@id\":\"https:\/\/atrinis.com\/club\/pagination-grille-de-cours\/#breadcrumb\",\"itemListElement\":[{\"@type\":\"ListItem\",\"position\":1,\"name\":\"Home\",\"item\":\"https:\/\/atrinis.com\/club\/\"},{\"@type\":\"ListItem\",\"position\":2,\"name\":\"Pagination Grille de Cours\"}]},{\"@type\":\"WebSite\",\"@id\":\"https:\/\/atrinis.com\/club\/#website\",\"url\":\"https:\/\/atrinis.com\/club\/\",\"name\":\"SPORT'ASSOC\",\"description\":\"Progiciel pour Clubs de Sport &amp; Associations Sportives - DEMO\",\"publisher\":{\"@id\":\"https:\/\/atrinis.com\/club\/#organization\"},\"potentialAction\":[{\"@type\":\"SearchAction\",\"target\":{\"@type\":\"EntryPoint\",\"urlTemplate\":\"https:\/\/atrinis.com\/club\/?s={search_term_string}\"},\"query-input\":{\"@type\":\"PropertyValueSpecification\",\"valueRequired\":true,\"valueName\":\"search_term_string\"}}],\"inLanguage\":\"fr-FR\"},{\"@type\":\"Organization\",\"@id\":\"https:\/\/atrinis.com\/club\/#organization\",\"name\":\"SPORT'ASSOC\",\"url\":\"https:\/\/atrinis.com\/club\/\",\"logo\":{\"@type\":\"ImageObject\",\"inLanguage\":\"fr-FR\",\"@id\":\"https:\/\/atrinis.com\/club\/#\/schema\/logo\/image\/\",\"url\":\"https:\/\/atrinis.com\/club\/medias\/2020\/03\/SPORTASSOC-Logo-Club-de-Sport-ATRINIS-SaaS-E-commerce.png\",\"contentUrl\":\"https:\/\/atrinis.com\/club\/medias\/2020\/03\/SPORTASSOC-Logo-Club-de-Sport-ATRINIS-SaaS-E-commerce.png\",\"width\":1183,\"height\":306,\"caption\":\"SPORT'ASSOC\"},\"image\":{\"@id\":\"https:\/\/atrinis.com\/club\/#\/schema\/logo\/image\/\"}}]}<\/script>\n<!-- \/ Yoast SEO Premium plugin. -->","yoast_head_json":{"title":"Pagination Grille de Cours | SPORT&#039;ASSOC","robots":{"index":"index","follow":"follow","max-snippet":"max-snippet:-1","max-image-preview":"max-image-preview:large","max-video-preview":"max-video-preview:-1"},"canonical":"https:\/\/atrinis.com\/club\/pagination-grille-de-cours\/","og_locale":"fr_FR","og_type":"article","og_title":"Pagination Grille de Cours","og_description":"[vc_row][vc_column][\/vc_column][\/vc_row]","og_url":"https:\/\/atrinis.com\/club\/pagination-grille-de-cours\/","og_site_name":"SPORT&#039;ASSOC","article_modified_time":"2020-04-06T13:03:34+00:00","twitter_card":"summary_large_image","schema":{"@context":"https:\/\/schema.org","@graph":[{"@type":"WebPage","@id":"https:\/\/atrinis.com\/club\/pagination-grille-de-cours\/","url":"https:\/\/atrinis.com\/club\/pagination-grille-de-cours\/","name":"Pagination Grille de Cours | SPORT&#039;ASSOC","isPartOf":{"@id":"https:\/\/atrinis.com\/club\/#website"},"datePublished":"2017-06-05T06:20:09+00:00","dateModified":"2020-04-06T13:03:34+00:00","breadcrumb":{"@id":"https:\/\/atrinis.com\/club\/pagination-grille-de-cours\/#breadcrumb"},"inLanguage":"fr-FR","potentialAction":[{"@type":"ReadAction","target":["https:\/\/atrinis.com\/club\/pagination-grille-de-cours\/"]}]},{"@type":"BreadcrumbList","@id":"https:\/\/atrinis.com\/club\/pagination-grille-de-cours\/#breadcrumb","itemListElement":[{"@type":"ListItem","position":1,"name":"Home","item":"https:\/\/atrinis.com\/club\/"},{"@type":"ListItem","position":2,"name":"Pagination Grille de Cours"}]},{"@type":"WebSite","@id":"https:\/\/atrinis.com\/club\/#website","url":"https:\/\/atrinis.com\/club\/","name":"SPORT'ASSOC","description":"Progiciel pour Clubs de Sport &amp; Associations Sportives - DEMO","publisher":{"@id":"https:\/\/atrinis.com\/club\/#organization"},"potentialAction":[{"@type":"SearchAction","target":{"@type":"EntryPoint","urlTemplate":"https:\/\/atrinis.com\/club\/?s={search_term_string}"},"query-input":{"@type":"PropertyValueSpecification","valueRequired":true,"valueName":"search_term_string"}}],"inLanguage":"fr-FR"},{"@type":"Organization","@id":"https:\/\/atrinis.com\/club\/#organization","name":"SPORT'ASSOC","url":"https:\/\/atrinis.com\/club\/","logo":{"@type":"ImageObject","inLanguage":"fr-FR","@id":"https:\/\/atrinis.com\/club\/#\/schema\/logo\/image\/","url":"https:\/\/atrinis.com\/club\/medias\/2020\/03\/SPORTASSOC-Logo-Club-de-Sport-ATRINIS-SaaS-E-commerce.png","contentUrl":"https:\/\/atrinis.com\/club\/medias\/2020\/03\/SPORTASSOC-Logo-Club-de-Sport-ATRINIS-SaaS-E-commerce.png","width":1183,"height":306,"caption":"SPORT'ASSOC"},"image":{"@id":"https:\/\/atrinis.com\/club\/#\/schema\/logo\/image\/"}}]}},"_links":{"self":[{"href":"https:\/\/atrinis.com\/club\/wp-json\/wp\/v2\/pages\/2682","targetHints":{"allow":["GET"]}}],"collection":[{"href":"https:\/\/atrinis.com\/club\/wp-json\/wp\/v2\/pages"}],"about":[{"href":"https:\/\/atrinis.com\/club\/wp-json\/wp\/v2\/types\/page"}],"author":[{"embeddable":true,"href":"https:\/\/atrinis.com\/club\/wp-json\/wp\/v2\/users\/1"}],"replies":[{"embeddable":true,"href":"https:\/\/atrinis.com\/club\/wp-json\/wp\/v2\/comments?post=2682"}],"version-history":[{"count":1,"href":"https:\/\/atrinis.com\/club\/wp-json\/wp\/v2\/pages\/2682\/revisions"}],"predecessor-version":[{"id":3535,"href":"https:\/\/atrinis.com\/club\/wp-json\/wp\/v2\/pages\/2682\/revisions\/3535"}],"wp:attachment":[{"href":"https:\/\/atrinis.com\/club\/wp-json\/wp\/v2\/media?parent=2682"}],"curies":[{"name":"wp","href":"https:\/\/api.w.org\/{rel}","templated":true}]}}