{"id":2669,"date":"2017-06-05T08:08:06","date_gmt":"2017-06-05T06:08:06","guid":{"rendered":"https:\/\/atrinis.com\/club\/?page_id=2669"},"modified":"2020-03-05T14:33:52","modified_gmt":"2020-03-05T13:33:52","slug":"bmi-calculator","status":"publish","type":"page","link":"https:\/\/atrinis.com\/club\/bmi-calculator\/","title":{"rendered":"Calculateur IMC"},"content":{"rendered":"<div class=\"wpb-content-wrapper\"><p>[vc_row full_width=&#8221;stretch_row&#8221; css=&#8221;.vc_custom_1496650023981{padding-top: 65px !important;padding-bottom: 100px !important;background-image: url(https:\/\/atrinis.com\/club\/medias\/2017\/06\/bmi.jpg?id=2670) !important;background-position: center !important;background-repeat: no-repeat !important;background-size: cover !important;}&#8221;][vc_column]<div class=\"rt-owl-title-1 vc_custom_1583414888433 style1\">\n\t<div class=\"section-title\">\n\t\t<h2 class=\"owl-title\" style=\"color:#ffffff;\">Style fond de page sombre et imag\u00e9<\/h2>\n\t\t<div class=\"owl-description\" style=\"color:#111111;\"><\/div>\n\t<\/div>\n<\/div><div class=\"rt-bmi-calculator rt-dark\">\n\t<div class=\"row\">\n\t\t<div class=\"col-md-7\">\n\t\t\t<div class=\"rt-left\">\n\t\t\t\t<h3 class=\"rt-title\">CALCULER VOTRE IMC<\/h3>\n\t\t\t\t<div class=\"rt-subtitle\">L\u2019IMC permet de d\u00e9terminer de mani\u00e8re objective la corpulence d\u2019une personne.\n\nL'OMS utilise cet indice afin d\u2019\u00e9tablir une classification standard de r\u00e9f\u00e9rence en mati\u00e8re de surcharge pond\u00e9rale.\nCette classification (voir tableau ci-contre) a pour r\u00f4le d\u2019\u00e9valuer les risques li\u00e9s au surpoids. Le fait de calculer de mani\u00e8re r\u00e9guli\u00e8re son IMC pr\u00e9sente donc un int\u00e9r\u00eat: rep\u00e9rer ses propres \u00e9volutions de poids et les interpr\u00e9ter en accord avec les informations fournies par l\u2019OMS.<\/div>\n\t\t\t\t<form class=\"rt-bmi-form\">\n\t\t\t\t\t<div class=\"rt-bmi-radio\">\n\t\t\t\t\t\t<input id=\"rt-bmi-metric-1468649231\" type=\"radio\" name=\"rt-bmi-unit\" value=\"metric\" checked><label for=\"rt-bmi-metric-1468649231\">Unit\u00e9s m\u00e9triques<\/label><input id=\"rt-bmi-imperial-1468649231\" type=\"radio\" name=\"rt-bmi-unit\" value=\"imperial\"><label for=\"rt-bmi-imperial-1468649231\">Unit\u00e9s imp\u00e9riales<\/label>\t\t\t\t\t<\/div>\n\t\t\t\t\t<div class=\"rt-bmi-fields\">\n\t\t\t\t\t\t<input type=\"text\" class=\"rt-bmi-fields-metric\" name=\"rt-bmi-weight\" placeholder=\"Poids \/ kg\">\n\t\t\t\t\t\t<input type=\"text\" class=\"rt-bmi-fields-metric\" name=\"rt-bmi-height\" placeholder=\"Hauteur \/ cm\">\n\t\t\t\t\t\t<input type=\"text\" class=\"rt-bmi-fields-imperial\" name=\"rt-bmi-pound\" placeholder=\"Poids \/ lbs\" style=\"display:none;\">\n\t\t\t\t\t\t<input type=\"text\" class=\"rt-bmi-fields-imperial\" name=\"rt-bmi-feet\" placeholder=\"Hauteur \/ pieds\" style=\"display:none;\">\n\t\t\t\t\t\t<input type=\"text\" class=\"rt-bmi-fields-imperial\" name=\"rt-bmi-inch\" placeholder=\"Hauteur \/ pouce\" style=\"display:none;\">\n\t\t\t\t\t<\/div>\n\t\t\t\t\t<input type=\"submit\" class= \"rt-bmi-submit\" value=\"Calculer\">\n\t\t\t\t\t<div class=\"rt-bmi-result\" style=\"display:none;\" data-chart=\"[[&quot;En dessous de 18,5&quot;,&quot;en INSUFFISANCE POND\\u00c9RALE&quot;],[&quot;18.5 - 24.9&quot;,&quot;d&#039;une CORPULENCE NORMALE&quot;],[&quot;25 - 29.9&quot;,&quot;en SURPOIDS&quot;],[&quot;30 et au-dessus&quot;,&quot;en Ob\\u00e9sit\\u00e9 MOD\\u00c9R\\u00c9E ou FORTE&quot;]]\">Votre IMC est : <span class=\"rt-bmi-val\"><\/span>, et indique que vous \u00eates  <span class=\"rt-bmi-status\"><\/span><\/div>\n\t\t\t\t\t<div class=\"rt-bmi-error\" data-emptymsg=\"Erreur : Un ou plusieurs champs sont vides\" data-numbermsg=\"Erreur : Toutes les valeurs de champ doivent \u00eatre un nombre\"><\/div>\n\t\t\t\t<\/form>\n\t\t\t<\/div>\n\t\t<\/div>\n\t\t<div class=\"col-md-5\">\n\t\t\t<div class=\"rt-right\">\n\t\t\t\t<table class=\"bmi-chart\">\n\t\t\t\t\t<tr>\n\t\t\t\t\t\t<th>IMC<\/th>\n\t\t\t\t\t\t<th>Grille selon l'OMS<\/th>\n\t\t\t\t\t<\/tr>\n\t\t\t\t\t\t\t\t\t\t\t<tr>\n\t\t\t\t\t\t\t<td>En dessous de 18,5<\/td>\n\t\t\t\t\t\t\t<td>en INSUFFISANCE POND\u00c9RALE<\/td>\n\t\t\t\t\t\t<\/tr>\t\t\t\t\t\t\n\t\t\t\t\t\t\t\t\t\t\t<tr>\n\t\t\t\t\t\t\t<td>18.5 - 24.9<\/td>\n\t\t\t\t\t\t\t<td>d'une CORPULENCE NORMALE<\/td>\n\t\t\t\t\t\t<\/tr>\t\t\t\t\t\t\n\t\t\t\t\t\t\t\t\t\t\t<tr>\n\t\t\t\t\t\t\t<td>25 - 29.9<\/td>\n\t\t\t\t\t\t\t<td>en SURPOIDS<\/td>\n\t\t\t\t\t\t<\/tr>\t\t\t\t\t\t\n\t\t\t\t\t\t\t\t\t\t\t<tr>\n\t\t\t\t\t\t\t<td>30 et au-dessus<\/td>\n\t\t\t\t\t\t\t<td>en Ob\u00e9sit\u00e9 MOD\u00c9R\u00c9E ou FORTE<\/td>\n\t\t\t\t\t\t<\/tr>\t\t\t\t\t\t\n\t\t\t\t\t\t\t\t\t<\/table>\n\t\t\t<\/div>\n\t\t<\/div>\n\t<\/div>\n<\/div>[\/vc_column][\/vc_row][vc_row css=&#8221;.vc_custom_1496650126699{padding-top: 65px !important;padding-bottom: 100px !important;}&#8221;][vc_column]<div class=\"rt-owl-title-1 vc_custom_1583414926592 style1\">\n\t<div class=\"section-title\">\n\t\t<h2 class=\"owl-title\" style=\"color:#111111;\">Style Fond de Page clair sans image<\/h2>\n\t\t<div class=\"owl-description\" style=\"color:#111111;\"><\/div>\n\t<\/div>\n<\/div><div class=\"rt-bmi-calculator rt-light\">\n\t<div class=\"row\">\n\t\t<div class=\"col-md-7\">\n\t\t\t<div class=\"rt-left\">\n\t\t\t\t<h3 class=\"rt-title\">CALCULER VOTRE IMC<\/h3>\n\t\t\t\t<div class=\"rt-subtitle\">L\u2019IMC permet de d\u00e9terminer de mani\u00e8re objective la corpulence d\u2019une personne.\n\nL'OMS utilise cet indice afin d\u2019\u00e9tablir une classification standard de r\u00e9f\u00e9rence en mati\u00e8re de surcharge pond\u00e9rale.\nCette classification (voir tableau ci-contre) a pour r\u00f4le d\u2019\u00e9valuer les risques li\u00e9s au surpoids. Le fait de calculer de mani\u00e8re r\u00e9guli\u00e8re son IMC pr\u00e9sente donc un int\u00e9r\u00eat: rep\u00e9rer ses propres \u00e9volutions de poids et les interpr\u00e9ter en accord avec les informations fournies par l\u2019OMS.<\/div>\n\t\t\t\t<form class=\"rt-bmi-form\">\n\t\t\t\t\t<div class=\"rt-bmi-radio\">\n\t\t\t\t\t\t<input id=\"rt-bmi-metric-2044641915\" type=\"radio\" name=\"rt-bmi-unit\" value=\"metric\" checked><label for=\"rt-bmi-metric-2044641915\">Unit\u00e9s m\u00e9triques<\/label><input id=\"rt-bmi-imperial-2044641915\" type=\"radio\" name=\"rt-bmi-unit\" value=\"imperial\"><label for=\"rt-bmi-imperial-2044641915\">Unit\u00e9s imp\u00e9riales<\/label>\t\t\t\t\t<\/div>\n\t\t\t\t\t<div class=\"rt-bmi-fields\">\n\t\t\t\t\t\t<input type=\"text\" class=\"rt-bmi-fields-metric\" name=\"rt-bmi-weight\" placeholder=\"Poids \/ kg\">\n\t\t\t\t\t\t<input type=\"text\" class=\"rt-bmi-fields-metric\" name=\"rt-bmi-height\" placeholder=\"Hauteur \/ cm\">\n\t\t\t\t\t\t<input type=\"text\" class=\"rt-bmi-fields-imperial\" name=\"rt-bmi-pound\" placeholder=\"Poids \/ lbs\" style=\"display:none;\">\n\t\t\t\t\t\t<input type=\"text\" class=\"rt-bmi-fields-imperial\" name=\"rt-bmi-feet\" placeholder=\"Hauteur \/ pieds\" style=\"display:none;\">\n\t\t\t\t\t\t<input type=\"text\" class=\"rt-bmi-fields-imperial\" name=\"rt-bmi-inch\" placeholder=\"Hauteur \/ pouce\" style=\"display:none;\">\n\t\t\t\t\t<\/div>\n\t\t\t\t\t<input type=\"submit\" class= \"rt-bmi-submit\" value=\"Calculer\">\n\t\t\t\t\t<div class=\"rt-bmi-result\" style=\"display:none;\" data-chart=\"[[&quot;En dessous de 18,5&quot;,&quot;en INSUFFISANCE POND\\u00c9RALE&quot;],[&quot;18.5 - 24.9&quot;,&quot;d&#039;une CORPULENCE NORMALE&quot;],[&quot;25 - 29.9&quot;,&quot;en SURPOIDS&quot;],[&quot;30 et au-dessus&quot;,&quot;en Ob\\u00e9sit\\u00e9 MOD\\u00c9R\\u00c9E ou FORTE&quot;]]\">Votre IMC est : <span class=\"rt-bmi-val\"><\/span>, et indique que vous \u00eates  <span class=\"rt-bmi-status\"><\/span><\/div>\n\t\t\t\t\t<div class=\"rt-bmi-error\" data-emptymsg=\"Erreur : Un ou plusieurs champs sont vides\" data-numbermsg=\"Erreur : Toutes les valeurs de champ doivent \u00eatre un nombre\"><\/div>\n\t\t\t\t<\/form>\n\t\t\t<\/div>\n\t\t<\/div>\n\t\t<div class=\"col-md-5\">\n\t\t\t<div class=\"rt-right\">\n\t\t\t\t<table class=\"bmi-chart\">\n\t\t\t\t\t<tr>\n\t\t\t\t\t\t<th>IMC<\/th>\n\t\t\t\t\t\t<th>Grille selon l'OMS<\/th>\n\t\t\t\t\t<\/tr>\n\t\t\t\t\t\t\t\t\t\t\t<tr>\n\t\t\t\t\t\t\t<td>En dessous de 18,5<\/td>\n\t\t\t\t\t\t\t<td>en INSUFFISANCE POND\u00c9RALE<\/td>\n\t\t\t\t\t\t<\/tr>\t\t\t\t\t\t\n\t\t\t\t\t\t\t\t\t\t\t<tr>\n\t\t\t\t\t\t\t<td>18.5 - 24.9<\/td>\n\t\t\t\t\t\t\t<td>d'une CORPULENCE NORMALE<\/td>\n\t\t\t\t\t\t<\/tr>\t\t\t\t\t\t\n\t\t\t\t\t\t\t\t\t\t\t<tr>\n\t\t\t\t\t\t\t<td>25 - 29.9<\/td>\n\t\t\t\t\t\t\t<td>en SURPOIDS<\/td>\n\t\t\t\t\t\t<\/tr>\t\t\t\t\t\t\n\t\t\t\t\t\t\t\t\t\t\t<tr>\n\t\t\t\t\t\t\t<td>30 et au-dessus<\/td>\n\t\t\t\t\t\t\t<td>en Ob\u00e9sit\u00e9 MOD\u00c9R\u00c9E ou FORTE<\/td>\n\t\t\t\t\t\t<\/tr>\t\t\t\t\t\t\n\t\t\t\t\t\t\t\t\t<\/table>\n\t\t\t<\/div>\n\t\t<\/div>\n\t<\/div>\n<\/div>[\/vc_column][\/vc_row]<\/p>\n<\/div>","protected":false},"excerpt":{"rendered":"<p>[vc_row full_width=&#8221;stretch_row&#8221; css=&#8221;.vc_custom_1496650023981{padding-top: 65px !important;padding-bottom: 100px !important;background-image: url(https:\/\/atrinis.com\/club\/medias\/2017\/06\/bmi.jpg?id=2670) !important;background-position: center !important;background-repeat: no-repeat !important;background-size: cover !important;}&#8221;][vc_column][\/vc_column][\/vc_row][vc_row css=&#8221;.vc_custom_1496650126699{padding-top: 65px !important;padding-bottom: 100px !important;}&#8221;][vc_column][\/vc_column][\/vc_row]<\/p>\n","protected":false},"author":1,"featured_media":0,"parent":0,"menu_order":0,"comment_status":"closed","ping_status":"closed","template":"","meta":{"footnotes":""},"class_list":["post-2669","page","type-page","status-publish","hentry"],"yoast_head":"<!-- This site is optimized with the Yoast SEO Premium plugin v18.3 (Yoast SEO v27.0) - https:\/\/yoast.com\/product\/yoast-seo-premium-wordpress\/ -->\n<title>Calculateur IMC | SPORT&#039;ASSOC<\/title>\n<meta name=\"robots\" content=\"index, follow, max-snippet:-1, max-image-preview:large, max-video-preview:-1\" \/>\n<link rel=\"canonical\" href=\"https:\/\/atrinis.com\/club\/bmi-calculator\/\" \/>\n<meta property=\"og:locale\" content=\"fr_FR\" \/>\n<meta property=\"og:type\" content=\"article\" \/>\n<meta property=\"og:title\" content=\"Calculateur IMC\" \/>\n<meta property=\"og:description\" content=\"[vc_row full_width=&#8221;stretch_row&#8221; css=&#8221;.vc_custom_1496650023981{padding-top: 65px !important;padding-bottom: 100px !important;background-image: url(https:\/\/atrinis.com\/club\/medias\/2017\/06\/bmi.jpg?id=2670) !important;background-position: center !important;background-repeat: no-repeat !important;background-size: cover !important;}&#8221;][vc_column][\/vc_column][\/vc_row][vc_row css=&#8221;.vc_custom_1496650126699{padding-top: 65px !important;padding-bottom: 100px !important;}&#8221;][vc_column][\/vc_column][\/vc_row]\" \/>\n<meta property=\"og:url\" content=\"https:\/\/atrinis.com\/club\/bmi-calculator\/\" \/>\n<meta property=\"og:site_name\" content=\"SPORT&#039;ASSOC\" \/>\n<meta property=\"article:modified_time\" content=\"2020-03-05T13:33:52+00:00\" \/>\n<meta name=\"twitter:card\" content=\"summary_large_image\" \/>\n<meta name=\"twitter:label1\" content=\"Dur\u00e9e de lecture estim\u00e9e\" \/>\n\t<meta name=\"twitter:data1\" content=\"1 minute\" \/>\n<script type=\"application\/ld+json\" class=\"yoast-schema-graph\">{\"@context\":\"https:\/\/schema.org\",\"@graph\":[{\"@type\":\"WebPage\",\"@id\":\"https:\/\/atrinis.com\/club\/bmi-calculator\/\",\"url\":\"https:\/\/atrinis.com\/club\/bmi-calculator\/\",\"name\":\"Calculateur IMC | SPORT&#039;ASSOC\",\"isPartOf\":{\"@id\":\"https:\/\/atrinis.com\/club\/#website\"},\"datePublished\":\"2017-06-05T06:08:06+00:00\",\"dateModified\":\"2020-03-05T13:33:52+00:00\",\"breadcrumb\":{\"@id\":\"https:\/\/atrinis.com\/club\/bmi-calculator\/#breadcrumb\"},\"inLanguage\":\"fr-FR\",\"potentialAction\":[{\"@type\":\"ReadAction\",\"target\":[\"https:\/\/atrinis.com\/club\/bmi-calculator\/\"]}]},{\"@type\":\"BreadcrumbList\",\"@id\":\"https:\/\/atrinis.com\/club\/bmi-calculator\/#breadcrumb\",\"itemListElement\":[{\"@type\":\"ListItem\",\"position\":1,\"name\":\"Home\",\"item\":\"https:\/\/atrinis.com\/club\/\"},{\"@type\":\"ListItem\",\"position\":2,\"name\":\"Calculateur IMC\"}]},{\"@type\":\"WebSite\",\"@id\":\"https:\/\/atrinis.com\/club\/#website\",\"url\":\"https:\/\/atrinis.com\/club\/\",\"name\":\"SPORT'ASSOC\",\"description\":\"Progiciel pour Clubs de Sport &amp; Associations Sportives - DEMO\",\"publisher\":{\"@id\":\"https:\/\/atrinis.com\/club\/#organization\"},\"potentialAction\":[{\"@type\":\"SearchAction\",\"target\":{\"@type\":\"EntryPoint\",\"urlTemplate\":\"https:\/\/atrinis.com\/club\/?s={search_term_string}\"},\"query-input\":{\"@type\":\"PropertyValueSpecification\",\"valueRequired\":true,\"valueName\":\"search_term_string\"}}],\"inLanguage\":\"fr-FR\"},{\"@type\":\"Organization\",\"@id\":\"https:\/\/atrinis.com\/club\/#organization\",\"name\":\"SPORT'ASSOC\",\"url\":\"https:\/\/atrinis.com\/club\/\",\"logo\":{\"@type\":\"ImageObject\",\"inLanguage\":\"fr-FR\",\"@id\":\"https:\/\/atrinis.com\/club\/#\/schema\/logo\/image\/\",\"url\":\"https:\/\/atrinis.com\/club\/medias\/2020\/03\/SPORTASSOC-Logo-Club-de-Sport-ATRINIS-SaaS-E-commerce.png\",\"contentUrl\":\"https:\/\/atrinis.com\/club\/medias\/2020\/03\/SPORTASSOC-Logo-Club-de-Sport-ATRINIS-SaaS-E-commerce.png\",\"width\":1183,\"height\":306,\"caption\":\"SPORT'ASSOC\"},\"image\":{\"@id\":\"https:\/\/atrinis.com\/club\/#\/schema\/logo\/image\/\"}}]}<\/script>\n<!-- \/ Yoast SEO Premium plugin. -->","yoast_head_json":{"title":"Calculateur IMC | SPORT&#039;ASSOC","robots":{"index":"index","follow":"follow","max-snippet":"max-snippet:-1","max-image-preview":"max-image-preview:large","max-video-preview":"max-video-preview:-1"},"canonical":"https:\/\/atrinis.com\/club\/bmi-calculator\/","og_locale":"fr_FR","og_type":"article","og_title":"Calculateur IMC","og_description":"[vc_row full_width=&#8221;stretch_row&#8221; css=&#8221;.vc_custom_1496650023981{padding-top: 65px !important;padding-bottom: 100px !important;background-image: url(https:\/\/atrinis.com\/club\/medias\/2017\/06\/bmi.jpg?id=2670) !important;background-position: center !important;background-repeat: no-repeat !important;background-size: cover !important;}&#8221;][vc_column][\/vc_column][\/vc_row][vc_row css=&#8221;.vc_custom_1496650126699{padding-top: 65px !important;padding-bottom: 100px !important;}&#8221;][vc_column][\/vc_column][\/vc_row]","og_url":"https:\/\/atrinis.com\/club\/bmi-calculator\/","og_site_name":"SPORT&#039;ASSOC","article_modified_time":"2020-03-05T13:33:52+00:00","twitter_card":"summary_large_image","twitter_misc":{"Dur\u00e9e de lecture estim\u00e9e":"1 minute"},"schema":{"@context":"https:\/\/schema.org","@graph":[{"@type":"WebPage","@id":"https:\/\/atrinis.com\/club\/bmi-calculator\/","url":"https:\/\/atrinis.com\/club\/bmi-calculator\/","name":"Calculateur IMC | SPORT&#039;ASSOC","isPartOf":{"@id":"https:\/\/atrinis.com\/club\/#website"},"datePublished":"2017-06-05T06:08:06+00:00","dateModified":"2020-03-05T13:33:52+00:00","breadcrumb":{"@id":"https:\/\/atrinis.com\/club\/bmi-calculator\/#breadcrumb"},"inLanguage":"fr-FR","potentialAction":[{"@type":"ReadAction","target":["https:\/\/atrinis.com\/club\/bmi-calculator\/"]}]},{"@type":"BreadcrumbList","@id":"https:\/\/atrinis.com\/club\/bmi-calculator\/#breadcrumb","itemListElement":[{"@type":"ListItem","position":1,"name":"Home","item":"https:\/\/atrinis.com\/club\/"},{"@type":"ListItem","position":2,"name":"Calculateur IMC"}]},{"@type":"WebSite","@id":"https:\/\/atrinis.com\/club\/#website","url":"https:\/\/atrinis.com\/club\/","name":"SPORT'ASSOC","description":"Progiciel pour Clubs de Sport &amp; Associations Sportives - DEMO","publisher":{"@id":"https:\/\/atrinis.com\/club\/#organization"},"potentialAction":[{"@type":"SearchAction","target":{"@type":"EntryPoint","urlTemplate":"https:\/\/atrinis.com\/club\/?s={search_term_string}"},"query-input":{"@type":"PropertyValueSpecification","valueRequired":true,"valueName":"search_term_string"}}],"inLanguage":"fr-FR"},{"@type":"Organization","@id":"https:\/\/atrinis.com\/club\/#organization","name":"SPORT'ASSOC","url":"https:\/\/atrinis.com\/club\/","logo":{"@type":"ImageObject","inLanguage":"fr-FR","@id":"https:\/\/atrinis.com\/club\/#\/schema\/logo\/image\/","url":"https:\/\/atrinis.com\/club\/medias\/2020\/03\/SPORTASSOC-Logo-Club-de-Sport-ATRINIS-SaaS-E-commerce.png","contentUrl":"https:\/\/atrinis.com\/club\/medias\/2020\/03\/SPORTASSOC-Logo-Club-de-Sport-ATRINIS-SaaS-E-commerce.png","width":1183,"height":306,"caption":"SPORT'ASSOC"},"image":{"@id":"https:\/\/atrinis.com\/club\/#\/schema\/logo\/image\/"}}]}},"_links":{"self":[{"href":"https:\/\/atrinis.com\/club\/wp-json\/wp\/v2\/pages\/2669","targetHints":{"allow":["GET"]}}],"collection":[{"href":"https:\/\/atrinis.com\/club\/wp-json\/wp\/v2\/pages"}],"about":[{"href":"https:\/\/atrinis.com\/club\/wp-json\/wp\/v2\/types\/page"}],"author":[{"embeddable":true,"href":"https:\/\/atrinis.com\/club\/wp-json\/wp\/v2\/users\/1"}],"replies":[{"embeddable":true,"href":"https:\/\/atrinis.com\/club\/wp-json\/wp\/v2\/comments?post=2669"}],"version-history":[{"count":4,"href":"https:\/\/atrinis.com\/club\/wp-json\/wp\/v2\/pages\/2669\/revisions"}],"predecessor-version":[{"id":2943,"href":"https:\/\/atrinis.com\/club\/wp-json\/wp\/v2\/pages\/2669\/revisions\/2943"}],"wp:attachment":[{"href":"https:\/\/atrinis.com\/club\/wp-json\/wp\/v2\/media?parent=2669"}],"curies":[{"name":"wp","href":"https:\/\/api.w.org\/{rel}","templated":true}]}}