{"id":233,"date":"2016-11-22T05:40:44","date_gmt":"2016-11-22T04:40:44","guid":{"rendered":"https:\/\/atrinis.com\/club\/?page_id=233"},"modified":"2020-03-05T10:27:35","modified_gmt":"2020-03-05T09:27:35","slug":"avis-style-1","status":"publish","type":"page","link":"https:\/\/atrinis.com\/club\/avis-style-1\/","title":{"rendered":"Avis style 1"},"content":{"rendered":"<div class=\"wpb-content-wrapper\"><p>[vc_row][vc_column]<div class=\"row\">\n\t<div class=\"col-lg-12 col-md-12 col-sm-12 col-xs-12\">\n\t\t<div class=\"owl-wrap rt-owl-dot-1 rt-owl-testimonial-1\">\n\t\t\t\t\t\t\t<div class=\"section-title\">\n\t\t\t\t\t<h2>Ce que nos clients disent<\/h2>\n\t\t\t\t<\/div>\t\t\t\n\t\t\t\t\t\t<div class=\"owl-theme owl-carousel rt-owl-carousel\" data-carousel-options=\"{&quot;nav&quot;:false,&quot;dots&quot;:true,&quot;autoplay&quot;:false,&quot;autoplayTimeout&quot;:&quot;5000&quot;,&quot;autoplaySpeed&quot;:&quot;200&quot;,&quot;autoplayHoverPause&quot;:true,&quot;loop&quot;:true,&quot;margin&quot;:20,&quot;responsive&quot;:{&quot;0&quot;:{&quot;items&quot;:1},&quot;480&quot;:{&quot;items&quot;:1},&quot;768&quot;:{&quot;items&quot;:2},&quot;992&quot;:{&quot;items&quot;:2},&quot;1200&quot;:{&quot;items&quot;:2}}}\">\n\t\t\t\t\t\t\t\t\t\t\t\t\t\t\t\t\t\t\t\t\t<div class=\"rt-vc-item media\">\n\t\t\t\t\t\t\t<div class=\"pull-left rt-vc-img\">\n\t\t\t\t\t\t\t\t<img loading=\"lazy\" decoding=\"async\" width=\"103\" height=\"103\" src=\"https:\/\/atrinis.com\/club\/medias\/2017\/01\/client_04.jpg\" class=\"attachment-thumbnail size-thumbnail wp-post-image\" alt=\"\" \/>\t\t\t\t\t\t\t<\/div>\n\t\t\t\t\t\t\t<div class=\"media-body rt-vc-content\">\n\t\t\t\t\t\t\t\t<h3>Arlette\t\t\t\t\t\t\t\t\t\t\t\t\t\t\t\t\t\t\t<span> \/ G\u00e9rante de Club<\/span>\n\t\t\t\t\t\t\t\t\t\t\t\t\t\t\t\t\t<\/h3>\n\t\t\t\t\t\t\t\t<div class=\"wpb-content-wrapper\"><p>[vc_row][vc_column][vc_column_text]Le Club se porte bien nous sommes toujours et encore le premier club du Val de Marne en nombre d&#8221;adh\u00e9rents et op\u00e9rationnel gr\u00e2ce \u00e0 notre site.<br \/>\nEquipe tr\u00e8s conviviale et nous avons tripl\u00e9 le nombre de pr\u00e9sents aux activit\u00e9s !<br \/>\n[\/vc_column_text][\/vc_column][\/vc_row]<\/p>\n<\/div>\t\t\t\t\t\t\t<\/div>\n\t\t\t\t\t\t<\/div>\n\t\t\t\t\t\t\t\t\t\t\t\t\t\t\t\t\t<div class=\"rt-vc-item media\">\n\t\t\t\t\t\t\t<div class=\"pull-left rt-vc-img\">\n\t\t\t\t\t\t\t\t<img loading=\"lazy\" decoding=\"async\" width=\"103\" height=\"103\" src=\"https:\/\/atrinis.com\/club\/medias\/2017\/01\/client_02.jpg\" class=\"attachment-thumbnail size-thumbnail wp-post-image\" alt=\"\" \/>\t\t\t\t\t\t\t<\/div>\n\t\t\t\t\t\t\t<div class=\"media-body rt-vc-content\">\n\t\t\t\t\t\t\t\t<h3>Tahmid Mohir\t\t\t\t\t\t\t\t\t\t\t\t\t\t\t\t\t\t\t<span> \/ Animateur<\/span>\n\t\t\t\t\t\t\t\t\t\t\t\t\t\t\t\t\t<\/h3>\n\t\t\t\t\t\t\t\t<div class=\"wpb-content-wrapper\"><p>[vc_row][vc_column][vc_column_text]Vous aussi et n&#8217;importe quel adh\u00e9rent ou internaute ont la possibilit\u00e9 de laisser un commentaire ou une appr\u00e9ciation sur le cours, produit, animateur tr\u00e8s simplement.[\/vc_column_text][\/vc_column][\/vc_row]<\/p>\n<\/div>\t\t\t\t\t\t\t<\/div>\n\t\t\t\t\t\t<\/div>\n\t\t\t\t\t\t\t\t\t\t\t\t\t\t\t\t\t<div class=\"rt-vc-item media\">\n\t\t\t\t\t\t\t<div class=\"pull-left rt-vc-img\">\n\t\t\t\t\t\t\t\t<img loading=\"lazy\" decoding=\"async\" width=\"103\" height=\"103\" src=\"https:\/\/atrinis.com\/club\/medias\/2017\/01\/client_01.jpg\" class=\"attachment-thumbnail size-thumbnail wp-post-image\" alt=\"\" \/>\t\t\t\t\t\t\t<\/div>\n\t\t\t\t\t\t\t<div class=\"media-body rt-vc-content\">\n\t\t\t\t\t\t\t\t<h3>Fran\u00e7oise Jisa\t\t\t\t\t\t\t\t\t\t\t\t\t\t\t\t\t\t\t<span> \/ Internaute<\/span>\n\t\t\t\t\t\t\t\t\t\t\t\t\t\t\t\t\t<\/h3>\n\t\t\t\t\t\t\t\t<div class=\"wpb-content-wrapper\"><p>[vc_row][vc_column][vc_column_text]Vous aussi et n&#8217;importe quel adh\u00e9rent ou internaute ont la possibilit\u00e9 de laisser un commentaire ou une appr\u00e9ciation sur le cours, produit, animateur tr\u00e8s simplement.[\/vc_column_text][\/vc_column][\/vc_row]<\/p>\n<\/div>\t\t\t\t\t\t\t<\/div>\n\t\t\t\t\t\t<\/div>\n\t\t\t\t\t\t\t\t\t\t\t\t\t\t\t\t\t<div class=\"rt-vc-item media\">\n\t\t\t\t\t\t\t<div class=\"pull-left rt-vc-img\">\n\t\t\t\t\t\t\t\t<img loading=\"lazy\" decoding=\"async\" width=\"103\" height=\"103\" src=\"https:\/\/atrinis.com\/club\/medias\/2016\/11\/client2.jpg\" class=\"attachment-thumbnail size-thumbnail wp-post-image\" alt=\"\" \/>\t\t\t\t\t\t\t<\/div>\n\t\t\t\t\t\t\t<div class=\"media-body rt-vc-content\">\n\t\t\t\t\t\t\t\t<h3>David FORET\t\t\t\t\t\t\t\t\t\t\t\t\t\t\t\t\t\t\t<span> \/ Adh\u00e9rent<\/span>\n\t\t\t\t\t\t\t\t\t\t\t\t\t\t\t\t\t<\/h3>\n\t\t\t\t\t\t\t\t<div class=\"wpb-content-wrapper\"><p>[vc_row][vc_column][vc_column_text]Vous aussi et n&#8217;importe quel adh\u00e9rent ou internaute ont la possibilit\u00e9 de laisser un commentaire ou une appr\u00e9ciation sur le cours, produit, animateur tr\u00e8s simplement.[\/vc_column_text][\/vc_column][\/vc_row]<\/p>\n<\/div>\t\t\t\t\t\t\t<\/div>\n\t\t\t\t\t\t<\/div>\n\t\t\t\t\t\t\t\t\t\t\t\t\t\t\t\t<\/div>\n\t\t<\/div>\n\t<\/div>\n<\/div>[\/vc_column][\/vc_row]<\/p>\n<\/div>","protected":false},"excerpt":{"rendered":"<p>[vc_row][vc_column][\/vc_column][\/vc_row]<\/p>\n","protected":false},"author":1,"featured_media":0,"parent":0,"menu_order":0,"comment_status":"closed","ping_status":"closed","template":"","meta":{"footnotes":""},"class_list":["post-233","page","type-page","status-publish","hentry"],"yoast_head":"<!-- This site is optimized with the Yoast SEO Premium plugin v18.3 (Yoast SEO v27.0) - https:\/\/yoast.com\/product\/yoast-seo-premium-wordpress\/ -->\n<title>Avis style 1 | SPORT&#039;ASSOC<\/title>\n<meta name=\"robots\" content=\"index, follow, max-snippet:-1, max-image-preview:large, max-video-preview:-1\" \/>\n<link rel=\"canonical\" href=\"https:\/\/atrinis.com\/club\/avis-style-1\/\" \/>\n<meta property=\"og:locale\" content=\"fr_FR\" \/>\n<meta property=\"og:type\" content=\"article\" \/>\n<meta property=\"og:title\" content=\"Avis style 1\" \/>\n<meta property=\"og:description\" content=\"[vc_row][vc_column][\/vc_column][\/vc_row]\" \/>\n<meta property=\"og:url\" content=\"https:\/\/atrinis.com\/club\/avis-style-1\/\" \/>\n<meta property=\"og:site_name\" content=\"SPORT&#039;ASSOC\" \/>\n<meta property=\"article:modified_time\" content=\"2020-03-05T09:27:35+00:00\" \/>\n<meta name=\"twitter:card\" content=\"summary_large_image\" \/>\n<script type=\"application\/ld+json\" class=\"yoast-schema-graph\">{\"@context\":\"https:\/\/schema.org\",\"@graph\":[{\"@type\":\"WebPage\",\"@id\":\"https:\/\/atrinis.com\/club\/avis-style-1\/\",\"url\":\"https:\/\/atrinis.com\/club\/avis-style-1\/\",\"name\":\"Avis style 1 | SPORT&#039;ASSOC\",\"isPartOf\":{\"@id\":\"https:\/\/atrinis.com\/club\/#website\"},\"datePublished\":\"2016-11-22T04:40:44+00:00\",\"dateModified\":\"2020-03-05T09:27:35+00:00\",\"breadcrumb\":{\"@id\":\"https:\/\/atrinis.com\/club\/avis-style-1\/#breadcrumb\"},\"inLanguage\":\"fr-FR\",\"potentialAction\":[{\"@type\":\"ReadAction\",\"target\":[\"https:\/\/atrinis.com\/club\/avis-style-1\/\"]}]},{\"@type\":\"BreadcrumbList\",\"@id\":\"https:\/\/atrinis.com\/club\/avis-style-1\/#breadcrumb\",\"itemListElement\":[{\"@type\":\"ListItem\",\"position\":1,\"name\":\"Home\",\"item\":\"https:\/\/atrinis.com\/club\/\"},{\"@type\":\"ListItem\",\"position\":2,\"name\":\"Avis style 1\"}]},{\"@type\":\"WebSite\",\"@id\":\"https:\/\/atrinis.com\/club\/#website\",\"url\":\"https:\/\/atrinis.com\/club\/\",\"name\":\"SPORT'ASSOC\",\"description\":\"Progiciel pour Clubs de Sport &amp; Associations Sportives - DEMO\",\"publisher\":{\"@id\":\"https:\/\/atrinis.com\/club\/#organization\"},\"potentialAction\":[{\"@type\":\"SearchAction\",\"target\":{\"@type\":\"EntryPoint\",\"urlTemplate\":\"https:\/\/atrinis.com\/club\/?s={search_term_string}\"},\"query-input\":{\"@type\":\"PropertyValueSpecification\",\"valueRequired\":true,\"valueName\":\"search_term_string\"}}],\"inLanguage\":\"fr-FR\"},{\"@type\":\"Organization\",\"@id\":\"https:\/\/atrinis.com\/club\/#organization\",\"name\":\"SPORT'ASSOC\",\"url\":\"https:\/\/atrinis.com\/club\/\",\"logo\":{\"@type\":\"ImageObject\",\"inLanguage\":\"fr-FR\",\"@id\":\"https:\/\/atrinis.com\/club\/#\/schema\/logo\/image\/\",\"url\":\"https:\/\/atrinis.com\/club\/medias\/2020\/03\/SPORTASSOC-Logo-Club-de-Sport-ATRINIS-SaaS-E-commerce.png\",\"contentUrl\":\"https:\/\/atrinis.com\/club\/medias\/2020\/03\/SPORTASSOC-Logo-Club-de-Sport-ATRINIS-SaaS-E-commerce.png\",\"width\":1183,\"height\":306,\"caption\":\"SPORT'ASSOC\"},\"image\":{\"@id\":\"https:\/\/atrinis.com\/club\/#\/schema\/logo\/image\/\"}}]}<\/script>\n<!-- \/ Yoast SEO Premium plugin. -->","yoast_head_json":{"title":"Avis style 1 | SPORT&#039;ASSOC","robots":{"index":"index","follow":"follow","max-snippet":"max-snippet:-1","max-image-preview":"max-image-preview:large","max-video-preview":"max-video-preview:-1"},"canonical":"https:\/\/atrinis.com\/club\/avis-style-1\/","og_locale":"fr_FR","og_type":"article","og_title":"Avis style 1","og_description":"[vc_row][vc_column][\/vc_column][\/vc_row]","og_url":"https:\/\/atrinis.com\/club\/avis-style-1\/","og_site_name":"SPORT&#039;ASSOC","article_modified_time":"2020-03-05T09:27:35+00:00","twitter_card":"summary_large_image","schema":{"@context":"https:\/\/schema.org","@graph":[{"@type":"WebPage","@id":"https:\/\/atrinis.com\/club\/avis-style-1\/","url":"https:\/\/atrinis.com\/club\/avis-style-1\/","name":"Avis style 1 | SPORT&#039;ASSOC","isPartOf":{"@id":"https:\/\/atrinis.com\/club\/#website"},"datePublished":"2016-11-22T04:40:44+00:00","dateModified":"2020-03-05T09:27:35+00:00","breadcrumb":{"@id":"https:\/\/atrinis.com\/club\/avis-style-1\/#breadcrumb"},"inLanguage":"fr-FR","potentialAction":[{"@type":"ReadAction","target":["https:\/\/atrinis.com\/club\/avis-style-1\/"]}]},{"@type":"BreadcrumbList","@id":"https:\/\/atrinis.com\/club\/avis-style-1\/#breadcrumb","itemListElement":[{"@type":"ListItem","position":1,"name":"Home","item":"https:\/\/atrinis.com\/club\/"},{"@type":"ListItem","position":2,"name":"Avis style 1"}]},{"@type":"WebSite","@id":"https:\/\/atrinis.com\/club\/#website","url":"https:\/\/atrinis.com\/club\/","name":"SPORT'ASSOC","description":"Progiciel pour Clubs de Sport &amp; Associations Sportives - DEMO","publisher":{"@id":"https:\/\/atrinis.com\/club\/#organization"},"potentialAction":[{"@type":"SearchAction","target":{"@type":"EntryPoint","urlTemplate":"https:\/\/atrinis.com\/club\/?s={search_term_string}"},"query-input":{"@type":"PropertyValueSpecification","valueRequired":true,"valueName":"search_term_string"}}],"inLanguage":"fr-FR"},{"@type":"Organization","@id":"https:\/\/atrinis.com\/club\/#organization","name":"SPORT'ASSOC","url":"https:\/\/atrinis.com\/club\/","logo":{"@type":"ImageObject","inLanguage":"fr-FR","@id":"https:\/\/atrinis.com\/club\/#\/schema\/logo\/image\/","url":"https:\/\/atrinis.com\/club\/medias\/2020\/03\/SPORTASSOC-Logo-Club-de-Sport-ATRINIS-SaaS-E-commerce.png","contentUrl":"https:\/\/atrinis.com\/club\/medias\/2020\/03\/SPORTASSOC-Logo-Club-de-Sport-ATRINIS-SaaS-E-commerce.png","width":1183,"height":306,"caption":"SPORT'ASSOC"},"image":{"@id":"https:\/\/atrinis.com\/club\/#\/schema\/logo\/image\/"}}]}},"_links":{"self":[{"href":"https:\/\/atrinis.com\/club\/wp-json\/wp\/v2\/pages\/233","targetHints":{"allow":["GET"]}}],"collection":[{"href":"https:\/\/atrinis.com\/club\/wp-json\/wp\/v2\/pages"}],"about":[{"href":"https:\/\/atrinis.com\/club\/wp-json\/wp\/v2\/types\/page"}],"author":[{"embeddable":true,"href":"https:\/\/atrinis.com\/club\/wp-json\/wp\/v2\/users\/1"}],"replies":[{"embeddable":true,"href":"https:\/\/atrinis.com\/club\/wp-json\/wp\/v2\/comments?post=233"}],"version-history":[{"count":1,"href":"https:\/\/atrinis.com\/club\/wp-json\/wp\/v2\/pages\/233\/revisions"}],"predecessor-version":[{"id":2927,"href":"https:\/\/atrinis.com\/club\/wp-json\/wp\/v2\/pages\/233\/revisions\/2927"}],"wp:attachment":[{"href":"https:\/\/atrinis.com\/club\/wp-json\/wp\/v2\/media?parent=233"}],"curies":[{"name":"wp","href":"https:\/\/api.w.org\/{rel}","templated":true}]}}