{"id":1819,"date":"2016-12-09T12:08:41","date_gmt":"2016-12-09T12:08:41","guid":{"rendered":"https:\/\/atrinis.com\/club\/?page_id=1819"},"modified":"2020-03-18T09:38:52","modified_gmt":"2020-03-18T08:38:52","slug":"product-slider-1","status":"publish","type":"page","link":"https:\/\/atrinis.com\/club\/product-slider-1\/","title":{"rendered":"Diaporama de Produits \/ Service Style 1"},"content":{"rendered":"<div class=\"wpb-content-wrapper\"><p>[vc_row][vc_column]<div class=\"woocommerce\"><div class=\"owl-wrap rt-owl-nav-1 rt-owl-dot-1 related products\">\n\t<div class=\"section-title\">\n\t\t<h2 class=\"owl-custom-nav-title\">MAGASIN EN LIGNE<\/h2>\n\t\t\t\t\t<div class=\"owl-custom-nav\">\n\t\t\t\t<div class=\"owl-prev\"><i class=\"fa fa-angle-left\"><\/i><\/div><div class=\"owl-next\"><i class=\"fa fa-angle-right\"><\/i><\/div>\t\t\t<\/div>\n\t\t\t\t<div class=\"owl-custom-nav-bar\"><\/div>\n\t\t<div class=\"clear\"><\/div>\n\t<\/div>\n\t\t\t<div class=\"owl-theme owl-carousel rt-owl-carousel\" data-carousel-options=\"{&quot;nav&quot;:false,&quot;navText&quot;:[&quot;&lt;i class=&#039;fa fa-angle-left&#039;&gt;&lt;\\\/i&gt;&quot;,&quot;&lt;i class=&#039;fa fa-angle-right&#039;&gt;&lt;\\\/i&gt;&quot;],&quot;dots&quot;:false,&quot;autoplay&quot;:true,&quot;autoplayTimeout&quot;:&quot;5000&quot;,&quot;autoplaySpeed&quot;:&quot;200&quot;,&quot;autoplayHoverPause&quot;:true,&quot;loop&quot;:true,&quot;margin&quot;:20,&quot;responsive&quot;:{&quot;0&quot;:{&quot;items&quot;:1},&quot;480&quot;:{&quot;items&quot;:2},&quot;768&quot;:{&quot;items&quot;:3},&quot;992&quot;:{&quot;items&quot;:4},&quot;1200&quot;:{&quot;items&quot;:4}}}\">\n\t\t\t\t\t\t\t<ul class=\"products\"><li class=\"product type-product post-3828 status-publish first instock product_cat-sport-individuel has-post-thumbnail sold-individually shipping-taxable product-type-simple\">\n\t<div class=\"product-thumb-area\">\n\t<img loading=\"lazy\" decoding=\"async\" width=\"280\" height=\"230\" src=\"https:\/\/atrinis.com\/club\/medias\/2020\/09\/Abonnement-piscine-SPORTASSOC-Logiciel-pour-clubs-et-Associations-de-sport-280x230.jpg\" class=\"attachment-woocommerce_thumbnail size-woocommerce_thumbnail\" alt=\"Abonnement trimestriel Piscine\" \/>\t\t\t<div class=\"overlay\"><\/div>\n\t\t<div class=\"product-info\">\n\t\t\t<ul>\n\t\t\t\t\t\t\t\t\t<li><a href=\"\" class=\"yith-wcqv-button\" data-product_id=\"3828\"><i class=\"fa fa-search\"><\/i><\/a><\/li>\n\t\t\t\t\t\t\t\t\t\t\t\t\t                    <li>\n                        <a href=\"https:\/\/atrinis.com\/club\/liste-de-souhaits\/\" title=\"Add to Wishlist\" rel=\"nofollow\" data-product-id=\"3828\" data-title-after=\"Aleady exists in Wishlist! Click here to view Wishlist\" class=\"rdtheme-wishlist-icon rdtheme-add-to-wishlist\" data-nonce=\"9fe9629ade\" target=\"_blank\">\n                        <i class=\"wishlist-icon fa fa-heart\"><\/i>                        <\/a>\n                    <\/li>\n\t\t\t\t\t\t\t<\/ul>\n\t\t<\/div>\n\t<\/div><div class=\"product-info-area\"><h3><a href=\"https:\/\/atrinis.com\/club\/produit\/abonnement-trimestriel-piscine\/\" class=\"woocommerce-LoopProduct-link\">Abonnement trimestriel Piscine<\/a><\/h3>\n<a href=\"https:\/\/atrinis.com\/club\/produit\/abonnement-trimestriel-piscine\/\" aria-describedby=\"woocommerce_loop_add_to_cart_link_describedby_3828\" data-quantity=\"1\" class=\"button product_type_simple\" data-product_id=\"3828\" data-product_sku=\"\" aria-label=\"En savoir plus sur &ldquo;Abonnement trimestriel Piscine&rdquo;\" rel=\"nofollow\" data-success_message=\"\">Lire la suite<\/a>\t<span id=\"woocommerce_loop_add_to_cart_link_describedby_3828\" class=\"screen-reader-text\">\n\t\t\t<\/span>\n<\/div><div class=\"clear\"><\/div><a href=\"#\" class=\"button yith-wcqv-button\" data-product_id=\"3828\">Vue simplifi\u00e9e<\/a><\/li>\n<\/ul>\n\t\t\t\t\t\t\t<ul class=\"products\"><li class=\"product type-product post-3047 status-publish instock product_cat-fitness product_cat-sport-individuel product_tag-cardio product_tag-maitrise has-post-thumbnail sold-individually shipping-taxable purchasable product-type-variable\">\n\t<div class=\"product-thumb-area\">\n\t<img loading=\"lazy\" decoding=\"async\" width=\"280\" height=\"230\" src=\"https:\/\/atrinis.com\/club\/medias\/2020\/03\/SPORTASSOC-Body-Femme-Homme-Clubs-sportifs-Association-de-Sport-ATRINIS-SaaS-E-commerce-280x230.jpg\" class=\"attachment-woocommerce_thumbnail size-woocommerce_thumbnail\" alt=\"Body Building\" \/>\t\t\t<div class=\"overlay\"><\/div>\n\t\t<div class=\"product-info\">\n\t\t\t<ul>\n\t\t\t\t\t\t\t\t\t<li><a href=\"\" class=\"yith-wcqv-button\" data-product_id=\"3047\"><i class=\"fa fa-search\"><\/i><\/a><\/li>\n\t\t\t\t\t\t\t\t\t\t\t\t\t                    <li>\n                        <a href=\"https:\/\/atrinis.com\/club\/liste-de-souhaits\/\" title=\"Add to Wishlist\" rel=\"nofollow\" data-product-id=\"3047\" data-title-after=\"Aleady exists in Wishlist! Click here to view Wishlist\" class=\"rdtheme-wishlist-icon rdtheme-add-to-wishlist\" data-nonce=\"9fe9629ade\" target=\"_blank\">\n                        <i class=\"wishlist-icon fa fa-heart\"><\/i>                        <\/a>\n                    <\/li>\n\t\t\t\t\t\t\t<\/ul>\n\t\t<\/div>\n\t<\/div><div class=\"product-info-area\"><h3><a href=\"https:\/\/atrinis.com\/club\/produit\/body-building\/\" class=\"woocommerce-LoopProduct-link\">Body Building<\/a><\/h3>\n\t<span class=\"price\">A partir de : <span class=\"woocommerce-Price-amount amount\"><bdi>45,00&nbsp;<span class=\"woocommerce-Price-currencySymbol\">\u20ac TTC<\/span><\/bdi><\/span><\/span>\n<a href=\"https:\/\/atrinis.com\/club\/produit\/body-building\/\" aria-describedby=\"woocommerce_loop_add_to_cart_link_describedby_3047\" data-quantity=\"1\" class=\"button product_type_variable add_to_cart_button\" data-product_id=\"3047\" data-product_sku=\"\" aria-label=\"S\u00e9lectionner les options pour &ldquo;Body Building&rdquo;\" rel=\"nofollow\">Choix des horaires<\/a>\t<span id=\"woocommerce_loop_add_to_cart_link_describedby_3047\" class=\"screen-reader-text\">\n\t\tCe produit a plusieurs variations. Les options peuvent \u00eatre choisies sur la page du produit\t<\/span>\n<\/div><div class=\"clear\"><\/div><a href=\"#\" class=\"button yith-wcqv-button\" data-product_id=\"3047\">Vue simplifi\u00e9e<\/a><\/li>\n<\/ul>\n\t\t\t\t\t\t\t<ul class=\"products\"><li class=\"product type-product post-3034 status-publish last instock product_cat-sport-individuel product_tag-cardio product_tag-maitrise has-post-thumbnail shipping-taxable purchasable product-type-variable\">\n\t<div class=\"product-thumb-area\">\n\t<img loading=\"lazy\" decoding=\"async\" width=\"280\" height=\"230\" src=\"https:\/\/atrinis.com\/club\/medias\/2017\/06\/SPORTASSOC-Karate-Groupe-Club-Association-de-Sport-ATRINIS-SaaS-E-commerce-280x230.jpg\" class=\"attachment-woocommerce_thumbnail size-woocommerce_thumbnail\" alt=\"Karat\u00e9\" \/>\t\t\t<div class=\"overlay\"><\/div>\n\t\t<div class=\"product-info\">\n\t\t\t<ul>\n\t\t\t\t\t\t\t\t\t<li><a href=\"\" class=\"yith-wcqv-button\" data-product_id=\"3034\"><i class=\"fa fa-search\"><\/i><\/a><\/li>\n\t\t\t\t\t\t\t\t\t\t\t\t\t                    <li>\n                        <a href=\"https:\/\/atrinis.com\/club\/liste-de-souhaits\/\" title=\"Add to Wishlist\" rel=\"nofollow\" data-product-id=\"3034\" data-title-after=\"Aleady exists in Wishlist! Click here to view Wishlist\" class=\"rdtheme-wishlist-icon rdtheme-add-to-wishlist\" data-nonce=\"9fe9629ade\" target=\"_blank\">\n                        <i class=\"wishlist-icon fa fa-heart\"><\/i>                        <\/a>\n                    <\/li>\n\t\t\t\t\t\t\t<\/ul>\n\t\t<\/div>\n\t<\/div><div class=\"product-info-area\"><h3><a href=\"https:\/\/atrinis.com\/club\/produit\/karate\/\" class=\"woocommerce-LoopProduct-link\">Karat\u00e9<\/a><\/h3>\n\t<span class=\"price\"><span class=\"woocommerce-Price-amount amount\"><bdi>90,00&nbsp;<span class=\"woocommerce-Price-currencySymbol\">\u20ac TTC<\/span><\/bdi><\/span><\/span>\n<a href=\"https:\/\/atrinis.com\/club\/produit\/karate\/\" aria-describedby=\"woocommerce_loop_add_to_cart_link_describedby_3034\" data-quantity=\"1\" class=\"button product_type_variable add_to_cart_button\" data-product_id=\"3034\" data-product_sku=\"\" aria-label=\"S\u00e9lectionner les options pour &ldquo;Karat\u00e9&rdquo;\" rel=\"nofollow\">Choix des horaires<\/a>\t<span id=\"woocommerce_loop_add_to_cart_link_describedby_3034\" class=\"screen-reader-text\">\n\t\tCe produit a plusieurs variations. Les options peuvent \u00eatre choisies sur la page du produit\t<\/span>\n<\/div><div class=\"clear\"><\/div><a href=\"#\" class=\"button yith-wcqv-button\" data-product_id=\"3034\">Vue simplifi\u00e9e<\/a><\/li>\n<\/ul>\n\t\t\t\t\t\t\t<ul class=\"products\"><li class=\"product type-product post-3035 status-publish first instock product_cat-sport-individuel product_tag-cardio product_tag-endurance has-post-thumbnail sold-individually shipping-taxable purchasable product-type-variable\">\n\t<div class=\"product-thumb-area\">\n\t<img loading=\"lazy\" decoding=\"async\" width=\"280\" height=\"230\" src=\"https:\/\/atrinis.com\/club\/medias\/2020\/03\/SPORTASSOC-Aquatique-Piscine-Homme-activit\u00e9-sportives-Association-de-Sport-ATRINIS-SaaS-E-commerce-280x230.jpg\" class=\"attachment-woocommerce_thumbnail size-woocommerce_thumbnail\" alt=\"Gym en Piscine\" \/>\t\t\t<div class=\"overlay\"><\/div>\n\t\t<div class=\"product-info\">\n\t\t\t<ul>\n\t\t\t\t\t\t\t\t\t<li><a href=\"\" class=\"yith-wcqv-button\" data-product_id=\"3035\"><i class=\"fa fa-search\"><\/i><\/a><\/li>\n\t\t\t\t\t\t\t\t\t\t\t\t\t                    <li>\n                        <a href=\"https:\/\/atrinis.com\/club\/liste-de-souhaits\/\" title=\"Add to Wishlist\" rel=\"nofollow\" data-product-id=\"3035\" data-title-after=\"Aleady exists in Wishlist! Click here to view Wishlist\" class=\"rdtheme-wishlist-icon rdtheme-add-to-wishlist\" data-nonce=\"9fe9629ade\" target=\"_blank\">\n                        <i class=\"wishlist-icon fa fa-heart\"><\/i>                        <\/a>\n                    <\/li>\n\t\t\t\t\t\t\t<\/ul>\n\t\t<\/div>\n\t<\/div><div class=\"product-info-area\"><h3><a href=\"https:\/\/atrinis.com\/club\/produit\/gym-en-piscine\/\" class=\"woocommerce-LoopProduct-link\">Gym en Piscine<\/a><\/h3>\n\t<span class=\"price\">A partir de : <span class=\"woocommerce-Price-amount amount\"><bdi>99,00&nbsp;<span class=\"woocommerce-Price-currencySymbol\">\u20ac TTC<\/span><\/bdi><\/span><\/span>\n<a href=\"https:\/\/atrinis.com\/club\/produit\/gym-en-piscine\/\" aria-describedby=\"woocommerce_loop_add_to_cart_link_describedby_3035\" data-quantity=\"1\" class=\"button product_type_variable add_to_cart_button\" data-product_id=\"3035\" data-product_sku=\"\" aria-label=\"S\u00e9lectionner les options pour &ldquo;Gym en Piscine&rdquo;\" rel=\"nofollow\">Choix des horaires<\/a>\t<span id=\"woocommerce_loop_add_to_cart_link_describedby_3035\" class=\"screen-reader-text\">\n\t\tCe produit a plusieurs variations. Les options peuvent \u00eatre choisies sur la page du produit\t<\/span>\n<\/div><div class=\"clear\"><\/div><a href=\"#\" class=\"button yith-wcqv-button\" data-product_id=\"3035\">Vue simplifi\u00e9e<\/a><\/li>\n<\/ul>\n\t\t\t\t\t\t\t<ul class=\"products\"><li class=\"product type-product post-3125 status-publish instock product_cat-licence product_tag-licence has-post-thumbnail featured shipping-taxable purchasable product-type-simple\">\n\t<div class=\"product-thumb-area\">\n\t<img loading=\"lazy\" decoding=\"async\" width=\"280\" height=\"230\" src=\"https:\/\/atrinis.com\/club\/medias\/2020\/03\/SPORTASSOC-Point-de-vente-LICENCE-Clubs-sportifs-Association-de-Sport-ATRINIS-SaaS-E-commerce-280x230.jpg\" class=\"attachment-woocommerce_thumbnail size-woocommerce_thumbnail\" alt=\"LICENCE ANNUELLE\" \/>\t\t\t<div class=\"overlay\"><\/div>\n\t\t<div class=\"product-info\">\n\t\t\t<ul>\n\t\t\t\t\t\t\t\t\t<li><a href=\"\" class=\"yith-wcqv-button\" data-product_id=\"3125\"><i class=\"fa fa-search\"><\/i><\/a><\/li>\n\t\t\t\t\t\t\t\t\t\t\t\t\t                    <li>\n                        <a href=\"https:\/\/atrinis.com\/club\/liste-de-souhaits\/\" title=\"Add to Wishlist\" rel=\"nofollow\" data-product-id=\"3125\" data-title-after=\"Aleady exists in Wishlist! Click here to view Wishlist\" class=\"rdtheme-wishlist-icon rdtheme-add-to-wishlist\" data-nonce=\"9fe9629ade\" target=\"_blank\">\n                        <i class=\"wishlist-icon fa fa-heart\"><\/i>                        <\/a>\n                    <\/li>\n\t\t\t\t\t\t\t<\/ul>\n\t\t<\/div>\n\t<\/div><div class=\"product-info-area\"><h3><a href=\"https:\/\/atrinis.com\/club\/produit\/licence-annuelle\/\" class=\"woocommerce-LoopProduct-link\">LICENCE ANNUELLE<\/a><\/h3>\n\t<span class=\"price\"><span class=\"woocommerce-Price-amount amount\"><bdi>28,00&nbsp;<span class=\"woocommerce-Price-currencySymbol\">\u20ac TTC<\/span><\/bdi><\/span><\/span>\n<a href=\"\/club\/wp-json\/wp\/v2\/pages\/1819?add-to-cart=3125\" aria-describedby=\"woocommerce_loop_add_to_cart_link_describedby_3125\" data-quantity=\"1\" class=\"button product_type_simple add_to_cart_button ajax_add_to_cart\" data-product_id=\"3125\" data-product_sku=\"\" aria-label=\"Ajouter au panier\u00a0: &ldquo;LICENCE ANNUELLE&rdquo;\" rel=\"nofollow\" data-success_message=\"\u00ab\u00a0LICENCE ANNUELLE\u00a0\u00bb a \u00e9t\u00e9 ajout\u00e9 \u00e0 votre panier\" role=\"button\">Ajouter au panier<\/a>\t<span id=\"woocommerce_loop_add_to_cart_link_describedby_3125\" class=\"screen-reader-text\">\n\t\t\t<\/span>\n<\/div><div class=\"clear\"><\/div><a href=\"#\" class=\"button yith-wcqv-button\" data-product_id=\"3125\">Vue simplifi\u00e9e<\/a><\/li>\n<\/ul>\n\t\t\t\t\t\t\t<ul class=\"products\"><li class=\"product type-product post-2594 status-publish last instock product_cat-sport-individuel product_tag-cardio product_tag-poids has-post-thumbnail sale shipping-taxable purchasable product-type-simple\">\n\t<div class=\"product-thumb-area\">\n\t\n\t<span class=\"onsale\">Promo\u00a0!<\/span>\n\t<img loading=\"lazy\" decoding=\"async\" width=\"280\" height=\"230\" src=\"https:\/\/atrinis.com\/club\/medias\/2017\/06\/ATRINIS-Vente-en-Ligne-Clubs-de-Sport-Associations-Sportives-Bowling-280x230.jpg\" class=\"attachment-woocommerce_thumbnail size-woocommerce_thumbnail\" alt=\"Bowling\" \/>\t\t\t<div class=\"overlay\"><\/div>\n\t\t<div class=\"product-info\">\n\t\t\t<ul>\n\t\t\t\t\t\t\t\t\t<li><a href=\"\" class=\"yith-wcqv-button\" data-product_id=\"2594\"><i class=\"fa fa-search\"><\/i><\/a><\/li>\n\t\t\t\t\t\t\t\t\t\t\t\t\t                    <li>\n                        <a href=\"https:\/\/atrinis.com\/club\/liste-de-souhaits\/\" title=\"Add to Wishlist\" rel=\"nofollow\" data-product-id=\"2594\" data-title-after=\"Aleady exists in Wishlist! Click here to view Wishlist\" class=\"rdtheme-wishlist-icon rdtheme-add-to-wishlist\" data-nonce=\"9fe9629ade\" target=\"_blank\">\n                        <i class=\"wishlist-icon fa fa-heart\"><\/i>                        <\/a>\n                    <\/li>\n\t\t\t\t\t\t\t<\/ul>\n\t\t<\/div>\n\t<\/div><div class=\"product-info-area\"><h3><a href=\"https:\/\/atrinis.com\/club\/produit\/bowling\/\" class=\"woocommerce-LoopProduct-link\">Bowling<\/a><\/h3>\n\t<span class=\"price\"><del aria-hidden=\"true\"><span class=\"woocommerce-Price-amount amount\"><bdi>58,00&nbsp;<span class=\"woocommerce-Price-currencySymbol\">\u20ac TTC<\/span><\/bdi><\/span><\/del> <span class=\"screen-reader-text\">Le prix initial \u00e9tait\u00a0: 58,00&nbsp;\u20ac TTC.<\/span><ins aria-hidden=\"true\"><span class=\"woocommerce-Price-amount amount\"><bdi>53,00&nbsp;<span class=\"woocommerce-Price-currencySymbol\">\u20ac TTC<\/span><\/bdi><\/span><\/ins><span class=\"screen-reader-text\">Le prix actuel est\u00a0: 53,00&nbsp;\u20ac TTC.<\/span><\/span>\n<a href=\"\/club\/wp-json\/wp\/v2\/pages\/1819?add-to-cart=2594\" aria-describedby=\"woocommerce_loop_add_to_cart_link_describedby_2594\" data-quantity=\"1\" class=\"button product_type_simple add_to_cart_button ajax_add_to_cart\" data-product_id=\"2594\" data-product_sku=\"P12345\" aria-label=\"Ajouter au panier\u00a0: &ldquo;Bowling&rdquo;\" rel=\"nofollow\" data-success_message=\"\u00ab\u00a0Bowling\u00a0\u00bb a \u00e9t\u00e9 ajout\u00e9 \u00e0 votre panier\" role=\"button\">Ajouter au panier<\/a>\t<span id=\"woocommerce_loop_add_to_cart_link_describedby_2594\" class=\"screen-reader-text\">\n\t\t\t<\/span>\n<\/div><div class=\"clear\"><\/div><a href=\"#\" class=\"button yith-wcqv-button\" data-product_id=\"2594\">Vue simplifi\u00e9e<\/a><\/li>\n<\/ul>\n\t\t\t\t\t<\/div>\n\t\t<\/div>\n<\/div>[\/vc_column][\/vc_row]<\/p>\n<\/div>","protected":false},"excerpt":{"rendered":"<p>[vc_row][vc_column][\/vc_column][\/vc_row]<\/p>\n","protected":false},"author":1,"featured_media":0,"parent":0,"menu_order":0,"comment_status":"closed","ping_status":"closed","template":"","meta":{"footnotes":""},"class_list":["post-1819","page","type-page","status-publish","hentry"],"yoast_head":"<!-- This site is optimized with the Yoast SEO Premium plugin v18.3 (Yoast SEO v27.0) - https:\/\/yoast.com\/product\/yoast-seo-premium-wordpress\/ -->\n<title>Diaporama de Produits \/ Service Style 1 | SPORT&#039;ASSOC<\/title>\n<meta name=\"robots\" content=\"index, follow, max-snippet:-1, max-image-preview:large, max-video-preview:-1\" \/>\n<link rel=\"canonical\" href=\"https:\/\/atrinis.com\/club\/product-slider-1\/\" \/>\n<meta property=\"og:locale\" content=\"fr_FR\" \/>\n<meta property=\"og:type\" content=\"article\" \/>\n<meta property=\"og:title\" content=\"Diaporama de Produits \/ Service Style 1\" \/>\n<meta property=\"og:description\" content=\"[vc_row][vc_column][\/vc_column][\/vc_row]\" \/>\n<meta property=\"og:url\" content=\"https:\/\/atrinis.com\/club\/product-slider-1\/\" \/>\n<meta property=\"og:site_name\" content=\"SPORT&#039;ASSOC\" \/>\n<meta property=\"article:modified_time\" content=\"2020-03-18T08:38:52+00:00\" \/>\n<meta name=\"twitter:card\" content=\"summary_large_image\" \/>\n<script type=\"application\/ld+json\" class=\"yoast-schema-graph\">{\"@context\":\"https:\/\/schema.org\",\"@graph\":[{\"@type\":\"WebPage\",\"@id\":\"https:\/\/atrinis.com\/club\/product-slider-1\/\",\"url\":\"https:\/\/atrinis.com\/club\/product-slider-1\/\",\"name\":\"Diaporama de Produits \/ Service Style 1 | SPORT&#039;ASSOC\",\"isPartOf\":{\"@id\":\"https:\/\/atrinis.com\/club\/#website\"},\"datePublished\":\"2016-12-09T12:08:41+00:00\",\"dateModified\":\"2020-03-18T08:38:52+00:00\",\"breadcrumb\":{\"@id\":\"https:\/\/atrinis.com\/club\/product-slider-1\/#breadcrumb\"},\"inLanguage\":\"fr-FR\",\"potentialAction\":[{\"@type\":\"ReadAction\",\"target\":[\"https:\/\/atrinis.com\/club\/product-slider-1\/\"]}]},{\"@type\":\"BreadcrumbList\",\"@id\":\"https:\/\/atrinis.com\/club\/product-slider-1\/#breadcrumb\",\"itemListElement\":[{\"@type\":\"ListItem\",\"position\":1,\"name\":\"Home\",\"item\":\"https:\/\/atrinis.com\/club\/\"},{\"@type\":\"ListItem\",\"position\":2,\"name\":\"Diaporama de Produits \/ Service Style 1\"}]},{\"@type\":\"WebSite\",\"@id\":\"https:\/\/atrinis.com\/club\/#website\",\"url\":\"https:\/\/atrinis.com\/club\/\",\"name\":\"SPORT'ASSOC\",\"description\":\"Progiciel pour Clubs de Sport &amp; Associations Sportives - DEMO\",\"publisher\":{\"@id\":\"https:\/\/atrinis.com\/club\/#organization\"},\"potentialAction\":[{\"@type\":\"SearchAction\",\"target\":{\"@type\":\"EntryPoint\",\"urlTemplate\":\"https:\/\/atrinis.com\/club\/?s={search_term_string}\"},\"query-input\":{\"@type\":\"PropertyValueSpecification\",\"valueRequired\":true,\"valueName\":\"search_term_string\"}}],\"inLanguage\":\"fr-FR\"},{\"@type\":\"Organization\",\"@id\":\"https:\/\/atrinis.com\/club\/#organization\",\"name\":\"SPORT'ASSOC\",\"url\":\"https:\/\/atrinis.com\/club\/\",\"logo\":{\"@type\":\"ImageObject\",\"inLanguage\":\"fr-FR\",\"@id\":\"https:\/\/atrinis.com\/club\/#\/schema\/logo\/image\/\",\"url\":\"https:\/\/atrinis.com\/club\/medias\/2020\/03\/SPORTASSOC-Logo-Club-de-Sport-ATRINIS-SaaS-E-commerce.png\",\"contentUrl\":\"https:\/\/atrinis.com\/club\/medias\/2020\/03\/SPORTASSOC-Logo-Club-de-Sport-ATRINIS-SaaS-E-commerce.png\",\"width\":1183,\"height\":306,\"caption\":\"SPORT'ASSOC\"},\"image\":{\"@id\":\"https:\/\/atrinis.com\/club\/#\/schema\/logo\/image\/\"}}]}<\/script>\n<!-- \/ Yoast SEO Premium plugin. -->","yoast_head_json":{"title":"Diaporama de Produits \/ Service Style 1 | SPORT&#039;ASSOC","robots":{"index":"index","follow":"follow","max-snippet":"max-snippet:-1","max-image-preview":"max-image-preview:large","max-video-preview":"max-video-preview:-1"},"canonical":"https:\/\/atrinis.com\/club\/product-slider-1\/","og_locale":"fr_FR","og_type":"article","og_title":"Diaporama de Produits \/ Service Style 1","og_description":"[vc_row][vc_column][\/vc_column][\/vc_row]","og_url":"https:\/\/atrinis.com\/club\/product-slider-1\/","og_site_name":"SPORT&#039;ASSOC","article_modified_time":"2020-03-18T08:38:52+00:00","twitter_card":"summary_large_image","schema":{"@context":"https:\/\/schema.org","@graph":[{"@type":"WebPage","@id":"https:\/\/atrinis.com\/club\/product-slider-1\/","url":"https:\/\/atrinis.com\/club\/product-slider-1\/","name":"Diaporama de Produits \/ Service Style 1 | SPORT&#039;ASSOC","isPartOf":{"@id":"https:\/\/atrinis.com\/club\/#website"},"datePublished":"2016-12-09T12:08:41+00:00","dateModified":"2020-03-18T08:38:52+00:00","breadcrumb":{"@id":"https:\/\/atrinis.com\/club\/product-slider-1\/#breadcrumb"},"inLanguage":"fr-FR","potentialAction":[{"@type":"ReadAction","target":["https:\/\/atrinis.com\/club\/product-slider-1\/"]}]},{"@type":"BreadcrumbList","@id":"https:\/\/atrinis.com\/club\/product-slider-1\/#breadcrumb","itemListElement":[{"@type":"ListItem","position":1,"name":"Home","item":"https:\/\/atrinis.com\/club\/"},{"@type":"ListItem","position":2,"name":"Diaporama de Produits \/ Service Style 1"}]},{"@type":"WebSite","@id":"https:\/\/atrinis.com\/club\/#website","url":"https:\/\/atrinis.com\/club\/","name":"SPORT'ASSOC","description":"Progiciel pour Clubs de Sport &amp; Associations Sportives - DEMO","publisher":{"@id":"https:\/\/atrinis.com\/club\/#organization"},"potentialAction":[{"@type":"SearchAction","target":{"@type":"EntryPoint","urlTemplate":"https:\/\/atrinis.com\/club\/?s={search_term_string}"},"query-input":{"@type":"PropertyValueSpecification","valueRequired":true,"valueName":"search_term_string"}}],"inLanguage":"fr-FR"},{"@type":"Organization","@id":"https:\/\/atrinis.com\/club\/#organization","name":"SPORT'ASSOC","url":"https:\/\/atrinis.com\/club\/","logo":{"@type":"ImageObject","inLanguage":"fr-FR","@id":"https:\/\/atrinis.com\/club\/#\/schema\/logo\/image\/","url":"https:\/\/atrinis.com\/club\/medias\/2020\/03\/SPORTASSOC-Logo-Club-de-Sport-ATRINIS-SaaS-E-commerce.png","contentUrl":"https:\/\/atrinis.com\/club\/medias\/2020\/03\/SPORTASSOC-Logo-Club-de-Sport-ATRINIS-SaaS-E-commerce.png","width":1183,"height":306,"caption":"SPORT'ASSOC"},"image":{"@id":"https:\/\/atrinis.com\/club\/#\/schema\/logo\/image\/"}}]}},"_links":{"self":[{"href":"https:\/\/atrinis.com\/club\/wp-json\/wp\/v2\/pages\/1819","targetHints":{"allow":["GET"]}}],"collection":[{"href":"https:\/\/atrinis.com\/club\/wp-json\/wp\/v2\/pages"}],"about":[{"href":"https:\/\/atrinis.com\/club\/wp-json\/wp\/v2\/types\/page"}],"author":[{"embeddable":true,"href":"https:\/\/atrinis.com\/club\/wp-json\/wp\/v2\/users\/1"}],"replies":[{"embeddable":true,"href":"https:\/\/atrinis.com\/club\/wp-json\/wp\/v2\/comments?post=1819"}],"version-history":[{"count":1,"href":"https:\/\/atrinis.com\/club\/wp-json\/wp\/v2\/pages\/1819\/revisions"}],"predecessor-version":[{"id":3207,"href":"https:\/\/atrinis.com\/club\/wp-json\/wp\/v2\/pages\/1819\/revisions\/3207"}],"wp:attachment":[{"href":"https:\/\/atrinis.com\/club\/wp-json\/wp\/v2\/media?parent=1819"}],"curies":[{"name":"wp","href":"https:\/\/api.w.org\/{rel}","templated":true}]}}