{"id":1780,"date":"2016-12-07T11:14:04","date_gmt":"2016-12-07T10:14:04","guid":{"rendered":"https:\/\/atrinis.com\/club\/my-account\/"},"modified":"2022-01-21T18:25:55","modified_gmt":"2022-01-21T17:25:55","slug":"mon-compte-dans-ce-club","status":"publish","type":"page","link":"https:\/\/atrinis.com\/club\/mon-compte-dans-ce-club\/","title":{"rendered":"Mon compte dans ce Club"},"content":{"rendered":"<div class=\"wpb-content-wrapper\"><p>[vc_row][vc_column][vc_column_text]<span style=\"font-size: 18pt;\">Vous pouvez tester le fonctionnement de SPORT&#8217;ASSOC <span style=\"text-decoration: underline;\">sans aucune forme d\u2019engagement<\/span>.<br \/>\nPour cela, rien de plus simple:<\/span><\/p>\n<ul>\n<li>soit vous vous enregistrez sur le pav\u00e9 de gauche ci-dessous et vous suivez le processus d&#8217;enregistrement,<\/li>\n<li>soit vous passez <a href=\"https:\/\/atrinis.com\/club\/cours\/\">une commande d&#8217;un produit et\/ou d&#8217;un cours<\/a> afin de renseigner votre fiche adh\u00e9rent<\/li>\n<\/ul>\n<p>Comme tous vos futurs adh\u00e9rents feraient, indiquez une adresse courriel valide et accessible pour que la double v\u00e9rification fonctionne et que vous receviez les messages que vos adh\u00e9rents r\u00e9ceptionneront lors de leur adh\u00e9sion.[\/vc_column_text][vc_empty_space][\/vc_column][\/vc_row][vc_row][vc_column]<div class=\"woocommerce\"><\/div>[\/vc_column][\/vc_row]<\/p>\n<\/div>","protected":false},"excerpt":{"rendered":"<p>[vc_row][vc_column][vc_column_text]Vous pouvez tester le fonctionnement de SPORT&#8217;ASSOC sans aucune forme d\u2019engagement. Pour cela, rien de plus simple: soit vous vous enregistrez sur le pav\u00e9 de gauche ci-dessous et vous suivez le processus d&#8217;enregistrement, soit vous passez une commande d&#8217;un produit et\/ou d&#8217;un cours afin de renseigner votre fiche adh\u00e9rent Comme tous vos futurs adh\u00e9rents feraient, [&hellip;]<\/p>\n","protected":false},"author":1,"featured_media":0,"parent":0,"menu_order":0,"comment_status":"closed","ping_status":"closed","template":"","meta":{"footnotes":""},"class_list":["post-1780","page","type-page","status-publish","hentry"],"yoast_head":"<!-- This site is optimized with the Yoast SEO Premium plugin v18.3 (Yoast SEO v27.0) - https:\/\/yoast.com\/product\/yoast-seo-premium-wordpress\/ -->\n<title>Mon compte dans ce Club | SPORT&#039;ASSOC<\/title>\n<meta name=\"robots\" content=\"index, follow, max-snippet:-1, max-image-preview:large, max-video-preview:-1\" \/>\n<link rel=\"canonical\" href=\"https:\/\/atrinis.com\/club\/mon-compte-dans-ce-club\/\" \/>\n<meta property=\"og:locale\" content=\"fr_FR\" \/>\n<meta property=\"og:type\" content=\"article\" \/>\n<meta property=\"og:title\" content=\"Mon compte dans ce Club\" \/>\n<meta property=\"og:description\" content=\"[vc_row][vc_column][vc_column_text]Vous pouvez tester le fonctionnement de SPORT&#8217;ASSOC sans aucune forme d\u2019engagement. Pour cela, rien de plus simple: soit vous vous enregistrez sur le pav\u00e9 de gauche ci-dessous et vous suivez le processus d&#8217;enregistrement, soit vous passez une commande d&#8217;un produit et\/ou d&#8217;un cours afin de renseigner votre fiche adh\u00e9rent Comme tous vos futurs adh\u00e9rents feraient, [&hellip;]\" \/>\n<meta property=\"og:url\" content=\"https:\/\/atrinis.com\/club\/mon-compte-dans-ce-club\/\" \/>\n<meta property=\"og:site_name\" content=\"SPORT&#039;ASSOC\" \/>\n<meta property=\"article:modified_time\" content=\"2022-01-21T17:25:55+00:00\" \/>\n<meta name=\"twitter:card\" content=\"summary_large_image\" \/>\n<meta name=\"twitter:label1\" content=\"Dur\u00e9e de lecture estim\u00e9e\" \/>\n\t<meta name=\"twitter:data1\" content=\"1 minute\" \/>\n<script type=\"application\/ld+json\" class=\"yoast-schema-graph\">{\"@context\":\"https:\/\/schema.org\",\"@graph\":[{\"@type\":\"WebPage\",\"@id\":\"https:\/\/atrinis.com\/club\/mon-compte-dans-ce-club\/\",\"url\":\"https:\/\/atrinis.com\/club\/mon-compte-dans-ce-club\/\",\"name\":\"Mon compte dans ce Club | SPORT&#039;ASSOC\",\"isPartOf\":{\"@id\":\"https:\/\/atrinis.com\/club\/#website\"},\"datePublished\":\"2016-12-07T10:14:04+00:00\",\"dateModified\":\"2022-01-21T17:25:55+00:00\",\"breadcrumb\":{\"@id\":\"https:\/\/atrinis.com\/club\/mon-compte-dans-ce-club\/#breadcrumb\"},\"inLanguage\":\"fr-FR\",\"potentialAction\":[{\"@type\":\"ReadAction\",\"target\":[\"https:\/\/atrinis.com\/club\/mon-compte-dans-ce-club\/\"]}]},{\"@type\":\"BreadcrumbList\",\"@id\":\"https:\/\/atrinis.com\/club\/mon-compte-dans-ce-club\/#breadcrumb\",\"itemListElement\":[{\"@type\":\"ListItem\",\"position\":1,\"name\":\"Home\",\"item\":\"https:\/\/atrinis.com\/club\/\"},{\"@type\":\"ListItem\",\"position\":2,\"name\":\"Mon compte dans ce Club\"}]},{\"@type\":\"WebSite\",\"@id\":\"https:\/\/atrinis.com\/club\/#website\",\"url\":\"https:\/\/atrinis.com\/club\/\",\"name\":\"SPORT'ASSOC\",\"description\":\"Progiciel pour Clubs de Sport &amp; Associations Sportives - DEMO\",\"publisher\":{\"@id\":\"https:\/\/atrinis.com\/club\/#organization\"},\"potentialAction\":[{\"@type\":\"SearchAction\",\"target\":{\"@type\":\"EntryPoint\",\"urlTemplate\":\"https:\/\/atrinis.com\/club\/?s={search_term_string}\"},\"query-input\":{\"@type\":\"PropertyValueSpecification\",\"valueRequired\":true,\"valueName\":\"search_term_string\"}}],\"inLanguage\":\"fr-FR\"},{\"@type\":\"Organization\",\"@id\":\"https:\/\/atrinis.com\/club\/#organization\",\"name\":\"SPORT'ASSOC\",\"url\":\"https:\/\/atrinis.com\/club\/\",\"logo\":{\"@type\":\"ImageObject\",\"inLanguage\":\"fr-FR\",\"@id\":\"https:\/\/atrinis.com\/club\/#\/schema\/logo\/image\/\",\"url\":\"https:\/\/atrinis.com\/club\/medias\/2020\/03\/SPORTASSOC-Logo-Club-de-Sport-ATRINIS-SaaS-E-commerce.png\",\"contentUrl\":\"https:\/\/atrinis.com\/club\/medias\/2020\/03\/SPORTASSOC-Logo-Club-de-Sport-ATRINIS-SaaS-E-commerce.png\",\"width\":1183,\"height\":306,\"caption\":\"SPORT'ASSOC\"},\"image\":{\"@id\":\"https:\/\/atrinis.com\/club\/#\/schema\/logo\/image\/\"}}]}<\/script>\n<!-- \/ Yoast SEO Premium plugin. -->","yoast_head_json":{"title":"Mon compte dans ce Club | SPORT&#039;ASSOC","robots":{"index":"index","follow":"follow","max-snippet":"max-snippet:-1","max-image-preview":"max-image-preview:large","max-video-preview":"max-video-preview:-1"},"canonical":"https:\/\/atrinis.com\/club\/mon-compte-dans-ce-club\/","og_locale":"fr_FR","og_type":"article","og_title":"Mon compte dans ce Club","og_description":"[vc_row][vc_column][vc_column_text]Vous pouvez tester le fonctionnement de SPORT&#8217;ASSOC sans aucune forme d\u2019engagement. Pour cela, rien de plus simple: soit vous vous enregistrez sur le pav\u00e9 de gauche ci-dessous et vous suivez le processus d&#8217;enregistrement, soit vous passez une commande d&#8217;un produit et\/ou d&#8217;un cours afin de renseigner votre fiche adh\u00e9rent Comme tous vos futurs adh\u00e9rents feraient, [&hellip;]","og_url":"https:\/\/atrinis.com\/club\/mon-compte-dans-ce-club\/","og_site_name":"SPORT&#039;ASSOC","article_modified_time":"2022-01-21T17:25:55+00:00","twitter_card":"summary_large_image","twitter_misc":{"Dur\u00e9e de lecture estim\u00e9e":"1 minute"},"schema":{"@context":"https:\/\/schema.org","@graph":[{"@type":"WebPage","@id":"https:\/\/atrinis.com\/club\/mon-compte-dans-ce-club\/","url":"https:\/\/atrinis.com\/club\/mon-compte-dans-ce-club\/","name":"Mon compte dans ce Club | SPORT&#039;ASSOC","isPartOf":{"@id":"https:\/\/atrinis.com\/club\/#website"},"datePublished":"2016-12-07T10:14:04+00:00","dateModified":"2022-01-21T17:25:55+00:00","breadcrumb":{"@id":"https:\/\/atrinis.com\/club\/mon-compte-dans-ce-club\/#breadcrumb"},"inLanguage":"fr-FR","potentialAction":[{"@type":"ReadAction","target":["https:\/\/atrinis.com\/club\/mon-compte-dans-ce-club\/"]}]},{"@type":"BreadcrumbList","@id":"https:\/\/atrinis.com\/club\/mon-compte-dans-ce-club\/#breadcrumb","itemListElement":[{"@type":"ListItem","position":1,"name":"Home","item":"https:\/\/atrinis.com\/club\/"},{"@type":"ListItem","position":2,"name":"Mon compte dans ce Club"}]},{"@type":"WebSite","@id":"https:\/\/atrinis.com\/club\/#website","url":"https:\/\/atrinis.com\/club\/","name":"SPORT'ASSOC","description":"Progiciel pour Clubs de Sport &amp; Associations Sportives - DEMO","publisher":{"@id":"https:\/\/atrinis.com\/club\/#organization"},"potentialAction":[{"@type":"SearchAction","target":{"@type":"EntryPoint","urlTemplate":"https:\/\/atrinis.com\/club\/?s={search_term_string}"},"query-input":{"@type":"PropertyValueSpecification","valueRequired":true,"valueName":"search_term_string"}}],"inLanguage":"fr-FR"},{"@type":"Organization","@id":"https:\/\/atrinis.com\/club\/#organization","name":"SPORT'ASSOC","url":"https:\/\/atrinis.com\/club\/","logo":{"@type":"ImageObject","inLanguage":"fr-FR","@id":"https:\/\/atrinis.com\/club\/#\/schema\/logo\/image\/","url":"https:\/\/atrinis.com\/club\/medias\/2020\/03\/SPORTASSOC-Logo-Club-de-Sport-ATRINIS-SaaS-E-commerce.png","contentUrl":"https:\/\/atrinis.com\/club\/medias\/2020\/03\/SPORTASSOC-Logo-Club-de-Sport-ATRINIS-SaaS-E-commerce.png","width":1183,"height":306,"caption":"SPORT'ASSOC"},"image":{"@id":"https:\/\/atrinis.com\/club\/#\/schema\/logo\/image\/"}}]}},"_links":{"self":[{"href":"https:\/\/atrinis.com\/club\/wp-json\/wp\/v2\/pages\/1780","targetHints":{"allow":["GET"]}}],"collection":[{"href":"https:\/\/atrinis.com\/club\/wp-json\/wp\/v2\/pages"}],"about":[{"href":"https:\/\/atrinis.com\/club\/wp-json\/wp\/v2\/types\/page"}],"author":[{"embeddable":true,"href":"https:\/\/atrinis.com\/club\/wp-json\/wp\/v2\/users\/1"}],"replies":[{"embeddable":true,"href":"https:\/\/atrinis.com\/club\/wp-json\/wp\/v2\/comments?post=1780"}],"version-history":[{"count":23,"href":"https:\/\/atrinis.com\/club\/wp-json\/wp\/v2\/pages\/1780\/revisions"}],"predecessor-version":[{"id":4079,"href":"https:\/\/atrinis.com\/club\/wp-json\/wp\/v2\/pages\/1780\/revisions\/4079"}],"wp:attachment":[{"href":"https:\/\/atrinis.com\/club\/wp-json\/wp\/v2\/media?parent=1780"}],"curies":[{"name":"wp","href":"https:\/\/api.w.org\/{rel}","templated":true}]}}